{"id":1019876,"date":"2025-11-21T09:25:48","date_gmt":"2025-11-21T09:25:48","guid":{"rendered":"https:\/\/fjallraven.dev.mortar.tovarnaidej.com\/?post_type=product&#038;p=1019876"},"modified":"2025-11-27T12:11:05","modified_gmt":"2025-11-27T12:11:05","slug":"farden-necessity-bag","status":"publish","type":"product","link":"https:\/\/fjallraven.dev.mortar.tovarnaidej.com\/sl\/izdelek\/farden-necessity-bag\/","title":{"rendered":"F\u00e4rden Necessity Bag"},"content":{"rendered":"<p>Torba za nu\u017ene stvari s brojnim pretincima za organizaciju Va\u0161e opreme. Izra\u0111ena od izdr\u017eljivog recikliranog poliamida s laminatom i podstavljena recikliranim poliamidom s PU premazom. Lagano podstavljena za za\u0161titu sadr\u017eaja. Pametan dizajn s remenom koji slu\u017ei i kao ru\u010dka, plus kuka za vje\u0161alicu unutra. Unutra \u0107ete prona\u0107i dva d\u017eepa s patentnim zatvara\u010dem, otvoreni d\u017eep na rukavu, tri mre\u017easta rukava i elasti\u010dne petlje savr\u0161ene za \u010detkicu za zube, \u0161minku ili olovke. F\u00e4rden torba za nu\u017ene stvari je obavezna na putovanju.<\/p>\n","protected":false},"excerpt":{"rendered":"<p>Torba za nu\u017ene potrep\u0161tine pametnog dizajna prikladna za toaletne potrep\u0161tine ili druge osnovne potrep\u0161tine. Proizvedeno bez PFAS-a.<\/p>\n","protected":false},"featured_media":1021511,"template":"","meta":[],"product_brand":[463],"product_cat":[156],"product_tag":[584,492,596,579,493,485],"class_list":{"0":"post-1019876","1":"product","2":"type-product","3":"status-publish","4":"has-post-thumbnail","6":"product_brand-travel","7":"product_cat-dodaci","8":"product_tag-dodaci-oprema","9":"product_tag-novcanik-i-male-torbice","10":"product_tag-torbe-2","11":"product_tag-torbice","12":"product_tag-travel","13":"product_tag-unisex","15":"first","16":"outofstock","17":"shipping-taxable","18":"purchasable","19":"product-type-variable"},"_links":{"self":[{"href":"https:\/\/fjallraven.dev.mortar.tovarnaidej.com\/sl\/wp-json\/wp\/v2\/product\/1019876","targetHints":{"allow":["GET"]}}],"collection":[{"href":"https:\/\/fjallraven.dev.mortar.tovarnaidej.com\/sl\/wp-json\/wp\/v2\/product"}],"about":[{"href":"https:\/\/fjallraven.dev.mortar.tovarnaidej.com\/sl\/wp-json\/wp\/v2\/types\/product"}],"version-history":[{"count":1,"href":"https:\/\/fjallraven.dev.mortar.tovarnaidej.com\/sl\/wp-json\/wp\/v2\/product\/1019876\/revisions"}],"predecessor-version":[{"id":1019891,"href":"https:\/\/fjallraven.dev.mortar.tovarnaidej.com\/sl\/wp-json\/wp\/v2\/product\/1019876\/revisions\/1019891"}],"wp:featuredmedia":[{"embeddable":true,"href":"https:\/\/fjallraven.dev.mortar.tovarnaidej.com\/sl\/wp-json\/wp\/v2\/media\/1021511"}],"wp:attachment":[{"href":"https:\/\/fjallraven.dev.mortar.tovarnaidej.com\/sl\/wp-json\/wp\/v2\/media?parent=1019876"}],"wp:term":[{"taxonomy":"product_brand","embeddable":true,"href":"https:\/\/fjallraven.dev.mortar.tovarnaidej.com\/sl\/wp-json\/wp\/v2\/product_brand?post=1019876"},{"taxonomy":"product_cat","embeddable":true,"href":"https:\/\/fjallraven.dev.mortar.tovarnaidej.com\/sl\/wp-json\/wp\/v2\/product_cat?post=1019876"},{"taxonomy":"product_tag","embeddable":true,"href":"https:\/\/fjallraven.dev.mortar.tovarnaidej.com\/sl\/wp-json\/wp\/v2\/product_tag?post=1019876"}],"curies":[{"name":"wp","href":"https:\/\/api.w.org\/{rel}","templated":true}]}}