{"id":1019883,"date":"2025-11-21T09:25:48","date_gmt":"2025-11-21T09:25:48","guid":{"rendered":"https:\/\/fjallraven.dev.mortar.tovarnaidej.com\/?post_type=product&#038;p=1019883"},"modified":"2025-11-27T12:11:04","modified_gmt":"2025-11-27T12:11:04","slug":"ulvo-hip-pack-medium","status":"publish","type":"product","link":"https:\/\/fjallraven.dev.mortar.tovarnaidej.com\/sl\/izdelek\/ulvo-hip-pack-medium\/","title":{"rendered":"Ulv\u00f6 Hip Pack Medium"},"content":{"rendered":"<p>Kada \u017eelite nositi \u0161to manje stvari, Ulv\u00f6 Hip Pack Large nudi kompaktnu pohranu za Va\u0161u opremu. Fj\u00e4llr\u00e4venova izdr\u017eljiva Bergshell tkanina sa 100% recikliranim poliamidom odr\u017eava Va\u0161u opremu suhom, a reflektiraju\u0107i logotip \u010dini Vas vidljivijima. Glavni odjeljak nadopunjuje manji sigurnosni d\u017eep na stra\u017enjoj strani, najbli\u017ei Va\u0161em tijelu, a kompresijske trake ispod tako\u0111er se mogu koristiti za pri\u010dvr\u0161\u0107ivanje jakne ili sli\u010dnog predmeta na torbu. Savr\u0161eno za kra\u0107e planinarenje i putovanja.<\/p>\n","protected":false},"excerpt":{"rendered":"<p>Prakti\u010dna torba za bok od izdr\u017eljive Bergshell tkanine za putovanja i kratke planinarske izlete. Proizvedeno bez PFAS-a.<\/p>\n","protected":false},"featured_media":1021574,"template":"","meta":[],"product_brand":[466],"product_cat":[151],"product_tag":[597,479,499,492,579,485],"class_list":{"0":"post-1019883","1":"product","2":"type-product","3":"status-publish","4":"has-post-thumbnail","6":"product_brand-high-coast","7":"product_cat-ruksaci-i-torbe","8":"product_tag-dnevi-ruksaci","9":"product_tag-everyday-outdoor","10":"product_tag-high-coast","11":"product_tag-novcanik-i-male-torbice","12":"product_tag-torbice","13":"product_tag-unisex","15":"first","16":"outofstock","17":"shipping-taxable","18":"purchasable","19":"product-type-variable"},"_links":{"self":[{"href":"https:\/\/fjallraven.dev.mortar.tovarnaidej.com\/sl\/wp-json\/wp\/v2\/product\/1019883","targetHints":{"allow":["GET"]}}],"collection":[{"href":"https:\/\/fjallraven.dev.mortar.tovarnaidej.com\/sl\/wp-json\/wp\/v2\/product"}],"about":[{"href":"https:\/\/fjallraven.dev.mortar.tovarnaidej.com\/sl\/wp-json\/wp\/v2\/types\/product"}],"version-history":[{"count":1,"href":"https:\/\/fjallraven.dev.mortar.tovarnaidej.com\/sl\/wp-json\/wp\/v2\/product\/1019883\/revisions"}],"predecessor-version":[{"id":1019909,"href":"https:\/\/fjallraven.dev.mortar.tovarnaidej.com\/sl\/wp-json\/wp\/v2\/product\/1019883\/revisions\/1019909"}],"wp:featuredmedia":[{"embeddable":true,"href":"https:\/\/fjallraven.dev.mortar.tovarnaidej.com\/sl\/wp-json\/wp\/v2\/media\/1021574"}],"wp:attachment":[{"href":"https:\/\/fjallraven.dev.mortar.tovarnaidej.com\/sl\/wp-json\/wp\/v2\/media?parent=1019883"}],"wp:term":[{"taxonomy":"product_brand","embeddable":true,"href":"https:\/\/fjallraven.dev.mortar.tovarnaidej.com\/sl\/wp-json\/wp\/v2\/product_brand?post=1019883"},{"taxonomy":"product_cat","embeddable":true,"href":"https:\/\/fjallraven.dev.mortar.tovarnaidej.com\/sl\/wp-json\/wp\/v2\/product_cat?post=1019883"},{"taxonomy":"product_tag","embeddable":true,"href":"https:\/\/fjallraven.dev.mortar.tovarnaidej.com\/sl\/wp-json\/wp\/v2\/product_tag?post=1019883"}],"curies":[{"name":"wp","href":"https:\/\/api.w.org\/{rel}","templated":true}]}}