{"id":1019914,"date":"2025-11-21T09:25:58","date_gmt":"2025-11-21T09:25:58","guid":{"rendered":"https:\/\/fjallraven.dev.mortar.tovarnaidej.com\/?post_type=product&#038;p=1019914"},"modified":"2025-11-27T12:11:04","modified_gmt":"2025-11-27T12:11:04","slug":"kanken-pen-case","status":"publish","type":"product","link":"https:\/\/fjallraven.dev.mortar.tovarnaidej.com\/sl\/izdelek\/kanken-pen-case\/","title":{"rendered":"K\u00e5nken Pen Case"},"content":{"rendered":"<p>Predstavljamo novu futrolu za olovke u K\u00e5nken asortimanu proizvoda. Izra\u0111ena od G-1000 HeavyDuty S materijala, izdr\u017eljiva je i glatka na dodir. Ova svestrana, a opet jednostavna futrola za olovke zauzimat \u0107e samo onoliko prostora koliko je potrebno za ono \u0161to je unutra pohranjeno. Otvor s patentnim zatvara\u010dem s prostorom za nekoliko olovaka i podijeljenim unutarnjim d\u017eepom pogodnim za organiziranje gumica ili \u0161iljila. Om\u010da za tkanje sa strane mo\u017ee se koristiti kao jezi\u010dak za povla\u010denje.<\/p>\n","protected":false},"excerpt":{"rendered":"<p>Klasi\u010dna futrola za olovke od izdr\u017eljivog voskanog G-1000 HeavyDuty S materijala. Savr\u0161ena za \u0161kolu ili posao. Proizvedeno bez PFAS-a.<\/p>\n","protected":false},"featured_media":1021617,"template":"","meta":[],"product_brand":[132],"product_cat":[156],"product_tag":[578,479,500,526,492,579,485],"class_list":{"0":"post-1019914","1":"product","2":"type-product","3":"status-publish","4":"has-post-thumbnail","6":"product_brand-kanken","7":"product_cat-dodaci","8":"product_tag-dnevni-ruksaci","9":"product_tag-everyday-outdoor","10":"product_tag-kanken","11":"product_tag-kanken-dodaci","12":"product_tag-novcanik-i-male-torbice","13":"product_tag-torbice","14":"product_tag-unisex","16":"first","17":"outofstock","18":"shipping-taxable","19":"purchasable","20":"product-type-variable"},"_links":{"self":[{"href":"https:\/\/fjallraven.dev.mortar.tovarnaidej.com\/sl\/wp-json\/wp\/v2\/product\/1019914","targetHints":{"allow":["GET"]}}],"collection":[{"href":"https:\/\/fjallraven.dev.mortar.tovarnaidej.com\/sl\/wp-json\/wp\/v2\/product"}],"about":[{"href":"https:\/\/fjallraven.dev.mortar.tovarnaidej.com\/sl\/wp-json\/wp\/v2\/types\/product"}],"version-history":[{"count":1,"href":"https:\/\/fjallraven.dev.mortar.tovarnaidej.com\/sl\/wp-json\/wp\/v2\/product\/1019914\/revisions"}],"predecessor-version":[{"id":1019927,"href":"https:\/\/fjallraven.dev.mortar.tovarnaidej.com\/sl\/wp-json\/wp\/v2\/product\/1019914\/revisions\/1019927"}],"wp:featuredmedia":[{"embeddable":true,"href":"https:\/\/fjallraven.dev.mortar.tovarnaidej.com\/sl\/wp-json\/wp\/v2\/media\/1021617"}],"wp:attachment":[{"href":"https:\/\/fjallraven.dev.mortar.tovarnaidej.com\/sl\/wp-json\/wp\/v2\/media?parent=1019914"}],"wp:term":[{"taxonomy":"product_brand","embeddable":true,"href":"https:\/\/fjallraven.dev.mortar.tovarnaidej.com\/sl\/wp-json\/wp\/v2\/product_brand?post=1019914"},{"taxonomy":"product_cat","embeddable":true,"href":"https:\/\/fjallraven.dev.mortar.tovarnaidej.com\/sl\/wp-json\/wp\/v2\/product_cat?post=1019914"},{"taxonomy":"product_tag","embeddable":true,"href":"https:\/\/fjallraven.dev.mortar.tovarnaidej.com\/sl\/wp-json\/wp\/v2\/product_tag?post=1019914"}],"curies":[{"name":"wp","href":"https:\/\/api.w.org\/{rel}","templated":true}]}}