{"id":1019920,"date":"2025-11-21T09:25:58","date_gmt":"2025-11-21T09:25:58","guid":{"rendered":"https:\/\/fjallraven.dev.mortar.tovarnaidej.com\/?post_type=product&#038;p=1019920"},"modified":"2025-11-27T12:11:04","modified_gmt":"2025-11-27T12:11:04","slug":"vardag-shoulder-bag-6","status":"publish","type":"product","link":"https:\/\/fjallraven.dev.mortar.tovarnaidej.com\/sl\/izdelek\/vardag-shoulder-bag-6\/","title":{"rendered":"Vardag Shoulder Bag 6"},"content":{"rendered":"<p>Nova Vardag torba za rame za svakodnevnu upotrebu s dizajnom inspiriranim klasi\u010dnom retro Fj\u00e4llr\u00e4ven domi\u0161ljato\u0161\u0107u koju smo vidjeli u na\u0161im katalozima iz pro\u0161losti, u kombinaciji s robusnim modernim recikliranim tkaninama. Vardag 6 torba za rame je mala torba za no\u0161enje od \u0161est litara s puno prostora za Va\u0161 telefon, klju\u010deve, nov\u010danik, kabele i punja\u010de te sve ostalo \u0161to vam mo\u017ee zatrebati tijekom dana. Izra\u0111ena od \u010dvrstog 500D recikliranog poliamida s teksturiranom pre\u0111om i recikliranom podstavom, izgledat \u0107e dobro dugi niz godina svakodnevne upotrebe.<\/p>\n","protected":false},"excerpt":{"rendered":"<p>Svakodnevna torba za rame u klasi\u010dnom retro Fj\u00e4llr\u00e4ven stilu. Proizvedeno bez PFAS-a.<\/p>\n","protected":false},"featured_media":1021693,"template":"","meta":[],"product_brand":[467],"product_cat":[151],"product_tag":[578,479,497,485,503],"class_list":{"0":"post-1019920","1":"product","2":"type-product","3":"status-publish","4":"has-post-thumbnail","6":"product_brand-vardag","7":"product_cat-ruksaci-i-torbe","8":"product_tag-dnevni-ruksaci","9":"product_tag-everyday-outdoor","10":"product_tag-torbe-preko-ramena","11":"product_tag-unisex","12":"product_tag-vardag","14":"first","15":"outofstock","16":"shipping-taxable","17":"purchasable","18":"product-type-variable"},"_links":{"self":[{"href":"https:\/\/fjallraven.dev.mortar.tovarnaidej.com\/sl\/wp-json\/wp\/v2\/product\/1019920","targetHints":{"allow":["GET"]}}],"collection":[{"href":"https:\/\/fjallraven.dev.mortar.tovarnaidej.com\/sl\/wp-json\/wp\/v2\/product"}],"about":[{"href":"https:\/\/fjallraven.dev.mortar.tovarnaidej.com\/sl\/wp-json\/wp\/v2\/types\/product"}],"version-history":[{"count":1,"href":"https:\/\/fjallraven.dev.mortar.tovarnaidej.com\/sl\/wp-json\/wp\/v2\/product\/1019920\/revisions"}],"predecessor-version":[{"id":1019946,"href":"https:\/\/fjallraven.dev.mortar.tovarnaidej.com\/sl\/wp-json\/wp\/v2\/product\/1019920\/revisions\/1019946"}],"wp:featuredmedia":[{"embeddable":true,"href":"https:\/\/fjallraven.dev.mortar.tovarnaidej.com\/sl\/wp-json\/wp\/v2\/media\/1021693"}],"wp:attachment":[{"href":"https:\/\/fjallraven.dev.mortar.tovarnaidej.com\/sl\/wp-json\/wp\/v2\/media?parent=1019920"}],"wp:term":[{"taxonomy":"product_brand","embeddable":true,"href":"https:\/\/fjallraven.dev.mortar.tovarnaidej.com\/sl\/wp-json\/wp\/v2\/product_brand?post=1019920"},{"taxonomy":"product_cat","embeddable":true,"href":"https:\/\/fjallraven.dev.mortar.tovarnaidej.com\/sl\/wp-json\/wp\/v2\/product_cat?post=1019920"},{"taxonomy":"product_tag","embeddable":true,"href":"https:\/\/fjallraven.dev.mortar.tovarnaidej.com\/sl\/wp-json\/wp\/v2\/product_tag?post=1019920"}],"curies":[{"name":"wp","href":"https:\/\/api.w.org\/{rel}","templated":true}]}}