{"id":1019922,"date":"2025-11-21T09:25:58","date_gmt":"2025-11-21T09:25:58","guid":{"rendered":"https:\/\/fjallraven.dev.mortar.tovarnaidej.com\/?post_type=product&#038;p=1019922"},"modified":"2025-11-27T12:11:04","modified_gmt":"2025-11-27T12:11:04","slug":"abisko-hip-pack-6","status":"publish","type":"product","link":"https:\/\/fjallraven.dev.mortar.tovarnaidej.com\/sl\/izdelek\/abisko-hip-pack-6\/","title":{"rendered":"Abisko Hip Pack 6"},"content":{"rendered":"<p>Funkcionalni ruksak za no\u0161enje na boku s uskim prianjanjem, dizajniran za aktivnosti na otvorenom s puno pokreta. Glavna tkanina izra\u0111ena je od recikliranog poliamida, a stra\u017enja plo\u010da je be\u0161avna s ventiliranom mekom pjenom za udobnost i smanjenim rizikom od trenja. Pojas za boce s pode\u0161avanjem prema naprijed osigurava prianjanje uz tijelo. Ruksak ima jedan veliki odjeljak s unutarnjim d\u017eepovima, jedan manji odjeljak, dva rastezljiva dr\u017ea\u010da za boce i dva lako dostupna bo\u010dna d\u017eepa. Velika ru\u010dka za no\u0161enje na vrhu i elasti\u010dna vrpca sprijeda mogu se koristiti za pri\u010dvr\u0161\u0107ivanje dodatne opreme.<\/p>\n","protected":false},"excerpt":{"rendered":"<p>Funkcionalni ruksak za bok s uskim krojem, pogodan za aktivnosti s puno pokreta. Proizvedeno bez PFAS-a.<\/p>\n","protected":false},"featured_media":1021719,"template":"","meta":[],"product_brand":[458],"product_cat":[151],"product_tag":[472,497,579,471,598,485],"class_list":{"0":"post-1019922","1":"product","2":"type-product","3":"status-publish","4":"has-post-thumbnail","6":"product_brand-abisko","7":"product_cat-ruksaci-i-torbe","8":"product_tag-abisko","9":"product_tag-torbe-preko-ramena","10":"product_tag-torbice","11":"product_tag-trekking","12":"product_tag-trekking-ruksaci","13":"product_tag-unisex","15":"first","16":"outofstock","17":"shipping-taxable","18":"purchasable","19":"product-type-variable"},"_links":{"self":[{"href":"https:\/\/fjallraven.dev.mortar.tovarnaidej.com\/sl\/wp-json\/wp\/v2\/product\/1019922","targetHints":{"allow":["GET"]}}],"collection":[{"href":"https:\/\/fjallraven.dev.mortar.tovarnaidej.com\/sl\/wp-json\/wp\/v2\/product"}],"about":[{"href":"https:\/\/fjallraven.dev.mortar.tovarnaidej.com\/sl\/wp-json\/wp\/v2\/types\/product"}],"version-history":[{"count":1,"href":"https:\/\/fjallraven.dev.mortar.tovarnaidej.com\/sl\/wp-json\/wp\/v2\/product\/1019922\/revisions"}],"predecessor-version":[{"id":1019950,"href":"https:\/\/fjallraven.dev.mortar.tovarnaidej.com\/sl\/wp-json\/wp\/v2\/product\/1019922\/revisions\/1019950"}],"wp:featuredmedia":[{"embeddable":true,"href":"https:\/\/fjallraven.dev.mortar.tovarnaidej.com\/sl\/wp-json\/wp\/v2\/media\/1021719"}],"wp:attachment":[{"href":"https:\/\/fjallraven.dev.mortar.tovarnaidej.com\/sl\/wp-json\/wp\/v2\/media?parent=1019922"}],"wp:term":[{"taxonomy":"product_brand","embeddable":true,"href":"https:\/\/fjallraven.dev.mortar.tovarnaidej.com\/sl\/wp-json\/wp\/v2\/product_brand?post=1019922"},{"taxonomy":"product_cat","embeddable":true,"href":"https:\/\/fjallraven.dev.mortar.tovarnaidej.com\/sl\/wp-json\/wp\/v2\/product_cat?post=1019922"},{"taxonomy":"product_tag","embeddable":true,"href":"https:\/\/fjallraven.dev.mortar.tovarnaidej.com\/sl\/wp-json\/wp\/v2\/product_tag?post=1019922"}],"curies":[{"name":"wp","href":"https:\/\/api.w.org\/{rel}","templated":true}]}}