{"id":1019952,"date":"2025-11-21T09:26:08","date_gmt":"2025-11-21T09:26:08","guid":{"rendered":"https:\/\/fjallraven.dev.mortar.tovarnaidej.com\/?post_type=product&#038;p=1019952"},"modified":"2025-11-27T12:11:04","modified_gmt":"2025-11-27T12:11:04","slug":"abisko-softpack-16","status":"publish","type":"product","link":"https:\/\/fjallraven.dev.mortar.tovarnaidej.com\/sl\/izdelek\/abisko-softpack-16\/","title":{"rendered":"Abisko Softpack 16"},"content":{"rendered":"<p>Vi\u0161enamjenski ruksak koji ste \u010dekali sada je stigao. Sa svojih 16 litara volumena i vi\u0161estrukim tehni\u010dkim zna\u010dajkama, Abisko Softpack 16 brzo \u0107e postati Va\u0161 izbor za dnevne izlete u planinama, vo\u017enje biciklom i putovanja u grad. Ima rje\u0161enja za no\u0161enje svih vrsta opreme, od u\u017eadi za penjanje i kacige do planinarskih \u0161tapova ili prijenosnog ra\u010dunala. Uistinu svestran mali ruksak izra\u0111en od izdr\u017eljivog recikliranog poliamidnog ripstopa koji osigurava da \u0107e trajati bezbroj dana. Izra\u0111en od recikliranih tkanina.<\/p>\n","protected":false},"excerpt":{"rendered":"<p>Svestran, izdr\u017eljiv i lagan ruksak od 16 litara s brojnim tehni\u010dkim zna\u010dajkama. Proizvedeno bez PFAS-a.<\/p>\n","protected":false},"featured_media":1021725,"template":"","meta":[],"product_brand":[458],"product_cat":[151],"product_tag":[472,578,501,471,598,485],"class_list":{"0":"post-1019952","1":"product","2":"type-product","3":"status-publish","4":"has-post-thumbnail","6":"product_brand-abisko","7":"product_cat-ruksaci-i-torbe","8":"product_tag-abisko","9":"product_tag-dnevni-ruksaci","10":"product_tag-svakodnevni-ruksaci","11":"product_tag-trekking","12":"product_tag-trekking-ruksaci","13":"product_tag-unisex","15":"first","16":"outofstock","17":"shipping-taxable","18":"purchasable","19":"product-type-variable"},"_links":{"self":[{"href":"https:\/\/fjallraven.dev.mortar.tovarnaidej.com\/sl\/wp-json\/wp\/v2\/product\/1019952","targetHints":{"allow":["GET"]}}],"collection":[{"href":"https:\/\/fjallraven.dev.mortar.tovarnaidej.com\/sl\/wp-json\/wp\/v2\/product"}],"about":[{"href":"https:\/\/fjallraven.dev.mortar.tovarnaidej.com\/sl\/wp-json\/wp\/v2\/types\/product"}],"version-history":[{"count":1,"href":"https:\/\/fjallraven.dev.mortar.tovarnaidej.com\/sl\/wp-json\/wp\/v2\/product\/1019952\/revisions"}],"predecessor-version":[{"id":1019957,"href":"https:\/\/fjallraven.dev.mortar.tovarnaidej.com\/sl\/wp-json\/wp\/v2\/product\/1019952\/revisions\/1019957"}],"wp:featuredmedia":[{"embeddable":true,"href":"https:\/\/fjallraven.dev.mortar.tovarnaidej.com\/sl\/wp-json\/wp\/v2\/media\/1021725"}],"wp:attachment":[{"href":"https:\/\/fjallraven.dev.mortar.tovarnaidej.com\/sl\/wp-json\/wp\/v2\/media?parent=1019952"}],"wp:term":[{"taxonomy":"product_brand","embeddable":true,"href":"https:\/\/fjallraven.dev.mortar.tovarnaidej.com\/sl\/wp-json\/wp\/v2\/product_brand?post=1019952"},{"taxonomy":"product_cat","embeddable":true,"href":"https:\/\/fjallraven.dev.mortar.tovarnaidej.com\/sl\/wp-json\/wp\/v2\/product_cat?post=1019952"},{"taxonomy":"product_tag","embeddable":true,"href":"https:\/\/fjallraven.dev.mortar.tovarnaidej.com\/sl\/wp-json\/wp\/v2\/product_tag?post=1019952"}],"curies":[{"name":"wp","href":"https:\/\/api.w.org\/{rel}","templated":true}]}}