{"id":1019954,"date":"2025-11-21T09:26:08","date_gmt":"2025-11-21T09:26:08","guid":{"rendered":"https:\/\/fjallraven.dev.mortar.tovarnaidej.com\/?post_type=product&#038;p=1019954"},"modified":"2025-11-27T12:11:03","modified_gmt":"2025-11-27T12:11:03","slug":"kanken-koncept","status":"publish","type":"product","link":"https:\/\/fjallraven.dev.mortar.tovarnaidej.com\/sl\/izdelek\/kanken-koncept\/","title":{"rendered":"K\u00e5nken Koncept"},"content":{"rendered":"<p>Ne propustite priliku da posjedujete jedan od ovih klasi\u010dnih K\u00e5nken ruksaka u limitiranom izdanju, sada dostupnih u malom izboru potpuno novih sezonskih boja. Poput originala, ruksak K\u00e5nken Koncept izra\u0111en je od izdr\u017eljivog Vinylona F, ali ove verzije s odabranim bojama imaju dosad nevi\u0111ene nijanse. Dolaze s kontrastnim remenima od tkanine, patentnim zatvara\u010dima, kop\u010dama i podstavom, \u0161to K\u00e5nken Koncept \u010dini jedinstvenim dodatkom va\u0161oj kolekciji.<\/p>\n","protected":false},"excerpt":{"rendered":"<p>K\u00e5nken ruksak limitiranog izdanja u nikad prije vi\u0111enim nijansama s kontrastnim remenima i detaljima. Proizvedeno bez PFAS-a.<\/p>\n","protected":false},"featured_media":1021754,"template":"","meta":[],"product_brand":[132],"product_cat":[151],"product_tag":[578,479,500,523,501,485],"class_list":{"0":"post-1019954","1":"product","2":"type-product","3":"status-publish","4":"has-post-thumbnail","6":"product_brand-kanken","7":"product_cat-ruksaci-i-torbe","8":"product_tag-dnevni-ruksaci","9":"product_tag-everyday-outdoor","10":"product_tag-kanken","11":"product_tag-kanken-koncept","12":"product_tag-svakodnevni-ruksaci","13":"product_tag-unisex","15":"first","16":"outofstock","17":"shipping-taxable","18":"purchasable","19":"product-type-variable"},"_links":{"self":[{"href":"https:\/\/fjallraven.dev.mortar.tovarnaidej.com\/sl\/wp-json\/wp\/v2\/product\/1019954","targetHints":{"allow":["GET"]}}],"collection":[{"href":"https:\/\/fjallraven.dev.mortar.tovarnaidej.com\/sl\/wp-json\/wp\/v2\/product"}],"about":[{"href":"https:\/\/fjallraven.dev.mortar.tovarnaidej.com\/sl\/wp-json\/wp\/v2\/types\/product"}],"version-history":[{"count":1,"href":"https:\/\/fjallraven.dev.mortar.tovarnaidej.com\/sl\/wp-json\/wp\/v2\/product\/1019954\/revisions"}],"predecessor-version":[{"id":1019962,"href":"https:\/\/fjallraven.dev.mortar.tovarnaidej.com\/sl\/wp-json\/wp\/v2\/product\/1019954\/revisions\/1019962"}],"wp:featuredmedia":[{"embeddable":true,"href":"https:\/\/fjallraven.dev.mortar.tovarnaidej.com\/sl\/wp-json\/wp\/v2\/media\/1021754"}],"wp:attachment":[{"href":"https:\/\/fjallraven.dev.mortar.tovarnaidej.com\/sl\/wp-json\/wp\/v2\/media?parent=1019954"}],"wp:term":[{"taxonomy":"product_brand","embeddable":true,"href":"https:\/\/fjallraven.dev.mortar.tovarnaidej.com\/sl\/wp-json\/wp\/v2\/product_brand?post=1019954"},{"taxonomy":"product_cat","embeddable":true,"href":"https:\/\/fjallraven.dev.mortar.tovarnaidej.com\/sl\/wp-json\/wp\/v2\/product_cat?post=1019954"},{"taxonomy":"product_tag","embeddable":true,"href":"https:\/\/fjallraven.dev.mortar.tovarnaidej.com\/sl\/wp-json\/wp\/v2\/product_tag?post=1019954"}],"curies":[{"name":"wp","href":"https:\/\/api.w.org\/{rel}","templated":true}]}}