{"id":1020021,"date":"2025-11-21T09:26:25","date_gmt":"2025-11-21T09:26:25","guid":{"rendered":"https:\/\/fjallraven.dev.mortar.tovarnaidej.com\/?post_type=product&#038;p=1020021"},"modified":"2025-11-27T12:11:03","modified_gmt":"2025-11-27T12:11:03","slug":"ulvo-23","status":"publish","type":"product","link":"https:\/\/fjallraven.dev.mortar.tovarnaidej.com\/sl\/izdelek\/ulvo-23\/","title":{"rendered":"Ulv\u00f6 23"},"content":{"rendered":"<p>Svestrani ruksak za svaki dan s patentnim zatvara\u010dem i podstavljenim pretincem za ra\u010dunalo. Fj\u00e4llr\u00e4venova Bergshell tkanina dovoljno je vodootporna za ve\u0107inu situacija &#8211; istovremeno izra\u0111en je od 100% reciklirani poliamida. Jednostavan za pakiranje i jednako je prikladan za lagane planinarske izlete i putovanja kao i za svakodnevno putovanje na posao.<\/p>\n","protected":false},"excerpt":{"rendered":"<p>Svestrani ruksak za svaki dan od vodootporne, izdr\u017eljive Bergshell tkanine. Proizvedeno bez PFAS-a.<\/p>\n","protected":false},"featured_media":1022070,"template":"","meta":[],"product_brand":[466],"product_cat":[151],"product_tag":[578,479,499,501,485],"class_list":{"0":"post-1020021","1":"product","2":"type-product","3":"status-publish","4":"has-post-thumbnail","6":"product_brand-high-coast","7":"product_cat-ruksaci-i-torbe","8":"product_tag-dnevni-ruksaci","9":"product_tag-everyday-outdoor","10":"product_tag-high-coast","11":"product_tag-svakodnevni-ruksaci","12":"product_tag-unisex","14":"first","15":"outofstock","16":"shipping-taxable","17":"purchasable","18":"product-type-variable"},"_links":{"self":[{"href":"https:\/\/fjallraven.dev.mortar.tovarnaidej.com\/sl\/wp-json\/wp\/v2\/product\/1020021","targetHints":{"allow":["GET"]}}],"collection":[{"href":"https:\/\/fjallraven.dev.mortar.tovarnaidej.com\/sl\/wp-json\/wp\/v2\/product"}],"about":[{"href":"https:\/\/fjallraven.dev.mortar.tovarnaidej.com\/sl\/wp-json\/wp\/v2\/types\/product"}],"version-history":[{"count":1,"href":"https:\/\/fjallraven.dev.mortar.tovarnaidej.com\/sl\/wp-json\/wp\/v2\/product\/1020021\/revisions"}],"predecessor-version":[{"id":1020030,"href":"https:\/\/fjallraven.dev.mortar.tovarnaidej.com\/sl\/wp-json\/wp\/v2\/product\/1020021\/revisions\/1020030"}],"wp:featuredmedia":[{"embeddable":true,"href":"https:\/\/fjallraven.dev.mortar.tovarnaidej.com\/sl\/wp-json\/wp\/v2\/media\/1022070"}],"wp:attachment":[{"href":"https:\/\/fjallraven.dev.mortar.tovarnaidej.com\/sl\/wp-json\/wp\/v2\/media?parent=1020021"}],"wp:term":[{"taxonomy":"product_brand","embeddable":true,"href":"https:\/\/fjallraven.dev.mortar.tovarnaidej.com\/sl\/wp-json\/wp\/v2\/product_brand?post=1020021"},{"taxonomy":"product_cat","embeddable":true,"href":"https:\/\/fjallraven.dev.mortar.tovarnaidej.com\/sl\/wp-json\/wp\/v2\/product_cat?post=1020021"},{"taxonomy":"product_tag","embeddable":true,"href":"https:\/\/fjallraven.dev.mortar.tovarnaidej.com\/sl\/wp-json\/wp\/v2\/product_tag?post=1020021"}],"curies":[{"name":"wp","href":"https:\/\/api.w.org\/{rel}","templated":true}]}}