{"id":1020022,"date":"2025-11-21T09:26:26","date_gmt":"2025-11-21T09:26:26","guid":{"rendered":"https:\/\/fjallraven.dev.mortar.tovarnaidej.com\/?post_type=product&#038;p=1020022"},"modified":"2025-11-27T12:11:03","modified_gmt":"2025-11-27T12:11:03","slug":"ulvo-rolltop-30","status":"publish","type":"product","link":"https:\/\/fjallraven.dev.mortar.tovarnaidej.com\/sl\/izdelek\/ulvo-rolltop-30\/","title":{"rendered":"Ulv\u00f6 Rolltop 30"},"content":{"rendered":"<p>Fj\u00e4llr\u00e4venova vodootporna Bergshell tkanina u kombinaciji s trakom za\u0161ti\u0107enom podstavom \u010dini ovaj ruksak sigurnim izborom \u010dak i po najdugotrajnijoj ki\u0161i. Zatvaranje na roll-top mo\u017ee se pri\u010dvrstiti na vrhu ili sa strane, sprje\u010davaju\u0107i da voda dopre do Va\u0161e opreme. Ruksak ima unutarnji podstavljeni d\u017eep za prijenosno ra\u010dunalo i mre\u017easti d\u017eep s patentnim zatvara\u010dem. Vanjska petlja za pri\u010dvr\u0161\u0107ivanje biciklisti\u010dke svjetiljke (nije uklju\u010dena) sprijeda. Savr\u0161eno za dnevne planinarenja, putovanja i svakodnevne avanture; po ki\u0161i ili suncu.<\/p>\n","protected":false},"excerpt":{"rendered":"<p>Vodootporni ruksak s roll-top zatvara\u010dem, savr\u0161en za dnevna planinarenja, putovanja i svakodnevno kori\u0161tenje. Proizvedeno bez PFAS-a.<\/p>\n","protected":false},"featured_media":1022117,"template":"","meta":[],"product_brand":[466],"product_cat":[151],"product_tag":[578,479,499,501,485],"class_list":{"0":"post-1020022","1":"product","2":"type-product","3":"status-publish","4":"has-post-thumbnail","6":"product_brand-high-coast","7":"product_cat-ruksaci-i-torbe","8":"product_tag-dnevni-ruksaci","9":"product_tag-everyday-outdoor","10":"product_tag-high-coast","11":"product_tag-svakodnevni-ruksaci","12":"product_tag-unisex","14":"first","15":"outofstock","16":"shipping-taxable","17":"purchasable","18":"product-type-variable"},"_links":{"self":[{"href":"https:\/\/fjallraven.dev.mortar.tovarnaidej.com\/sl\/wp-json\/wp\/v2\/product\/1020022","targetHints":{"allow":["GET"]}}],"collection":[{"href":"https:\/\/fjallraven.dev.mortar.tovarnaidej.com\/sl\/wp-json\/wp\/v2\/product"}],"about":[{"href":"https:\/\/fjallraven.dev.mortar.tovarnaidej.com\/sl\/wp-json\/wp\/v2\/types\/product"}],"version-history":[{"count":1,"href":"https:\/\/fjallraven.dev.mortar.tovarnaidej.com\/sl\/wp-json\/wp\/v2\/product\/1020022\/revisions"}],"predecessor-version":[{"id":1020036,"href":"https:\/\/fjallraven.dev.mortar.tovarnaidej.com\/sl\/wp-json\/wp\/v2\/product\/1020022\/revisions\/1020036"}],"wp:featuredmedia":[{"embeddable":true,"href":"https:\/\/fjallraven.dev.mortar.tovarnaidej.com\/sl\/wp-json\/wp\/v2\/media\/1022117"}],"wp:attachment":[{"href":"https:\/\/fjallraven.dev.mortar.tovarnaidej.com\/sl\/wp-json\/wp\/v2\/media?parent=1020022"}],"wp:term":[{"taxonomy":"product_brand","embeddable":true,"href":"https:\/\/fjallraven.dev.mortar.tovarnaidej.com\/sl\/wp-json\/wp\/v2\/product_brand?post=1020022"},{"taxonomy":"product_cat","embeddable":true,"href":"https:\/\/fjallraven.dev.mortar.tovarnaidej.com\/sl\/wp-json\/wp\/v2\/product_cat?post=1020022"},{"taxonomy":"product_tag","embeddable":true,"href":"https:\/\/fjallraven.dev.mortar.tovarnaidej.com\/sl\/wp-json\/wp\/v2\/product_tag?post=1020022"}],"curies":[{"name":"wp","href":"https:\/\/api.w.org\/{rel}","templated":true}]}}