{"id":1020023,"date":"2025-11-21T09:26:26","date_gmt":"2025-11-21T09:26:26","guid":{"rendered":"https:\/\/fjallraven.dev.mortar.tovarnaidej.com\/?post_type=product&#038;p=1020023"},"modified":"2025-11-27T12:11:03","modified_gmt":"2025-11-27T12:11:03","slug":"singi-28","status":"publish","type":"product","link":"https:\/\/fjallraven.dev.mortar.tovarnaidej.com\/sl\/izdelek\/singi-28\/","title":{"rendered":"Singi 28"},"content":{"rendered":"<p>Svestran i izdr\u017eljiv ruksak za planinarenje s robusnim sustavom no\u0161enja koji mo\u017ee podnijeti te\u017einu svega \u0161to vam je potrebno za dugi dan. S volumenom od 28 litara, stane sva va\u0161a oprema za cjelodnevni planinarenje, lov ili ribolov. Dugi patentni zatvara\u010d glavnog odjeljka omogu\u0107uje dobar pregled sadr\u017eaja, a unutarnja je pregrada za hidratacijski mjehur ili prijenosno ra\u010dunalo. Pojas za kukove je podstavljen za udobnost. Dodatni prostor za pohranu mo\u017ee se lako dodati uz pomo\u0107 pribora iz serije Singi.<\/p>\n","protected":false},"excerpt":{"rendered":"<p>Svestran i izdr\u017eljiv ruksak izra\u0111en od G-1000 materijala. Savr\u0161en za planinarenje, lov i ribolov. Proizveden bez PFAS-a.<\/p>\n","protected":false},"featured_media":1022131,"template":"","meta":[],"product_brand":[461],"product_cat":[151],"product_tag":[504,488,471,598,485],"class_list":{"0":"post-1020023","1":"product","2":"type-product","3":"status-publish","4":"has-post-thumbnail","6":"product_brand-singi","7":"product_cat-ruksaci-i-torbe","8":"product_tag-ruksaci","9":"product_tag-singi","10":"product_tag-trekking","11":"product_tag-trekking-ruksaci","12":"product_tag-unisex","14":"first","15":"outofstock","16":"shipping-taxable","17":"purchasable","18":"product-type-variable"},"_links":{"self":[{"href":"https:\/\/fjallraven.dev.mortar.tovarnaidej.com\/sl\/wp-json\/wp\/v2\/product\/1020023","targetHints":{"allow":["GET"]}}],"collection":[{"href":"https:\/\/fjallraven.dev.mortar.tovarnaidej.com\/sl\/wp-json\/wp\/v2\/product"}],"about":[{"href":"https:\/\/fjallraven.dev.mortar.tovarnaidej.com\/sl\/wp-json\/wp\/v2\/types\/product"}],"version-history":[{"count":1,"href":"https:\/\/fjallraven.dev.mortar.tovarnaidej.com\/sl\/wp-json\/wp\/v2\/product\/1020023\/revisions"}],"predecessor-version":[{"id":1020039,"href":"https:\/\/fjallraven.dev.mortar.tovarnaidej.com\/sl\/wp-json\/wp\/v2\/product\/1020023\/revisions\/1020039"}],"wp:featuredmedia":[{"embeddable":true,"href":"https:\/\/fjallraven.dev.mortar.tovarnaidej.com\/sl\/wp-json\/wp\/v2\/media\/1022131"}],"wp:attachment":[{"href":"https:\/\/fjallraven.dev.mortar.tovarnaidej.com\/sl\/wp-json\/wp\/v2\/media?parent=1020023"}],"wp:term":[{"taxonomy":"product_brand","embeddable":true,"href":"https:\/\/fjallraven.dev.mortar.tovarnaidej.com\/sl\/wp-json\/wp\/v2\/product_brand?post=1020023"},{"taxonomy":"product_cat","embeddable":true,"href":"https:\/\/fjallraven.dev.mortar.tovarnaidej.com\/sl\/wp-json\/wp\/v2\/product_cat?post=1020023"},{"taxonomy":"product_tag","embeddable":true,"href":"https:\/\/fjallraven.dev.mortar.tovarnaidej.com\/sl\/wp-json\/wp\/v2\/product_tag?post=1020023"}],"curies":[{"name":"wp","href":"https:\/\/api.w.org\/{rel}","templated":true}]}}