{"id":1020024,"date":"2025-11-21T09:26:26","date_gmt":"2025-11-21T09:26:26","guid":{"rendered":"https:\/\/fjallraven.dev.mortar.tovarnaidej.com\/?post_type=product&#038;p=1020024"},"modified":"2025-11-27T12:11:03","modified_gmt":"2025-11-27T12:11:03","slug":"singi-side-pocket","status":"publish","type":"product","link":"https:\/\/fjallraven.dev.mortar.tovarnaidej.com\/sl\/izdelek\/singi-side-pocket\/","title":{"rendered":"Singi Side Pocket"},"content":{"rendered":"<p>Ponekad vam treba malo vi\u0161e prostora, a Singi Side Pocket pru\u017ea dodatnu pohranu za ruksake iz Fj\u00e4llr\u00e4venove Singi linije. Lako se pri\u010dvr\u0161\u0107uje kop\u010dama sa strane ili prednje strane ruksaka i mo\u017ee nositi bocu s vodom, manji alat ili bilo \u0161to drugo \u0161to \u017eelite imati pri ruci. Gornji poklopac ima snje\u017enu bravu tako da ni\u0161ta ne mo\u017ee slu\u010dajno ispasti.<\/p>\n","protected":false},"excerpt":{"rendered":"<p>Dodatni bo\u010dni d\u017eep koji odgovara ruksacima iz linije Singi. Proizvedeno bez PFAS-a.<\/p>\n","protected":false},"featured_media":1022143,"template":"","meta":[],"product_brand":[461],"product_cat":[156],"product_tag":[584,496,488,471,581,485],"class_list":{"0":"post-1020024","1":"product","2":"type-product","3":"status-publish","4":"has-post-thumbnail","6":"product_brand-singi","7":"product_cat-dodaci","8":"product_tag-dodaci-oprema","9":"product_tag-dodaci-za-ruksake-i-torbe","10":"product_tag-singi","11":"product_tag-trekking","12":"product_tag-treking-rukasaci","13":"product_tag-unisex","15":"first","16":"outofstock","17":"shipping-taxable","18":"purchasable","19":"product-type-variable"},"_links":{"self":[{"href":"https:\/\/fjallraven.dev.mortar.tovarnaidej.com\/sl\/wp-json\/wp\/v2\/product\/1020024","targetHints":{"allow":["GET"]}}],"collection":[{"href":"https:\/\/fjallraven.dev.mortar.tovarnaidej.com\/sl\/wp-json\/wp\/v2\/product"}],"about":[{"href":"https:\/\/fjallraven.dev.mortar.tovarnaidej.com\/sl\/wp-json\/wp\/v2\/types\/product"}],"version-history":[{"count":1,"href":"https:\/\/fjallraven.dev.mortar.tovarnaidej.com\/sl\/wp-json\/wp\/v2\/product\/1020024\/revisions"}],"predecessor-version":[{"id":1020041,"href":"https:\/\/fjallraven.dev.mortar.tovarnaidej.com\/sl\/wp-json\/wp\/v2\/product\/1020024\/revisions\/1020041"}],"wp:featuredmedia":[{"embeddable":true,"href":"https:\/\/fjallraven.dev.mortar.tovarnaidej.com\/sl\/wp-json\/wp\/v2\/media\/1022143"}],"wp:attachment":[{"href":"https:\/\/fjallraven.dev.mortar.tovarnaidej.com\/sl\/wp-json\/wp\/v2\/media?parent=1020024"}],"wp:term":[{"taxonomy":"product_brand","embeddable":true,"href":"https:\/\/fjallraven.dev.mortar.tovarnaidej.com\/sl\/wp-json\/wp\/v2\/product_brand?post=1020024"},{"taxonomy":"product_cat","embeddable":true,"href":"https:\/\/fjallraven.dev.mortar.tovarnaidej.com\/sl\/wp-json\/wp\/v2\/product_cat?post=1020024"},{"taxonomy":"product_tag","embeddable":true,"href":"https:\/\/fjallraven.dev.mortar.tovarnaidej.com\/sl\/wp-json\/wp\/v2\/product_tag?post=1020024"}],"curies":[{"name":"wp","href":"https:\/\/api.w.org\/{rel}","templated":true}]}}