{"id":1020025,"date":"2025-11-21T09:26:26","date_gmt":"2025-11-21T09:26:26","guid":{"rendered":"https:\/\/fjallraven.dev.mortar.tovarnaidej.com\/?post_type=product&#038;p=1020025"},"modified":"2025-11-27T12:11:03","modified_gmt":"2025-11-27T12:11:03","slug":"haulpack-no-1","status":"publish","type":"product","link":"https:\/\/fjallraven.dev.mortar.tovarnaidej.com\/sl\/izdelek\/haulpack-no-1\/","title":{"rendered":"Haulpack No. 1"},"content":{"rendered":"<p>Svestrani suputnik za svakodnevne odlaske na posao ili u \u0161kolu. Puno prostora za prijenosno ra\u010dunalo, opremu za teretanu, stvari koje su Vam potrebne pri ruci na putovanju ili ru\u010dak za jednodnevni izlet. Njegov ekstra veliki otvor pru\u017ea dobar pregled, a nekoliko d\u017eepova &#8211; i unutarnjih i vanjskih &#8211; olak\u0161ava organizaciju. Izra\u0111en od G-1000 HeavyDuty materijala s robusnim detaljima koji \u0107e trajati cijeli \u017eivot i \u010duvati Va\u0161e stvari na sigurnom. Njegov \u0161iroki, duboki dizajn odgovara razli\u010ditim duljinama le\u0111a.<\/p>\n","protected":false},"excerpt":{"rendered":"<p>Robusni ruksak od izdr\u017eljive G-1000 tkanine. Savr\u0161en za svakodnevne odlaske na posao ili u \u0161kolu. Proizveden bez PFAS-a.<\/p>\n","protected":false},"featured_media":1022147,"template":"","meta":[],"product_brand":[460],"product_cat":[151],"product_tag":[578,479,480,501,596,485],"class_list":{"0":"post-1020025","1":"product","2":"type-product","3":"status-publish","4":"has-post-thumbnail","6":"product_brand-ovik","7":"product_cat-ruksaci-i-torbe","8":"product_tag-dnevni-ruksaci","9":"product_tag-everyday-outdoor","10":"product_tag-ovik","11":"product_tag-svakodnevni-ruksaci","12":"product_tag-torbe-2","13":"product_tag-unisex","15":"first","16":"outofstock","17":"shipping-taxable","18":"purchasable","19":"product-type-variable"},"_links":{"self":[{"href":"https:\/\/fjallraven.dev.mortar.tovarnaidej.com\/sl\/wp-json\/wp\/v2\/product\/1020025","targetHints":{"allow":["GET"]}}],"collection":[{"href":"https:\/\/fjallraven.dev.mortar.tovarnaidej.com\/sl\/wp-json\/wp\/v2\/product"}],"about":[{"href":"https:\/\/fjallraven.dev.mortar.tovarnaidej.com\/sl\/wp-json\/wp\/v2\/types\/product"}],"version-history":[{"count":1,"href":"https:\/\/fjallraven.dev.mortar.tovarnaidej.com\/sl\/wp-json\/wp\/v2\/product\/1020025\/revisions"}],"predecessor-version":[{"id":1020043,"href":"https:\/\/fjallraven.dev.mortar.tovarnaidej.com\/sl\/wp-json\/wp\/v2\/product\/1020025\/revisions\/1020043"}],"wp:featuredmedia":[{"embeddable":true,"href":"https:\/\/fjallraven.dev.mortar.tovarnaidej.com\/sl\/wp-json\/wp\/v2\/media\/1022147"}],"wp:attachment":[{"href":"https:\/\/fjallraven.dev.mortar.tovarnaidej.com\/sl\/wp-json\/wp\/v2\/media?parent=1020025"}],"wp:term":[{"taxonomy":"product_brand","embeddable":true,"href":"https:\/\/fjallraven.dev.mortar.tovarnaidej.com\/sl\/wp-json\/wp\/v2\/product_brand?post=1020025"},{"taxonomy":"product_cat","embeddable":true,"href":"https:\/\/fjallraven.dev.mortar.tovarnaidej.com\/sl\/wp-json\/wp\/v2\/product_cat?post=1020025"},{"taxonomy":"product_tag","embeddable":true,"href":"https:\/\/fjallraven.dev.mortar.tovarnaidej.com\/sl\/wp-json\/wp\/v2\/product_tag?post=1020025"}],"curies":[{"name":"wp","href":"https:\/\/api.w.org\/{rel}","templated":true}]}}