{"id":1020061,"date":"2025-11-21T09:26:34","date_gmt":"2025-11-21T09:26:34","guid":{"rendered":"https:\/\/fjallraven.dev.mortar.tovarnaidej.com\/?post_type=product&#038;p=1020061"},"modified":"2025-11-27T12:11:02","modified_gmt":"2025-11-27T12:11:02","slug":"kanken-chest-strap","status":"publish","type":"product","link":"https:\/\/fjallraven.dev.mortar.tovarnaidej.com\/sl\/izdelek\/kanken-chest-strap\/","title":{"rendered":"K\u00e5nken Chest Strap"},"content":{"rendered":"<p>Prsni remen koji odgovara K\u00e5nken ruksacima. Kop\u010da s integriranom zvi\u017edaljkom sprijeda. Kop\u010da iste boje koja se pri\u010dvr\u0161\u0107uje na naramenice.<\/p>\n","protected":false},"excerpt":{"rendered":"<p>Remen za prsa koji odgovara K\u00e5nken i K\u00e5nken Mini. Proizvedeno bez PFAS-a.<\/p>\n","protected":false},"featured_media":1022304,"template":"","meta":[],"product_brand":[132],"product_cat":[156],"product_tag":[496,479,500,526,485],"class_list":{"0":"post-1020061","1":"product","2":"type-product","3":"status-publish","4":"has-post-thumbnail","6":"product_brand-kanken","7":"product_cat-dodaci","8":"product_tag-dodaci-za-ruksake-i-torbe","9":"product_tag-everyday-outdoor","10":"product_tag-kanken","11":"product_tag-kanken-dodaci","12":"product_tag-unisex","14":"first","15":"outofstock","16":"shipping-taxable","17":"purchasable","18":"product-type-variable"},"_links":{"self":[{"href":"https:\/\/fjallraven.dev.mortar.tovarnaidej.com\/sl\/wp-json\/wp\/v2\/product\/1020061","targetHints":{"allow":["GET"]}}],"collection":[{"href":"https:\/\/fjallraven.dev.mortar.tovarnaidej.com\/sl\/wp-json\/wp\/v2\/product"}],"about":[{"href":"https:\/\/fjallraven.dev.mortar.tovarnaidej.com\/sl\/wp-json\/wp\/v2\/types\/product"}],"version-history":[{"count":1,"href":"https:\/\/fjallraven.dev.mortar.tovarnaidej.com\/sl\/wp-json\/wp\/v2\/product\/1020061\/revisions"}],"predecessor-version":[{"id":1020085,"href":"https:\/\/fjallraven.dev.mortar.tovarnaidej.com\/sl\/wp-json\/wp\/v2\/product\/1020061\/revisions\/1020085"}],"wp:featuredmedia":[{"embeddable":true,"href":"https:\/\/fjallraven.dev.mortar.tovarnaidej.com\/sl\/wp-json\/wp\/v2\/media\/1022304"}],"wp:attachment":[{"href":"https:\/\/fjallraven.dev.mortar.tovarnaidej.com\/sl\/wp-json\/wp\/v2\/media?parent=1020061"}],"wp:term":[{"taxonomy":"product_brand","embeddable":true,"href":"https:\/\/fjallraven.dev.mortar.tovarnaidej.com\/sl\/wp-json\/wp\/v2\/product_brand?post=1020061"},{"taxonomy":"product_cat","embeddable":true,"href":"https:\/\/fjallraven.dev.mortar.tovarnaidej.com\/sl\/wp-json\/wp\/v2\/product_cat?post=1020061"},{"taxonomy":"product_tag","embeddable":true,"href":"https:\/\/fjallraven.dev.mortar.tovarnaidej.com\/sl\/wp-json\/wp\/v2\/product_tag?post=1020061"}],"curies":[{"name":"wp","href":"https:\/\/api.w.org\/{rel}","templated":true}]}}