{"id":1020093,"date":"2025-11-21T09:26:43","date_gmt":"2025-11-21T09:26:43","guid":{"rendered":"https:\/\/fjallraven.dev.mortar.tovarnaidej.com\/?post_type=product&#038;p=1020093"},"modified":"2025-11-27T12:11:02","modified_gmt":"2025-11-27T12:11:02","slug":"kanken-laptop-13","status":"publish","type":"product","link":"https:\/\/fjallraven.dev.mortar.tovarnaidej.com\/sl\/izdelek\/kanken-laptop-13\/","title":{"rendered":"K\u00e5nken Laptop 13&#8243;"},"content":{"rendered":"<p>Verzija K\u00e5nken ruksaka za prijenosno ra\u010dunalo \u2013 K\u00e5nken Laptop 13&#8243; izra\u0111en je od izdr\u017eljive Vinylon F tkanine i ima zaseban, podstavljeni pretinac koji omogu\u0107uje sigurnu pohranu prijenosnog ra\u010dunala od 13 in\u010da. Ima dodatni d\u017eep s patentnim zatvara\u010dem unutar glavnog pretinca, d\u017eep s patentnim zatvara\u010dem sprijeda, dva bo\u010dna d\u017eepa i udobne podstavljene naramenice.<\/p>\n","protected":false},"excerpt":{"rendered":"<p>Klasi\u010dni K\u00e5nken ruksak s odvojenim, podstavljenim pretincem za 13\u201d prijenosno ra\u010dunalo. Proizvedeno bez PFAS-a.<\/p>\n","protected":false},"featured_media":1022566,"template":"","meta":[],"product_brand":[132],"product_cat":[151],"product_tag":[578,479,500,520,521,501,485],"class_list":{"0":"post-1020093","1":"product","2":"type-product","3":"status-publish","4":"has-post-thumbnail","6":"product_brand-kanken","7":"product_cat-ruksaci-i-torbe","8":"product_tag-dnevni-ruksaci","9":"product_tag-everyday-outdoor","10":"product_tag-kanken","11":"product_tag-kanken-classic","12":"product_tag-kanken-laptop","13":"product_tag-svakodnevni-ruksaci","14":"product_tag-unisex","16":"first","17":"outofstock","18":"shipping-taxable","19":"purchasable","20":"product-type-variable"},"_links":{"self":[{"href":"https:\/\/fjallraven.dev.mortar.tovarnaidej.com\/sl\/wp-json\/wp\/v2\/product\/1020093","targetHints":{"allow":["GET"]}}],"collection":[{"href":"https:\/\/fjallraven.dev.mortar.tovarnaidej.com\/sl\/wp-json\/wp\/v2\/product"}],"about":[{"href":"https:\/\/fjallraven.dev.mortar.tovarnaidej.com\/sl\/wp-json\/wp\/v2\/types\/product"}],"version-history":[{"count":1,"href":"https:\/\/fjallraven.dev.mortar.tovarnaidej.com\/sl\/wp-json\/wp\/v2\/product\/1020093\/revisions"}],"predecessor-version":[{"id":1020119,"href":"https:\/\/fjallraven.dev.mortar.tovarnaidej.com\/sl\/wp-json\/wp\/v2\/product\/1020093\/revisions\/1020119"}],"wp:featuredmedia":[{"embeddable":true,"href":"https:\/\/fjallraven.dev.mortar.tovarnaidej.com\/sl\/wp-json\/wp\/v2\/media\/1022566"}],"wp:attachment":[{"href":"https:\/\/fjallraven.dev.mortar.tovarnaidej.com\/sl\/wp-json\/wp\/v2\/media?parent=1020093"}],"wp:term":[{"taxonomy":"product_brand","embeddable":true,"href":"https:\/\/fjallraven.dev.mortar.tovarnaidej.com\/sl\/wp-json\/wp\/v2\/product_brand?post=1020093"},{"taxonomy":"product_cat","embeddable":true,"href":"https:\/\/fjallraven.dev.mortar.tovarnaidej.com\/sl\/wp-json\/wp\/v2\/product_cat?post=1020093"},{"taxonomy":"product_tag","embeddable":true,"href":"https:\/\/fjallraven.dev.mortar.tovarnaidej.com\/sl\/wp-json\/wp\/v2\/product_tag?post=1020093"}],"curies":[{"name":"wp","href":"https:\/\/api.w.org\/{rel}","templated":true}]}}