{"id":1020159,"date":"2025-11-21T09:26:58","date_gmt":"2025-11-21T09:26:58","guid":{"rendered":"https:\/\/fjallraven.dev.mortar.tovarnaidej.com\/?post_type=product&#038;p=1020159"},"modified":"2025-11-27T12:11:01","modified_gmt":"2025-11-27T12:11:01","slug":"kanken-rainbow","status":"publish","type":"product","link":"https:\/\/fjallraven.dev.mortar.tovarnaidej.com\/sl\/izdelek\/kanken-rainbow\/","title":{"rendered":"K\u00e5nken Rainbow"},"content":{"rendered":"<p>Priroda nema predrasuda \u2013 duga je postala simbol raznolikosti, prihva\u0107anja i jednakosti, a mi mislimo da savr\u0161eno do\u010darava duh \u017eivota na otvorenom. S K\u00e5nken Rainbow, Fj\u00e4llr\u00e4ven slavi pravo svake osobe da se izrazi. Dio prihoda od prodaje svakog ruksaka ide u ekolo\u0161ke projekte unutar inicijative Arctic Fox. Posebno izdanje ruksaka sa svom tom velikom ljubavlju prema K\u00e5nken-u i jo\u0161 malo vi\u0161e.<\/p>\n","protected":false},"excerpt":{"rendered":"<p>Posebno izdanje K\u00e5nken s remenima u duginim bojama. Dio inicijative Arctic Fox. Proizvedeno bez PFAS-a.<\/p>\n","protected":false},"featured_media":1022680,"template":"","meta":[],"product_brand":[132],"product_cat":[151],"product_tag":[578,479,500,520,525,501,485],"class_list":{"0":"post-1020159","1":"product","2":"type-product","3":"status-publish","4":"has-post-thumbnail","6":"product_brand-kanken","7":"product_cat-ruksaci-i-torbe","8":"product_tag-dnevni-ruksaci","9":"product_tag-everyday-outdoor","10":"product_tag-kanken","11":"product_tag-kanken-classic","12":"product_tag-kanken-rainbow","13":"product_tag-svakodnevni-ruksaci","14":"product_tag-unisex","16":"first","17":"outofstock","18":"shipping-taxable","19":"purchasable","20":"product-type-variable"},"_links":{"self":[{"href":"https:\/\/fjallraven.dev.mortar.tovarnaidej.com\/sl\/wp-json\/wp\/v2\/product\/1020159","targetHints":{"allow":["GET"]}}],"collection":[{"href":"https:\/\/fjallraven.dev.mortar.tovarnaidej.com\/sl\/wp-json\/wp\/v2\/product"}],"about":[{"href":"https:\/\/fjallraven.dev.mortar.tovarnaidej.com\/sl\/wp-json\/wp\/v2\/types\/product"}],"version-history":[{"count":1,"href":"https:\/\/fjallraven.dev.mortar.tovarnaidej.com\/sl\/wp-json\/wp\/v2\/product\/1020159\/revisions"}],"predecessor-version":[{"id":1020174,"href":"https:\/\/fjallraven.dev.mortar.tovarnaidej.com\/sl\/wp-json\/wp\/v2\/product\/1020159\/revisions\/1020174"}],"wp:featuredmedia":[{"embeddable":true,"href":"https:\/\/fjallraven.dev.mortar.tovarnaidej.com\/sl\/wp-json\/wp\/v2\/media\/1022680"}],"wp:attachment":[{"href":"https:\/\/fjallraven.dev.mortar.tovarnaidej.com\/sl\/wp-json\/wp\/v2\/media?parent=1020159"}],"wp:term":[{"taxonomy":"product_brand","embeddable":true,"href":"https:\/\/fjallraven.dev.mortar.tovarnaidej.com\/sl\/wp-json\/wp\/v2\/product_brand?post=1020159"},{"taxonomy":"product_cat","embeddable":true,"href":"https:\/\/fjallraven.dev.mortar.tovarnaidej.com\/sl\/wp-json\/wp\/v2\/product_cat?post=1020159"},{"taxonomy":"product_tag","embeddable":true,"href":"https:\/\/fjallraven.dev.mortar.tovarnaidej.com\/sl\/wp-json\/wp\/v2\/product_tag?post=1020159"}],"curies":[{"name":"wp","href":"https:\/\/api.w.org\/{rel}","templated":true}]}}