{"id":1020161,"date":"2025-11-21T09:26:58","date_gmt":"2025-11-21T09:26:58","guid":{"rendered":"https:\/\/fjallraven.dev.mortar.tovarnaidej.com\/?post_type=product&#038;p=1020161"},"modified":"2025-11-27T12:11:01","modified_gmt":"2025-11-27T12:11:01","slug":"kanken-totepack","status":"publish","type":"product","link":"https:\/\/fjallraven.dev.mortar.tovarnaidej.com\/sl\/izdelek\/kanken-totepack\/","title":{"rendered":"K\u00e5nken Totepack"},"content":{"rendered":"<p>K\u00e5nken Totepack je verzija kultnog Fj\u00e4llr\u00e4ven ruksaka i mo\u017ee biti ruksak kada vozite bicikl ili torba za rame kada se ukrcavate u prepun autobus. Ima glavni pretinac s patentnim zatvara\u010dem i unutarnji d\u017eep s podstavljenom bazom za 13-in\u010dni laptop. Zahvaljuju\u0107i jastu\u010di\u0107u za sjedenje koji se nalazi na stra\u017enjoj strani glavnog pretinca, uvijek mo\u017eete napraviti pauzu, gdje god se nalazili.<\/p>\n","protected":false},"excerpt":{"rendered":"<p>Posebna verzija K\u00e5nkena koja slu\u017ei kao ruksak i torba za rame. Proizvedeno bez PFAS-a.<\/p>\n","protected":false},"featured_media":1022707,"template":"","meta":[],"product_brand":[132],"product_cat":[151],"product_tag":[578,479,500,520,501,485],"class_list":{"0":"post-1020161","1":"product","2":"type-product","3":"status-publish","4":"has-post-thumbnail","6":"product_brand-kanken","7":"product_cat-ruksaci-i-torbe","8":"product_tag-dnevni-ruksaci","9":"product_tag-everyday-outdoor","10":"product_tag-kanken","11":"product_tag-kanken-classic","12":"product_tag-svakodnevni-ruksaci","13":"product_tag-unisex","15":"first","16":"outofstock","17":"shipping-taxable","18":"purchasable","19":"product-type-variable"},"_links":{"self":[{"href":"https:\/\/fjallraven.dev.mortar.tovarnaidej.com\/sl\/wp-json\/wp\/v2\/product\/1020161","targetHints":{"allow":["GET"]}}],"collection":[{"href":"https:\/\/fjallraven.dev.mortar.tovarnaidej.com\/sl\/wp-json\/wp\/v2\/product"}],"about":[{"href":"https:\/\/fjallraven.dev.mortar.tovarnaidej.com\/sl\/wp-json\/wp\/v2\/types\/product"}],"version-history":[{"count":1,"href":"https:\/\/fjallraven.dev.mortar.tovarnaidej.com\/sl\/wp-json\/wp\/v2\/product\/1020161\/revisions"}],"predecessor-version":[{"id":1020180,"href":"https:\/\/fjallraven.dev.mortar.tovarnaidej.com\/sl\/wp-json\/wp\/v2\/product\/1020161\/revisions\/1020180"}],"wp:featuredmedia":[{"embeddable":true,"href":"https:\/\/fjallraven.dev.mortar.tovarnaidej.com\/sl\/wp-json\/wp\/v2\/media\/1022707"}],"wp:attachment":[{"href":"https:\/\/fjallraven.dev.mortar.tovarnaidej.com\/sl\/wp-json\/wp\/v2\/media?parent=1020161"}],"wp:term":[{"taxonomy":"product_brand","embeddable":true,"href":"https:\/\/fjallraven.dev.mortar.tovarnaidej.com\/sl\/wp-json\/wp\/v2\/product_brand?post=1020161"},{"taxonomy":"product_cat","embeddable":true,"href":"https:\/\/fjallraven.dev.mortar.tovarnaidej.com\/sl\/wp-json\/wp\/v2\/product_cat?post=1020161"},{"taxonomy":"product_tag","embeddable":true,"href":"https:\/\/fjallraven.dev.mortar.tovarnaidej.com\/sl\/wp-json\/wp\/v2\/product_tag?post=1020161"}],"curies":[{"name":"wp","href":"https:\/\/api.w.org\/{rel}","templated":true}]}}