{"id":1020196,"date":"2025-11-21T09:27:06","date_gmt":"2025-11-21T09:27:06","guid":{"rendered":"https:\/\/fjallraven.dev.mortar.tovarnaidej.com\/?post_type=product&#038;p=1020196"},"modified":"2025-11-27T12:11:01","modified_gmt":"2025-11-27T12:11:01","slug":"kanken-keyring","status":"publish","type":"product","link":"https:\/\/fjallraven.dev.mortar.tovarnaidej.com\/sl\/izdelek\/kanken-keyring\/","title":{"rendered":"K\u00e5nken Keyring"},"content":{"rendered":"<p>Dajte svojim klju\u010devima osobni pe\u010dat ovim \u0161arenim privjeskom za klju\u010deve. Dio je K\u00e5nken Essentials, serije pametnih dodataka za boravak na otvorenom, putovanja i svakodnevnu upotrebu.<\/p>\n","protected":false},"excerpt":{"rendered":"<p>Prakti\u010dni privjesak za klju\u010deve s petljom od trake koja se koristi za K\u00e5nken remene. Proizvedeno bez PFAS-a.<\/p>\n","protected":false},"featured_media":1022790,"template":"","meta":[],"product_brand":[132],"product_cat":[156],"product_tag":[479,500,526,492,485],"class_list":{"0":"post-1020196","1":"product","2":"type-product","3":"status-publish","4":"has-post-thumbnail","6":"product_brand-kanken","7":"product_cat-dodaci","8":"product_tag-everyday-outdoor","9":"product_tag-kanken","10":"product_tag-kanken-dodaci","11":"product_tag-novcanik-i-male-torbice","12":"product_tag-unisex","14":"first","15":"outofstock","16":"shipping-taxable","17":"purchasable","18":"product-type-variable"},"_links":{"self":[{"href":"https:\/\/fjallraven.dev.mortar.tovarnaidej.com\/sl\/wp-json\/wp\/v2\/product\/1020196","targetHints":{"allow":["GET"]}}],"collection":[{"href":"https:\/\/fjallraven.dev.mortar.tovarnaidej.com\/sl\/wp-json\/wp\/v2\/product"}],"about":[{"href":"https:\/\/fjallraven.dev.mortar.tovarnaidej.com\/sl\/wp-json\/wp\/v2\/types\/product"}],"version-history":[{"count":1,"href":"https:\/\/fjallraven.dev.mortar.tovarnaidej.com\/sl\/wp-json\/wp\/v2\/product\/1020196\/revisions"}],"predecessor-version":[{"id":1020208,"href":"https:\/\/fjallraven.dev.mortar.tovarnaidej.com\/sl\/wp-json\/wp\/v2\/product\/1020196\/revisions\/1020208"}],"wp:featuredmedia":[{"embeddable":true,"href":"https:\/\/fjallraven.dev.mortar.tovarnaidej.com\/sl\/wp-json\/wp\/v2\/media\/1022790"}],"wp:attachment":[{"href":"https:\/\/fjallraven.dev.mortar.tovarnaidej.com\/sl\/wp-json\/wp\/v2\/media?parent=1020196"}],"wp:term":[{"taxonomy":"product_brand","embeddable":true,"href":"https:\/\/fjallraven.dev.mortar.tovarnaidej.com\/sl\/wp-json\/wp\/v2\/product_brand?post=1020196"},{"taxonomy":"product_cat","embeddable":true,"href":"https:\/\/fjallraven.dev.mortar.tovarnaidej.com\/sl\/wp-json\/wp\/v2\/product_cat?post=1020196"},{"taxonomy":"product_tag","embeddable":true,"href":"https:\/\/fjallraven.dev.mortar.tovarnaidej.com\/sl\/wp-json\/wp\/v2\/product_tag?post=1020196"}],"curies":[{"name":"wp","href":"https:\/\/api.w.org\/{rel}","templated":true}]}}