{"id":1020198,"date":"2025-11-21T09:27:06","date_gmt":"2025-11-21T09:27:06","guid":{"rendered":"https:\/\/fjallraven.dev.mortar.tovarnaidej.com\/?post_type=product&#038;p=1020198"},"modified":"2025-11-27T12:11:00","modified_gmt":"2025-11-27T12:11:00","slug":"kanken-bottle-pocket","status":"publish","type":"product","link":"https:\/\/fjallraven.dev.mortar.tovarnaidej.com\/sl\/izdelek\/kanken-bottle-pocket\/","title":{"rendered":"K\u00e5nken Bottle Pocket"},"content":{"rendered":"<p>Pro\u0161irite mogu\u0107nosti svog K\u00e5nken ruksaka ovim prakti\u010dnim d\u017eepom za bocu. Izra\u0111en od klasi\u010dne Vinylon tkanine s \u010deli\u010dnim okvirom koji se uvla\u010di u bo\u010dni d\u017eep Va\u0161eg K\u00e5nken ruksaka. Tako\u0111er ima zatvaranje s elasti\u010dnom vrpcom na vrhu kako bi sadr\u017eaj ostao na mjestu. Izvrstan dodatak kada Vam je potrebno malo dodatnog prostora u Va\u0161em omiljenom ruksaku, a ujedno Vam omogu\u0107uje i personalizaciju Va\u0161eg K\u00e5nken ruksaka kombiniranjem omiljenih boja.<\/p>\n","protected":false},"excerpt":{"rendered":"<p>Prakti\u010dni dodatni bo\u010dni d\u017eep za K\u00e5nken ruksake. Proizvedeno bez PFAS-a.<\/p>\n","protected":false},"featured_media":1022803,"template":"","meta":[],"product_brand":[132],"product_cat":[156],"product_tag":[479,500,526,492,485],"class_list":{"0":"post-1020198","1":"product","2":"type-product","3":"status-publish","4":"has-post-thumbnail","6":"product_brand-kanken","7":"product_cat-dodaci","8":"product_tag-everyday-outdoor","9":"product_tag-kanken","10":"product_tag-kanken-dodaci","11":"product_tag-novcanik-i-male-torbice","12":"product_tag-unisex","14":"first","15":"outofstock","16":"shipping-taxable","17":"purchasable","18":"product-type-variable"},"_links":{"self":[{"href":"https:\/\/fjallraven.dev.mortar.tovarnaidej.com\/sl\/wp-json\/wp\/v2\/product\/1020198","targetHints":{"allow":["GET"]}}],"collection":[{"href":"https:\/\/fjallraven.dev.mortar.tovarnaidej.com\/sl\/wp-json\/wp\/v2\/product"}],"about":[{"href":"https:\/\/fjallraven.dev.mortar.tovarnaidej.com\/sl\/wp-json\/wp\/v2\/types\/product"}],"version-history":[{"count":1,"href":"https:\/\/fjallraven.dev.mortar.tovarnaidej.com\/sl\/wp-json\/wp\/v2\/product\/1020198\/revisions"}],"predecessor-version":[{"id":1020218,"href":"https:\/\/fjallraven.dev.mortar.tovarnaidej.com\/sl\/wp-json\/wp\/v2\/product\/1020198\/revisions\/1020218"}],"wp:featuredmedia":[{"embeddable":true,"href":"https:\/\/fjallraven.dev.mortar.tovarnaidej.com\/sl\/wp-json\/wp\/v2\/media\/1022803"}],"wp:attachment":[{"href":"https:\/\/fjallraven.dev.mortar.tovarnaidej.com\/sl\/wp-json\/wp\/v2\/media?parent=1020198"}],"wp:term":[{"taxonomy":"product_brand","embeddable":true,"href":"https:\/\/fjallraven.dev.mortar.tovarnaidej.com\/sl\/wp-json\/wp\/v2\/product_brand?post=1020198"},{"taxonomy":"product_cat","embeddable":true,"href":"https:\/\/fjallraven.dev.mortar.tovarnaidej.com\/sl\/wp-json\/wp\/v2\/product_cat?post=1020198"},{"taxonomy":"product_tag","embeddable":true,"href":"https:\/\/fjallraven.dev.mortar.tovarnaidej.com\/sl\/wp-json\/wp\/v2\/product_tag?post=1020198"}],"curies":[{"name":"wp","href":"https:\/\/api.w.org\/{rel}","templated":true}]}}