{"id":1020232,"date":"2025-11-21T09:27:15","date_gmt":"2025-11-21T09:27:15","guid":{"rendered":"https:\/\/fjallraven.dev.mortar.tovarnaidej.com\/?post_type=product&#038;p=1020232"},"modified":"2025-11-27T12:11:00","modified_gmt":"2025-11-27T12:11:00","slug":"kanken-no-2-laptop-15","status":"publish","type":"product","link":"https:\/\/fjallraven.dev.mortar.tovarnaidej.com\/sl\/izdelek\/kanken-no-2-laptop-15\/","title":{"rendered":"K\u00e5nken No. 2 Laptop 15"},"content":{"rendered":"<p>Verzija K\u00e5nken br. 2 za prijenosno ra\u010dunalo. Izra\u0111en od G-1000 HeavyDuty materijala s podstavljenim odjeljkom za ra\u010dunalo i ko\u017enim detaljima. Dolazi s klasi\u010dnim K\u00e5nken podstavljenim sjedi\u0161tem i udobnim podstavljenim naramenicama. Prakti\u010dan ruksak za svaki dan koji je napravljen da traje.<\/p>\n","protected":false},"excerpt":{"rendered":"<p>Verzija K\u00e5nken br. 2 za prijenosno ra\u010dunalo. Izra\u0111ena od G-1000 HeavyDuty materijala s podstavljenim odjeljkom za ra\u010dunalo i ko\u017enim detaljima. Proizvedeno bez PFAS-a.<\/p>\n","protected":false},"featured_media":1022859,"template":"","meta":[],"product_brand":[132],"product_cat":[151],"product_tag":[578,479,500,524,501,485],"class_list":{"0":"post-1020232","1":"product","2":"type-product","3":"status-publish","4":"has-post-thumbnail","6":"product_brand-kanken","7":"product_cat-ruksaci-i-torbe","8":"product_tag-dnevni-ruksaci","9":"product_tag-everyday-outdoor","10":"product_tag-kanken","11":"product_tag-kanken-no2","12":"product_tag-svakodnevni-ruksaci","13":"product_tag-unisex","15":"first","16":"outofstock","17":"shipping-taxable","18":"purchasable","19":"product-type-variable"},"_links":{"self":[{"href":"https:\/\/fjallraven.dev.mortar.tovarnaidej.com\/sl\/wp-json\/wp\/v2\/product\/1020232","targetHints":{"allow":["GET"]}}],"collection":[{"href":"https:\/\/fjallraven.dev.mortar.tovarnaidej.com\/sl\/wp-json\/wp\/v2\/product"}],"about":[{"href":"https:\/\/fjallraven.dev.mortar.tovarnaidej.com\/sl\/wp-json\/wp\/v2\/types\/product"}],"version-history":[{"count":1,"href":"https:\/\/fjallraven.dev.mortar.tovarnaidej.com\/sl\/wp-json\/wp\/v2\/product\/1020232\/revisions"}],"predecessor-version":[{"id":1020243,"href":"https:\/\/fjallraven.dev.mortar.tovarnaidej.com\/sl\/wp-json\/wp\/v2\/product\/1020232\/revisions\/1020243"}],"wp:featuredmedia":[{"embeddable":true,"href":"https:\/\/fjallraven.dev.mortar.tovarnaidej.com\/sl\/wp-json\/wp\/v2\/media\/1022859"}],"wp:attachment":[{"href":"https:\/\/fjallraven.dev.mortar.tovarnaidej.com\/sl\/wp-json\/wp\/v2\/media?parent=1020232"}],"wp:term":[{"taxonomy":"product_brand","embeddable":true,"href":"https:\/\/fjallraven.dev.mortar.tovarnaidej.com\/sl\/wp-json\/wp\/v2\/product_brand?post=1020232"},{"taxonomy":"product_cat","embeddable":true,"href":"https:\/\/fjallraven.dev.mortar.tovarnaidej.com\/sl\/wp-json\/wp\/v2\/product_cat?post=1020232"},{"taxonomy":"product_tag","embeddable":true,"href":"https:\/\/fjallraven.dev.mortar.tovarnaidej.com\/sl\/wp-json\/wp\/v2\/product_tag?post=1020232"}],"curies":[{"name":"wp","href":"https:\/\/api.w.org\/{rel}","templated":true}]}}