{"id":1020272,"date":"2025-11-21T09:27:22","date_gmt":"2025-11-21T09:27:22","guid":{"rendered":"https:\/\/fjallraven.dev.mortar.tovarnaidej.com\/?post_type=product&#038;p=1020272"},"modified":"2025-11-27T12:10:59","modified_gmt":"2025-11-27T12:10:59","slug":"pocket","status":"publish","type":"product","link":"https:\/\/fjallraven.dev.mortar.tovarnaidej.com\/sl\/izdelek\/pocket\/","title":{"rendered":"Pocket"},"content":{"rendered":"<p>Savr\u0161en modni dodatak: dodatni d\u017eep! Vi\u0161eslojna mala torbica od izdr\u017eljivog G-1000 HeavyDuty materijala s dizajnom inspiriranim d\u017eepovima na klasi\u010dnim Fj\u00e4llr\u00e4venovim odjevnim predmetima Greenland. Prakti\u010dna za putovanja i dovoljno mala da se nosi s unutarnje strane jakne. Glavni otvor ima unutarnji d\u017eep za telefon. Sigurnosni d\u017eep s patentnim zatvara\u010dem na stra\u017enjoj strani. Podesivi tekstilni remen.<\/p>\n","protected":false},"excerpt":{"rendered":"<p>Vi\u0161eslojna mala torbica izra\u0111ena od G-1000 HeavyDuty materijala. Podesivi remen, glavni pretinac s d\u017eepom za telefon i sigurnosnim d\u017eepom na stra\u017enjoj strani. Proizvedeno bez PFAS-a.<\/p>\n","protected":false},"featured_media":1022984,"template":"","meta":[],"product_brand":[460],"product_cat":[151],"product_tag":[578,479,492,480,579,485],"class_list":{"0":"post-1020272","1":"product","2":"type-product","3":"status-publish","4":"has-post-thumbnail","6":"product_brand-ovik","7":"product_cat-ruksaci-i-torbe","8":"product_tag-dnevni-ruksaci","9":"product_tag-everyday-outdoor","10":"product_tag-novcanik-i-male-torbice","11":"product_tag-ovik","12":"product_tag-torbice","13":"product_tag-unisex","15":"first","16":"outofstock","17":"shipping-taxable","18":"purchasable","19":"product-type-variable"},"_links":{"self":[{"href":"https:\/\/fjallraven.dev.mortar.tovarnaidej.com\/sl\/wp-json\/wp\/v2\/product\/1020272","targetHints":{"allow":["GET"]}}],"collection":[{"href":"https:\/\/fjallraven.dev.mortar.tovarnaidej.com\/sl\/wp-json\/wp\/v2\/product"}],"about":[{"href":"https:\/\/fjallraven.dev.mortar.tovarnaidej.com\/sl\/wp-json\/wp\/v2\/types\/product"}],"version-history":[{"count":1,"href":"https:\/\/fjallraven.dev.mortar.tovarnaidej.com\/sl\/wp-json\/wp\/v2\/product\/1020272\/revisions"}],"predecessor-version":[{"id":1020294,"href":"https:\/\/fjallraven.dev.mortar.tovarnaidej.com\/sl\/wp-json\/wp\/v2\/product\/1020272\/revisions\/1020294"}],"wp:featuredmedia":[{"embeddable":true,"href":"https:\/\/fjallraven.dev.mortar.tovarnaidej.com\/sl\/wp-json\/wp\/v2\/media\/1022984"}],"wp:attachment":[{"href":"https:\/\/fjallraven.dev.mortar.tovarnaidej.com\/sl\/wp-json\/wp\/v2\/media?parent=1020272"}],"wp:term":[{"taxonomy":"product_brand","embeddable":true,"href":"https:\/\/fjallraven.dev.mortar.tovarnaidej.com\/sl\/wp-json\/wp\/v2\/product_brand?post=1020272"},{"taxonomy":"product_cat","embeddable":true,"href":"https:\/\/fjallraven.dev.mortar.tovarnaidej.com\/sl\/wp-json\/wp\/v2\/product_cat?post=1020272"},{"taxonomy":"product_tag","embeddable":true,"href":"https:\/\/fjallraven.dev.mortar.tovarnaidej.com\/sl\/wp-json\/wp\/v2\/product_tag?post=1020272"}],"curies":[{"name":"wp","href":"https:\/\/api.w.org\/{rel}","templated":true}]}}