{"id":1020308,"date":"2025-11-21T09:27:30","date_gmt":"2025-11-21T09:27:30","guid":{"rendered":"https:\/\/fjallraven.dev.mortar.tovarnaidej.com\/?post_type=product&#038;p=1020308"},"modified":"2025-11-27T12:10:58","modified_gmt":"2025-11-27T12:10:58","slug":"vardag-duffel-30","status":"publish","type":"product","link":"https:\/\/fjallraven.dev.mortar.tovarnaidej.com\/sl\/izdelek\/vardag-duffel-30\/","title":{"rendered":"Vardag Duffel 30"},"content":{"rendered":"<p>Oprema za trening, oprema za pla\u017eu ili hrpa dobrih knjiga \u2013 Vardag Duffel ima mjesta za sve. Prostrani glavni odjeljak ima unutarnji d\u017eep od mre\u017eastog materijala i lagano podstavljeno dno. S vanjskom stranom od izdr\u017eljivog G-1000 HeavyDuty S materijala, jednako je prikladan za svakodnevne odlaske na posao ili u \u0161kolu,kao i za kra\u0107a vikend putovanja.<\/p>\n","protected":false},"excerpt":{"rendered":"<p>Robusna putna torba izra\u0111ena od izdr\u017eljivog G-1000 materijala za svakodnevnu upotrebu i kra\u0107a putovanja. Proizvedeno bez PFAS-a.<\/p>\n","protected":false},"featured_media":1023054,"template":"","meta":[],"product_brand":[467],"product_cat":[151],"product_tag":[578,479,502,596,485,503],"class_list":{"0":"post-1020308","1":"product","2":"type-product","3":"status-publish","4":"has-post-thumbnail","6":"product_brand-vardag","7":"product_cat-ruksaci-i-torbe","8":"product_tag-dnevni-ruksaci","9":"product_tag-everyday-outdoor","10":"product_tag-prtljaga-i-velike-torbe","11":"product_tag-torbe-2","12":"product_tag-unisex","13":"product_tag-vardag","15":"first","16":"outofstock","17":"shipping-taxable","18":"purchasable","19":"product-type-variable"},"_links":{"self":[{"href":"https:\/\/fjallraven.dev.mortar.tovarnaidej.com\/sl\/wp-json\/wp\/v2\/product\/1020308","targetHints":{"allow":["GET"]}}],"collection":[{"href":"https:\/\/fjallraven.dev.mortar.tovarnaidej.com\/sl\/wp-json\/wp\/v2\/product"}],"about":[{"href":"https:\/\/fjallraven.dev.mortar.tovarnaidej.com\/sl\/wp-json\/wp\/v2\/types\/product"}],"version-history":[{"count":1,"href":"https:\/\/fjallraven.dev.mortar.tovarnaidej.com\/sl\/wp-json\/wp\/v2\/product\/1020308\/revisions"}],"predecessor-version":[{"id":1020320,"href":"https:\/\/fjallraven.dev.mortar.tovarnaidej.com\/sl\/wp-json\/wp\/v2\/product\/1020308\/revisions\/1020320"}],"wp:featuredmedia":[{"embeddable":true,"href":"https:\/\/fjallraven.dev.mortar.tovarnaidej.com\/sl\/wp-json\/wp\/v2\/media\/1023054"}],"wp:attachment":[{"href":"https:\/\/fjallraven.dev.mortar.tovarnaidej.com\/sl\/wp-json\/wp\/v2\/media?parent=1020308"}],"wp:term":[{"taxonomy":"product_brand","embeddable":true,"href":"https:\/\/fjallraven.dev.mortar.tovarnaidej.com\/sl\/wp-json\/wp\/v2\/product_brand?post=1020308"},{"taxonomy":"product_cat","embeddable":true,"href":"https:\/\/fjallraven.dev.mortar.tovarnaidej.com\/sl\/wp-json\/wp\/v2\/product_cat?post=1020308"},{"taxonomy":"product_tag","embeddable":true,"href":"https:\/\/fjallraven.dev.mortar.tovarnaidej.com\/sl\/wp-json\/wp\/v2\/product_tag?post=1020308"}],"curies":[{"name":"wp","href":"https:\/\/api.w.org\/{rel}","templated":true}]}}