{"id":1020313,"date":"2025-11-21T09:27:30","date_gmt":"2025-11-21T09:27:30","guid":{"rendered":"https:\/\/fjallraven.dev.mortar.tovarnaidej.com\/?post_type=product&#038;p=1020313"},"modified":"2025-11-27T12:10:58","modified_gmt":"2025-11-27T12:10:58","slug":"singi-belt-4-cm","status":"publish","type":"product","link":"https:\/\/fjallraven.dev.mortar.tovarnaidej.com\/sl\/izdelek\/singi-belt-4-cm\/","title":{"rendered":"Singi Belt 4 cm"},"content":{"rendered":"<p>Ko\u017eni remen \u0161tavljen biljnim postupkom, proizveden u na\u0161oj \u0161vedskoj tvornici remena. Prekrasna rustikalna ko\u017ea s otvorenom povr\u0161inom koja \u0107e s vi\u0161e kori\u0161tenja izgledati sve bolje. \u0160irina 40 mm s metalnom kop\u010dom. Utisnuti logotip na om\u010di za remen.<\/p>\n","protected":false},"excerpt":{"rendered":"<p>Remen od biljno \u0161tavljene rustikalne ko\u017ee. \u0160irina 40 mm s metalnom kop\u010dom. Proizvedeno bez PFAS-a.<\/p>\n","protected":false},"featured_media":1023107,"template":"","meta":[],"product_brand":[461],"product_cat":[191],"product_tag":[542,488,471,485],"class_list":{"0":"post-1020313","1":"product","2":"type-product","3":"status-publish","4":"has-post-thumbnail","6":"product_brand-singi","7":"product_cat-dodaci-za-odjecu","8":"product_tag-dodaci-remeni","9":"product_tag-singi","10":"product_tag-trekking","11":"product_tag-unisex","13":"first","14":"outofstock","15":"shipping-taxable","16":"purchasable","17":"product-type-variable"},"_links":{"self":[{"href":"https:\/\/fjallraven.dev.mortar.tovarnaidej.com\/sl\/wp-json\/wp\/v2\/product\/1020313","targetHints":{"allow":["GET"]}}],"collection":[{"href":"https:\/\/fjallraven.dev.mortar.tovarnaidej.com\/sl\/wp-json\/wp\/v2\/product"}],"about":[{"href":"https:\/\/fjallraven.dev.mortar.tovarnaidej.com\/sl\/wp-json\/wp\/v2\/types\/product"}],"version-history":[{"count":1,"href":"https:\/\/fjallraven.dev.mortar.tovarnaidej.com\/sl\/wp-json\/wp\/v2\/product\/1020313\/revisions"}],"predecessor-version":[{"id":1020342,"href":"https:\/\/fjallraven.dev.mortar.tovarnaidej.com\/sl\/wp-json\/wp\/v2\/product\/1020313\/revisions\/1020342"}],"wp:featuredmedia":[{"embeddable":true,"href":"https:\/\/fjallraven.dev.mortar.tovarnaidej.com\/sl\/wp-json\/wp\/v2\/media\/1023107"}],"wp:attachment":[{"href":"https:\/\/fjallraven.dev.mortar.tovarnaidej.com\/sl\/wp-json\/wp\/v2\/media?parent=1020313"}],"wp:term":[{"taxonomy":"product_brand","embeddable":true,"href":"https:\/\/fjallraven.dev.mortar.tovarnaidej.com\/sl\/wp-json\/wp\/v2\/product_brand?post=1020313"},{"taxonomy":"product_cat","embeddable":true,"href":"https:\/\/fjallraven.dev.mortar.tovarnaidej.com\/sl\/wp-json\/wp\/v2\/product_cat?post=1020313"},{"taxonomy":"product_tag","embeddable":true,"href":"https:\/\/fjallraven.dev.mortar.tovarnaidej.com\/sl\/wp-json\/wp\/v2\/product_tag?post=1020313"}],"curies":[{"name":"wp","href":"https:\/\/api.w.org\/{rel}","templated":true}]}}