{"id":1020345,"date":"2025-11-21T09:27:38","date_gmt":"2025-11-21T09:27:38","guid":{"rendered":"https:\/\/fjallraven.dev.mortar.tovarnaidej.com\/?post_type=product&#038;p=1020345"},"modified":"2025-11-27T12:10:58","modified_gmt":"2025-11-27T12:10:58","slug":"ovik-wallet","status":"publish","type":"product","link":"https:\/\/fjallraven.dev.mortar.tovarnaidej.com\/sl\/izdelek\/ovik-wallet\/","title":{"rendered":"\u00d6vik Wallet"},"content":{"rendered":"<p>Jednostavan, klasi\u010dan nov\u010danik od biljno \u0161tavljene ko\u017ee. Izra\u0111en u na\u0161oj \u0161vedskoj tvornici od rustikalne ko\u017ee s otvorenom povr\u0161inom koja s kori\u0161tenjem poprima prekrasan sjaj. Pretinci za nov\u010danice, kreditne kartice i posjetnice. Logotip Fj\u00e4llr\u00e4ven sprijeda.<\/p>\n","protected":false},"excerpt":{"rendered":"<p>Klasi\u010dni nov\u010danik od biljno \u0161tavljene ko\u017ee koji kori\u0161tenjem poprima prekrasan sjaj. Pretinci za nov\u010danice, kreditne kartice i posjetnice. Proizvedeno bez PFAS-a.<\/p>\n","protected":false},"featured_media":1023119,"template":"","meta":[],"product_brand":[460],"product_cat":[156],"product_tag":[594,479,492,580,480,485],"class_list":{"0":"post-1020345","1":"product","2":"type-product","3":"status-publish","4":"has-post-thumbnail","6":"product_brand-ovik","7":"product_cat-dodaci","8":"product_tag-dodaci-ostalo-2","9":"product_tag-everyday-outdoor","10":"product_tag-novcanik-i-male-torbice","11":"product_tag-novcaniki","12":"product_tag-ovik","13":"product_tag-unisex","15":"first","16":"outofstock","17":"shipping-taxable","18":"purchasable","19":"product-type-variable"},"_links":{"self":[{"href":"https:\/\/fjallraven.dev.mortar.tovarnaidej.com\/sl\/wp-json\/wp\/v2\/product\/1020345","targetHints":{"allow":["GET"]}}],"collection":[{"href":"https:\/\/fjallraven.dev.mortar.tovarnaidej.com\/sl\/wp-json\/wp\/v2\/product"}],"about":[{"href":"https:\/\/fjallraven.dev.mortar.tovarnaidej.com\/sl\/wp-json\/wp\/v2\/types\/product"}],"version-history":[{"count":1,"href":"https:\/\/fjallraven.dev.mortar.tovarnaidej.com\/sl\/wp-json\/wp\/v2\/product\/1020345\/revisions"}],"predecessor-version":[{"id":1020359,"href":"https:\/\/fjallraven.dev.mortar.tovarnaidej.com\/sl\/wp-json\/wp\/v2\/product\/1020345\/revisions\/1020359"}],"wp:featuredmedia":[{"embeddable":true,"href":"https:\/\/fjallraven.dev.mortar.tovarnaidej.com\/sl\/wp-json\/wp\/v2\/media\/1023119"}],"wp:attachment":[{"href":"https:\/\/fjallraven.dev.mortar.tovarnaidej.com\/sl\/wp-json\/wp\/v2\/media?parent=1020345"}],"wp:term":[{"taxonomy":"product_brand","embeddable":true,"href":"https:\/\/fjallraven.dev.mortar.tovarnaidej.com\/sl\/wp-json\/wp\/v2\/product_brand?post=1020345"},{"taxonomy":"product_cat","embeddable":true,"href":"https:\/\/fjallraven.dev.mortar.tovarnaidej.com\/sl\/wp-json\/wp\/v2\/product_cat?post=1020345"},{"taxonomy":"product_tag","embeddable":true,"href":"https:\/\/fjallraven.dev.mortar.tovarnaidej.com\/sl\/wp-json\/wp\/v2\/product_tag?post=1020345"}],"curies":[{"name":"wp","href":"https:\/\/api.w.org\/{rel}","templated":true}]}}