{"id":1020348,"date":"2025-11-21T09:27:38","date_gmt":"2025-11-21T09:27:38","guid":{"rendered":"https:\/\/fjallraven.dev.mortar.tovarnaidej.com\/?post_type=product&#038;p=1020348"},"modified":"2025-11-27T12:10:58","modified_gmt":"2025-11-27T12:10:58","slug":"g1000-seat-pad","status":"publish","type":"product","link":"https:\/\/fjallraven.dev.mortar.tovarnaidej.com\/sl\/izdelek\/g1000-seat-pad\/","title":{"rendered":"G1000 Seat Pad"},"content":{"rendered":"<p>Prakti\u010dna, sklopiva podloga za sjedalo s pjenastim punjenjem. Jedna strana je od izdr\u017eljivog G-1000 HeavyDuty materijala za dodatnu za\u0161titu od habanja i vlage, dok je druga strana od G-1000 Original materijala. Sklapa se ko\u017enim remenom i pritiskom na gumb.<\/p>\n","protected":false},"excerpt":{"rendered":"<p>Sklopiva podloga za sjedalo izra\u0111ena od G-1000 HeavyDuty materijala i G-1000 materijala s pjenastim punjenjem. Sklapa se ko\u017enim remenom i pritiskom na gumb. Proizvodi se bez PFAS-a.<\/p>\n","protected":false},"featured_media":1023131,"template":"","meta":[],"product_brand":[460],"product_cat":[156],"product_tag":[584,594,496,479,480,485],"class_list":{"0":"post-1020348","1":"product","2":"type-product","3":"status-publish","4":"has-post-thumbnail","6":"product_brand-ovik","7":"product_cat-dodaci","8":"product_tag-dodaci-oprema","9":"product_tag-dodaci-ostalo-2","10":"product_tag-dodaci-za-ruksake-i-torbe","11":"product_tag-everyday-outdoor","12":"product_tag-ovik","13":"product_tag-unisex","15":"first","16":"outofstock","17":"shipping-taxable","18":"purchasable","19":"product-type-variable"},"_links":{"self":[{"href":"https:\/\/fjallraven.dev.mortar.tovarnaidej.com\/sl\/wp-json\/wp\/v2\/product\/1020348","targetHints":{"allow":["GET"]}}],"collection":[{"href":"https:\/\/fjallraven.dev.mortar.tovarnaidej.com\/sl\/wp-json\/wp\/v2\/product"}],"about":[{"href":"https:\/\/fjallraven.dev.mortar.tovarnaidej.com\/sl\/wp-json\/wp\/v2\/types\/product"}],"version-history":[{"count":1,"href":"https:\/\/fjallraven.dev.mortar.tovarnaidej.com\/sl\/wp-json\/wp\/v2\/product\/1020348\/revisions"}],"predecessor-version":[{"id":1020368,"href":"https:\/\/fjallraven.dev.mortar.tovarnaidej.com\/sl\/wp-json\/wp\/v2\/product\/1020348\/revisions\/1020368"}],"wp:featuredmedia":[{"embeddable":true,"href":"https:\/\/fjallraven.dev.mortar.tovarnaidej.com\/sl\/wp-json\/wp\/v2\/media\/1023131"}],"wp:attachment":[{"href":"https:\/\/fjallraven.dev.mortar.tovarnaidej.com\/sl\/wp-json\/wp\/v2\/media?parent=1020348"}],"wp:term":[{"taxonomy":"product_brand","embeddable":true,"href":"https:\/\/fjallraven.dev.mortar.tovarnaidej.com\/sl\/wp-json\/wp\/v2\/product_brand?post=1020348"},{"taxonomy":"product_cat","embeddable":true,"href":"https:\/\/fjallraven.dev.mortar.tovarnaidej.com\/sl\/wp-json\/wp\/v2\/product_cat?post=1020348"},{"taxonomy":"product_tag","embeddable":true,"href":"https:\/\/fjallraven.dev.mortar.tovarnaidej.com\/sl\/wp-json\/wp\/v2\/product_tag?post=1020348"}],"curies":[{"name":"wp","href":"https:\/\/api.w.org\/{rel}","templated":true}]}}