{"id":1020417,"date":"2025-11-21T09:27:54","date_gmt":"2025-11-21T09:27:54","guid":{"rendered":"https:\/\/fjallraven.dev.mortar.tovarnaidej.com\/?post_type=product&#038;p=1020417"},"modified":"2025-11-27T12:10:57","modified_gmt":"2025-11-27T12:10:57","slug":"1960-logo-langtradarkeps","status":"publish","type":"product","link":"https:\/\/fjallraven.dev.mortar.tovarnaidej.com\/sl\/izdelek\/1960-logo-langtradarkeps\/","title":{"rendered":"1960 Logo L\u00e5ngtradarkeps"},"content":{"rendered":"<p>Dobra kapa rje\u0161ava problem lo\u0161e kose i zna\u010di da ne morate \u017emiriti za sun\u010danih dana. Ovaj klasi\u010dni model za voza\u010de kamiona ima visoki prednji dio od G-1000 materijala, dok je ostatak kape od mre\u017eastog materijala izra\u0111enog od recikliranog poliestera. Fj\u00e4llr\u00e4ven amblem sprijeda, a veli\u010dina se mo\u017ee podesiti kop\u010dom straga.<\/p>\n","protected":false},"excerpt":{"rendered":"<p>Udobna kapa od G-1000 materijala i mre\u017eice od recikliranog poliestera. Proizvedeno bez PFAS-a.<\/p>\n","protected":false},"featured_media":1023544,"template":"","meta":[],"product_brand":[460],"product_cat":[266],"product_tag":[479,541,484,480,485],"class_list":{"0":"post-1020417","1":"product","2":"type-product","3":"status-publish","4":"has-post-thumbnail","6":"product_brand-ovik","7":"product_cat-dodaci-za-odjecu","8":"product_tag-everyday-outdoor","9":"product_tag-dodaci-kape","10":"product_tag-kape-sa-siltom","11":"product_tag-ovik","12":"product_tag-unisex","14":"first","15":"outofstock","16":"shipping-taxable","17":"purchasable","18":"product-type-variable"},"_links":{"self":[{"href":"https:\/\/fjallraven.dev.mortar.tovarnaidej.com\/sl\/wp-json\/wp\/v2\/product\/1020417","targetHints":{"allow":["GET"]}}],"collection":[{"href":"https:\/\/fjallraven.dev.mortar.tovarnaidej.com\/sl\/wp-json\/wp\/v2\/product"}],"about":[{"href":"https:\/\/fjallraven.dev.mortar.tovarnaidej.com\/sl\/wp-json\/wp\/v2\/types\/product"}],"version-history":[{"count":1,"href":"https:\/\/fjallraven.dev.mortar.tovarnaidej.com\/sl\/wp-json\/wp\/v2\/product\/1020417\/revisions"}],"predecessor-version":[{"id":1020424,"href":"https:\/\/fjallraven.dev.mortar.tovarnaidej.com\/sl\/wp-json\/wp\/v2\/product\/1020417\/revisions\/1020424"}],"wp:featuredmedia":[{"embeddable":true,"href":"https:\/\/fjallraven.dev.mortar.tovarnaidej.com\/sl\/wp-json\/wp\/v2\/media\/1023544"}],"wp:attachment":[{"href":"https:\/\/fjallraven.dev.mortar.tovarnaidej.com\/sl\/wp-json\/wp\/v2\/media?parent=1020417"}],"wp:term":[{"taxonomy":"product_brand","embeddable":true,"href":"https:\/\/fjallraven.dev.mortar.tovarnaidej.com\/sl\/wp-json\/wp\/v2\/product_brand?post=1020417"},{"taxonomy":"product_cat","embeddable":true,"href":"https:\/\/fjallraven.dev.mortar.tovarnaidej.com\/sl\/wp-json\/wp\/v2\/product_cat?post=1020417"},{"taxonomy":"product_tag","embeddable":true,"href":"https:\/\/fjallraven.dev.mortar.tovarnaidej.com\/sl\/wp-json\/wp\/v2\/product_tag?post=1020417"}],"curies":[{"name":"wp","href":"https:\/\/api.w.org\/{rel}","templated":true}]}}