{"id":1020418,"date":"2025-11-21T09:27:54","date_gmt":"2025-11-21T09:27:54","guid":{"rendered":"https:\/\/fjallraven.dev.mortar.tovarnaidej.com\/?post_type=product&#038;p=1020418"},"modified":"2025-11-27T12:10:57","modified_gmt":"2025-11-27T12:10:57","slug":"1960-logo-hat","status":"publish","type":"product","link":"https:\/\/fjallraven.dev.mortar.tovarnaidej.com\/sl\/izdelek\/1960-logo-hat\/","title":{"rendered":"1960 Logo Hat"},"content":{"rendered":"<p>Rebrasto pletena kapa od mekane, tople janje\u0107e vune. \u010cvrsto, dvoslojno pletenje sa \u0161irokim preklopljenim rubom. Izvezeni Fj\u00e4llr\u00e4ven amblem sprijeda.<\/p>\n","protected":false},"excerpt":{"rendered":"<p>Robusna pletena kapa od janje\u0107e vune. Proizvedeno bez PFAS-a.<\/p>\n","protected":false},"featured_media":1023551,"template":"","meta":[],"product_brand":[460],"product_cat":[191],"product_tag":[479,541,480,485],"class_list":{"0":"post-1020418","1":"product","2":"type-product","3":"status-publish","4":"has-post-thumbnail","6":"product_brand-ovik","7":"product_cat-dodaci-za-odjecu","8":"product_tag-everyday-outdoor","9":"product_tag-dodaci-kape","10":"product_tag-ovik","11":"product_tag-unisex","13":"first","14":"outofstock","15":"shipping-taxable","16":"purchasable","17":"product-type-variable"},"_links":{"self":[{"href":"https:\/\/fjallraven.dev.mortar.tovarnaidej.com\/sl\/wp-json\/wp\/v2\/product\/1020418","targetHints":{"allow":["GET"]}}],"collection":[{"href":"https:\/\/fjallraven.dev.mortar.tovarnaidej.com\/sl\/wp-json\/wp\/v2\/product"}],"about":[{"href":"https:\/\/fjallraven.dev.mortar.tovarnaidej.com\/sl\/wp-json\/wp\/v2\/types\/product"}],"version-history":[{"count":1,"href":"https:\/\/fjallraven.dev.mortar.tovarnaidej.com\/sl\/wp-json\/wp\/v2\/product\/1020418\/revisions"}],"predecessor-version":[{"id":1020432,"href":"https:\/\/fjallraven.dev.mortar.tovarnaidej.com\/sl\/wp-json\/wp\/v2\/product\/1020418\/revisions\/1020432"}],"wp:featuredmedia":[{"embeddable":true,"href":"https:\/\/fjallraven.dev.mortar.tovarnaidej.com\/sl\/wp-json\/wp\/v2\/media\/1023551"}],"wp:attachment":[{"href":"https:\/\/fjallraven.dev.mortar.tovarnaidej.com\/sl\/wp-json\/wp\/v2\/media?parent=1020418"}],"wp:term":[{"taxonomy":"product_brand","embeddable":true,"href":"https:\/\/fjallraven.dev.mortar.tovarnaidej.com\/sl\/wp-json\/wp\/v2\/product_brand?post=1020418"},{"taxonomy":"product_cat","embeddable":true,"href":"https:\/\/fjallraven.dev.mortar.tovarnaidej.com\/sl\/wp-json\/wp\/v2\/product_cat?post=1020418"},{"taxonomy":"product_tag","embeddable":true,"href":"https:\/\/fjallraven.dev.mortar.tovarnaidej.com\/sl\/wp-json\/wp\/v2\/product_tag?post=1020418"}],"curies":[{"name":"wp","href":"https:\/\/api.w.org\/{rel}","templated":true}]}}