{"id":1020421,"date":"2025-11-21T09:27:55","date_gmt":"2025-11-21T09:27:55","guid":{"rendered":"https:\/\/fjallraven.dev.mortar.tovarnaidej.com\/?post_type=product&#038;p=1020421"},"modified":"2025-11-25T06:53:58","modified_gmt":"2025-11-25T06:53:58","slug":"kneepads","status":"publish","type":"product","link":"https:\/\/fjallraven.dev.mortar.tovarnaidej.com\/sl\/izdelek\/kneepads\/","title":{"rendered":"Kneepads"},"content":{"rendered":"<p>Ako \u010desto kle\u010dite, ovi \u0161titnici za koljena su neophodni. Za kori\u0161tenje s hla\u010dama koje imaju poseban d\u017eep tako da ih mo\u017eete staviti unutra ili izvaditi kad god \u017eelite. Vjerojatno \u0107ete uskoro shvatiti da ih nikada ne\u0107ete skidati jer su fleksibilni i udobni.<\/p>\n","protected":false},"excerpt":{"rendered":"<p>\u0160titnici za koljena za kori\u0161tenje u hla\u010dama s d\u017eepovima za \u0161titnike za koljena. Proizvedeno bez PFAS-a.<\/p>\n","protected":false},"featured_media":0,"template":"","meta":[],"product_brand":[],"product_cat":[191],"product_tag":[594,486,471,485],"class_list":{"0":"post-1020421","1":"product","2":"type-product","3":"status-publish","5":"product_cat-dodaci-za-odjecu","6":"product_tag-dodaci-ostalo-2","7":"product_tag-ostali-modni-dodaci","8":"product_tag-trekking","9":"product_tag-unisex","11":"first","12":"outofstock","13":"shipping-taxable","14":"product-type-variable"},"_links":{"self":[{"href":"https:\/\/fjallraven.dev.mortar.tovarnaidej.com\/sl\/wp-json\/wp\/v2\/product\/1020421","targetHints":{"allow":["GET"]}}],"collection":[{"href":"https:\/\/fjallraven.dev.mortar.tovarnaidej.com\/sl\/wp-json\/wp\/v2\/product"}],"about":[{"href":"https:\/\/fjallraven.dev.mortar.tovarnaidej.com\/sl\/wp-json\/wp\/v2\/types\/product"}],"version-history":[{"count":1,"href":"https:\/\/fjallraven.dev.mortar.tovarnaidej.com\/sl\/wp-json\/wp\/v2\/product\/1020421\/revisions"}],"predecessor-version":[{"id":1020438,"href":"https:\/\/fjallraven.dev.mortar.tovarnaidej.com\/sl\/wp-json\/wp\/v2\/product\/1020421\/revisions\/1020438"}],"wp:attachment":[{"href":"https:\/\/fjallraven.dev.mortar.tovarnaidej.com\/sl\/wp-json\/wp\/v2\/media?parent=1020421"}],"wp:term":[{"taxonomy":"product_brand","embeddable":true,"href":"https:\/\/fjallraven.dev.mortar.tovarnaidej.com\/sl\/wp-json\/wp\/v2\/product_brand?post=1020421"},{"taxonomy":"product_cat","embeddable":true,"href":"https:\/\/fjallraven.dev.mortar.tovarnaidej.com\/sl\/wp-json\/wp\/v2\/product_cat?post=1020421"},{"taxonomy":"product_tag","embeddable":true,"href":"https:\/\/fjallraven.dev.mortar.tovarnaidej.com\/sl\/wp-json\/wp\/v2\/product_tag?post=1020421"}],"curies":[{"name":"wp","href":"https:\/\/api.w.org\/{rel}","templated":true}]}}