{"id":1020422,"date":"2025-11-21T09:27:55","date_gmt":"2025-11-21T09:27:55","guid":{"rendered":"https:\/\/fjallraven.dev.mortar.tovarnaidej.com\/?post_type=product&#038;p=1020422"},"modified":"2025-11-27T12:10:57","modified_gmt":"2025-11-27T12:10:57","slug":"buck-fleece-m","status":"publish","type":"product","link":"https:\/\/fjallraven.dev.mortar.tovarnaidej.com\/sl\/izdelek\/buck-fleece-m\/","title":{"rendered":"Buck Fleece M"},"content":{"rendered":"<p>Mo\u017ee se nositi kao topli me\u0111usloj prilikom skijanja ili za opu\u0161tanje u kabini. G-1000\u00ae oja\u010danja na ramenima nude dodatnu izdr\u017eljivost i prakti\u010dna su pri no\u0161enju ruksaka. Zatvara\u010d sprijeda, jedan d\u017eep na prsima, dva bo\u010dna d\u017eepa. Ima detalje \u017eivotinjskog podrijetla.<\/p>\n","protected":false},"excerpt":{"rendered":"<p>Veliki pleteni flis s opu\u0161tenim krojem. G-1000\u00ae oja\u010danje na ramenima, jedan d\u017eep na prsima i dva bo\u010dna d\u017eepa. Proizvedeno bez PFAS-a.<\/p>\n","protected":false},"featured_media":1023610,"template":"","meta":[],"product_brand":[461],"product_cat":[186],"product_tag":[592,481,470,532,508,488,471],"class_list":{"0":"post-1020422","1":"product","2":"type-product","3":"status-publish","4":"has-post-thumbnail","6":"product_brand-singi","7":"product_cat-srednji-slojevi","8":"product_tag-dzemperi-i-pletivo-muski","9":"product_tag-flis","10":"product_tag-muski","11":"product_tag-mid-layer-muski-dzemperi","12":"product_tag-prsluci","13":"product_tag-singi","14":"product_tag-trekking","16":"first","17":"outofstock","18":"shipping-taxable","19":"purchasable","20":"product-type-variable"},"_links":{"self":[{"href":"https:\/\/fjallraven.dev.mortar.tovarnaidej.com\/sl\/wp-json\/wp\/v2\/product\/1020422","targetHints":{"allow":["GET"]}}],"collection":[{"href":"https:\/\/fjallraven.dev.mortar.tovarnaidej.com\/sl\/wp-json\/wp\/v2\/product"}],"about":[{"href":"https:\/\/fjallraven.dev.mortar.tovarnaidej.com\/sl\/wp-json\/wp\/v2\/types\/product"}],"version-history":[{"count":1,"href":"https:\/\/fjallraven.dev.mortar.tovarnaidej.com\/sl\/wp-json\/wp\/v2\/product\/1020422\/revisions"}],"predecessor-version":[{"id":1020439,"href":"https:\/\/fjallraven.dev.mortar.tovarnaidej.com\/sl\/wp-json\/wp\/v2\/product\/1020422\/revisions\/1020439"}],"wp:featuredmedia":[{"embeddable":true,"href":"https:\/\/fjallraven.dev.mortar.tovarnaidej.com\/sl\/wp-json\/wp\/v2\/media\/1023610"}],"wp:attachment":[{"href":"https:\/\/fjallraven.dev.mortar.tovarnaidej.com\/sl\/wp-json\/wp\/v2\/media?parent=1020422"}],"wp:term":[{"taxonomy":"product_brand","embeddable":true,"href":"https:\/\/fjallraven.dev.mortar.tovarnaidej.com\/sl\/wp-json\/wp\/v2\/product_brand?post=1020422"},{"taxonomy":"product_cat","embeddable":true,"href":"https:\/\/fjallraven.dev.mortar.tovarnaidej.com\/sl\/wp-json\/wp\/v2\/product_cat?post=1020422"},{"taxonomy":"product_tag","embeddable":true,"href":"https:\/\/fjallraven.dev.mortar.tovarnaidej.com\/sl\/wp-json\/wp\/v2\/product_tag?post=1020422"}],"curies":[{"name":"wp","href":"https:\/\/api.w.org\/{rel}","templated":true}]}}