{"id":1020451,"date":"2025-11-21T09:28:03","date_gmt":"2025-11-21T09:28:03","guid":{"rendered":"https:\/\/fjallraven.dev.mortar.tovarnaidej.com\/?post_type=product&#038;p=1020451"},"modified":"2025-11-27T12:10:57","modified_gmt":"2025-11-27T12:10:57","slug":"singi-heavy-flannel-shirt-m","status":"publish","type":"product","link":"https:\/\/fjallraven.dev.mortar.tovarnaidej.com\/sl\/izdelek\/singi-heavy-flannel-shirt-m\/","title":{"rendered":"Singi Heavy Flannel Shirt M"},"content":{"rendered":"<p>Ko\u0161ulja dugih rukava za aktivnosti na otvorenom s ovratnikom na kop\u010danje i regularnim krojem. Izra\u0111ena od mekog pamu\u010dnog flanela s G-1000 oja\u010danjima na unutarnjoj strani ovratnika, man\u017eeta rukava i preklopa d\u017eepova. Dva d\u017eepa na prsima s dr\u017ea\u010dima za olovke. Rukavi se mogu zasukati i dr\u017eati na mjestu pomo\u0107u gumba.<\/p>\n","protected":false},"excerpt":{"rendered":"<p>Ko\u0161ulja dugih rukava s ovratnikom na kop\u010danje od mekog pamu\u010dnog flanela. Dva prsna d\u017eepa s preklopima i gumbima na rukavima. Proizvedeno bez PFAS-a.<\/p>\n","protected":false},"featured_media":1023640,"template":"","meta":[],"product_brand":[461],"product_cat":[274],"product_tag":[506,600,529,470,488,471],"class_list":{"0":"post-1020451","1":"product","2":"type-product","3":"status-publish","4":"has-post-thumbnail","6":"product_brand-singi","7":"product_cat-kosulje-i-osnovni-sloj","8":"product_tag-kosulje-dugih-rukava","9":"product_tag-kosulje-muski","10":"product_tag-majice-muski","11":"product_tag-muski","12":"product_tag-singi","13":"product_tag-trekking","15":"first","16":"outofstock","17":"shipping-taxable","18":"purchasable","19":"product-type-variable"},"_links":{"self":[{"href":"https:\/\/fjallraven.dev.mortar.tovarnaidej.com\/sl\/wp-json\/wp\/v2\/product\/1020451","targetHints":{"allow":["GET"]}}],"collection":[{"href":"https:\/\/fjallraven.dev.mortar.tovarnaidej.com\/sl\/wp-json\/wp\/v2\/product"}],"about":[{"href":"https:\/\/fjallraven.dev.mortar.tovarnaidej.com\/sl\/wp-json\/wp\/v2\/types\/product"}],"version-history":[{"count":1,"href":"https:\/\/fjallraven.dev.mortar.tovarnaidej.com\/sl\/wp-json\/wp\/v2\/product\/1020451\/revisions"}],"predecessor-version":[{"id":1020460,"href":"https:\/\/fjallraven.dev.mortar.tovarnaidej.com\/sl\/wp-json\/wp\/v2\/product\/1020451\/revisions\/1020460"}],"wp:featuredmedia":[{"embeddable":true,"href":"https:\/\/fjallraven.dev.mortar.tovarnaidej.com\/sl\/wp-json\/wp\/v2\/media\/1023640"}],"wp:attachment":[{"href":"https:\/\/fjallraven.dev.mortar.tovarnaidej.com\/sl\/wp-json\/wp\/v2\/media?parent=1020451"}],"wp:term":[{"taxonomy":"product_brand","embeddable":true,"href":"https:\/\/fjallraven.dev.mortar.tovarnaidej.com\/sl\/wp-json\/wp\/v2\/product_brand?post=1020451"},{"taxonomy":"product_cat","embeddable":true,"href":"https:\/\/fjallraven.dev.mortar.tovarnaidej.com\/sl\/wp-json\/wp\/v2\/product_cat?post=1020451"},{"taxonomy":"product_tag","embeddable":true,"href":"https:\/\/fjallraven.dev.mortar.tovarnaidej.com\/sl\/wp-json\/wp\/v2\/product_tag?post=1020451"}],"curies":[{"name":"wp","href":"https:\/\/api.w.org\/{rel}","templated":true}]}}