{"id":1020452,"date":"2025-11-21T09:28:03","date_gmt":"2025-11-21T09:28:03","guid":{"rendered":"https:\/\/fjallraven.dev.mortar.tovarnaidej.com\/?post_type=product&#038;p=1020452"},"modified":"2025-11-27T12:10:57","modified_gmt":"2025-11-27T12:10:57","slug":"fjallglim-relaxed-shirt-m","status":"publish","type":"product","link":"https:\/\/fjallraven.dev.mortar.tovarnaidej.com\/sl\/izdelek\/fjallglim-relaxed-shirt-m\/","title":{"rendered":"Fj\u00e4llglim Relaxed Shirt M"},"content":{"rendered":"<p>Lagana, topla trekking ko\u0161ulja s prostranim, opu\u0161tenim krojem. Izra\u0111ena od funkcionalnog poliesterskog flanela koji pru\u017ea izvrsnu izolaciju, odvodi vlagu i brzo se su\u0161i. Idealna ko\u0161ulja za planinarenje i op\u0107enito boravak na otvorenom, bilo kao osnovni sloj ili kao topli srednji sloj koji se nosi preko odje\u0107e. Dva d\u017eepa na prsima, jedan otvoreni, a jedan s patentnim zatvara\u010dem. Imajte na umu da ova ko\u0161ulja ima opu\u0161ten, \u0161irok kroj, tako da je veli\u010dina prostrana &#8211; odaberite veli\u010dinu manju ako \u017eelite normalan kroj.<\/p>\n","protected":false},"excerpt":{"rendered":"<p>Udobna ko\u0161ulja dugih rukava od funkcionalnog poliesterskog flanela, savr\u0161ena za svakodnevni boravak na otvorenom. Proizvedeno bez PFAS-a.<\/p>\n","protected":false},"featured_media":1023647,"template":"","meta":[],"product_brand":[461],"product_cat":[189],"product_tag":[506,600,529,470,488,471],"class_list":{"0":"post-1020452","1":"product","2":"type-product","3":"status-publish","4":"has-post-thumbnail","6":"product_brand-singi","7":"product_cat-kosulje-i-osnovni-sloj","8":"product_tag-kosulje-dugih-rukava","9":"product_tag-kosulje-muski","10":"product_tag-majice-muski","11":"product_tag-muski","12":"product_tag-singi","13":"product_tag-trekking","15":"first","16":"outofstock","17":"shipping-taxable","18":"purchasable","19":"product-type-variable"},"_links":{"self":[{"href":"https:\/\/fjallraven.dev.mortar.tovarnaidej.com\/sl\/wp-json\/wp\/v2\/product\/1020452","targetHints":{"allow":["GET"]}}],"collection":[{"href":"https:\/\/fjallraven.dev.mortar.tovarnaidej.com\/sl\/wp-json\/wp\/v2\/product"}],"about":[{"href":"https:\/\/fjallraven.dev.mortar.tovarnaidej.com\/sl\/wp-json\/wp\/v2\/types\/product"}],"version-history":[{"count":1,"href":"https:\/\/fjallraven.dev.mortar.tovarnaidej.com\/sl\/wp-json\/wp\/v2\/product\/1020452\/revisions"}],"predecessor-version":[{"id":1020465,"href":"https:\/\/fjallraven.dev.mortar.tovarnaidej.com\/sl\/wp-json\/wp\/v2\/product\/1020452\/revisions\/1020465"}],"wp:featuredmedia":[{"embeddable":true,"href":"https:\/\/fjallraven.dev.mortar.tovarnaidej.com\/sl\/wp-json\/wp\/v2\/media\/1023647"}],"wp:attachment":[{"href":"https:\/\/fjallraven.dev.mortar.tovarnaidej.com\/sl\/wp-json\/wp\/v2\/media?parent=1020452"}],"wp:term":[{"taxonomy":"product_brand","embeddable":true,"href":"https:\/\/fjallraven.dev.mortar.tovarnaidej.com\/sl\/wp-json\/wp\/v2\/product_brand?post=1020452"},{"taxonomy":"product_cat","embeddable":true,"href":"https:\/\/fjallraven.dev.mortar.tovarnaidej.com\/sl\/wp-json\/wp\/v2\/product_cat?post=1020452"},{"taxonomy":"product_tag","embeddable":true,"href":"https:\/\/fjallraven.dev.mortar.tovarnaidej.com\/sl\/wp-json\/wp\/v2\/product_tag?post=1020452"}],"curies":[{"name":"wp","href":"https:\/\/api.w.org\/{rel}","templated":true}]}}