{"id":1020453,"date":"2025-11-21T09:28:03","date_gmt":"2025-11-21T09:28:03","guid":{"rendered":"https:\/\/fjallraven.dev.mortar.tovarnaidej.com\/?post_type=product&#038;p=1020453"},"modified":"2025-11-27T12:10:57","modified_gmt":"2025-11-27T12:10:57","slug":"keb-fleece-hoodie-m","status":"publish","type":"product","link":"https:\/\/fjallraven.dev.mortar.tovarnaidej.com\/sl\/izdelek\/keb-fleece-hoodie-m\/","title":{"rendered":"Keb Fleece Hoodie M"},"content":{"rendered":"<p>Flis majica s kapulja\u010dom koja izolira i odvodi vlagu \u2013 savr\u0161ena kao srednji sloj za aktivnosti tijekom cijele godine. Izra\u0111ena od mje\u0161avine recikliranog poliestera i vune iz provjerenih izvora. Oja\u010dana s G-1000 preko ramena za dodatnu izdr\u017eljivost na podru\u010djima visokog habanja.<\/p>\n","protected":false},"excerpt":{"rendered":"<p>Topla flis majica s kapulja\u010dom izra\u0111ena od mje\u0161avine recikliranog poliestera i vune poznatog podrijetla te oja\u010danja od G-1000 materijala. Proizvedeno bez PFAS-a.<\/p>\n","protected":false},"featured_media":1023659,"template":"","meta":[],"product_brand":[89],"product_cat":[186],"product_tag":[592,481,478,470,532,508,471],"class_list":{"0":"post-1020453","1":"product","2":"type-product","3":"status-publish","4":"has-post-thumbnail","6":"product_brand-keb","7":"product_cat-srednji-slojevi","8":"product_tag-dzemperi-i-pletivo-muski","9":"product_tag-flis","10":"product_tag-keb","11":"product_tag-muski","12":"product_tag-mid-layer-muski-dzemperi","13":"product_tag-prsluci","14":"product_tag-trekking","16":"first","17":"outofstock","18":"shipping-taxable","19":"purchasable","20":"product-type-variable"},"_links":{"self":[{"href":"https:\/\/fjallraven.dev.mortar.tovarnaidej.com\/sl\/wp-json\/wp\/v2\/product\/1020453","targetHints":{"allow":["GET"]}}],"collection":[{"href":"https:\/\/fjallraven.dev.mortar.tovarnaidej.com\/sl\/wp-json\/wp\/v2\/product"}],"about":[{"href":"https:\/\/fjallraven.dev.mortar.tovarnaidej.com\/sl\/wp-json\/wp\/v2\/types\/product"}],"version-history":[{"count":1,"href":"https:\/\/fjallraven.dev.mortar.tovarnaidej.com\/sl\/wp-json\/wp\/v2\/product\/1020453\/revisions"}],"predecessor-version":[{"id":1020473,"href":"https:\/\/fjallraven.dev.mortar.tovarnaidej.com\/sl\/wp-json\/wp\/v2\/product\/1020453\/revisions\/1020473"}],"wp:featuredmedia":[{"embeddable":true,"href":"https:\/\/fjallraven.dev.mortar.tovarnaidej.com\/sl\/wp-json\/wp\/v2\/media\/1023659"}],"wp:attachment":[{"href":"https:\/\/fjallraven.dev.mortar.tovarnaidej.com\/sl\/wp-json\/wp\/v2\/media?parent=1020453"}],"wp:term":[{"taxonomy":"product_brand","embeddable":true,"href":"https:\/\/fjallraven.dev.mortar.tovarnaidej.com\/sl\/wp-json\/wp\/v2\/product_brand?post=1020453"},{"taxonomy":"product_cat","embeddable":true,"href":"https:\/\/fjallraven.dev.mortar.tovarnaidej.com\/sl\/wp-json\/wp\/v2\/product_cat?post=1020453"},{"taxonomy":"product_tag","embeddable":true,"href":"https:\/\/fjallraven.dev.mortar.tovarnaidej.com\/sl\/wp-json\/wp\/v2\/product_tag?post=1020453"}],"curies":[{"name":"wp","href":"https:\/\/api.w.org\/{rel}","templated":true}]}}