{"id":1020484,"date":"2025-11-21T09:28:10","date_gmt":"2025-11-21T09:28:10","guid":{"rendered":"https:\/\/fjallraven.dev.mortar.tovarnaidej.com\/?post_type=product&#038;p=1020484"},"modified":"2025-11-27T12:10:56","modified_gmt":"2025-11-27T12:10:56","slug":"skogso-jacket-m","status":"publish","type":"product","link":"https:\/\/fjallraven.dev.mortar.tovarnaidej.com\/sl\/izdelek\/skogso-jacket-m\/","title":{"rendered":"Skogs\u00f6 Jacket M"},"content":{"rendered":"<p>Jakna za aktivnosti na otvorenom do bokova, ne\u0161to du\u017ea straga i s fiksnom, podesivom kapulja\u010dom. Jednako udobna za planinarenje kao i za vo\u017enju biciklom na posao i s posla. Pru\u017ea za\u0161titu od vjetra i laganih pljuskova, a ujedno nudi i dobru ventilaciju, \u0161to zna\u010di da se ne\u0107ete znojiti toliko kao da nosite potpuno vodootpornu odje\u0107u. Izra\u0111ena je od G-1000 Lite materijala i ima G-1000 na ramenima. Dva okomita d\u017eepa na prsima i dva bo\u010dna d\u017eepa, svi skriveni iza preklopa. Dvosmjerni patentni zatvara\u010d sprijeda skriven iza za\u0161titnog preklopa s gumbima na rubu, na sredini prsa i na bradi. Podesivi rub i gumbi na man\u017eetama rukava.<\/p>\n","protected":false},"excerpt":{"rendered":"<p>Jakna za vanjske aktivnosti duljine do bokova izra\u0111ene od G-1000 Lite s kapulja\u010dom te ramenima od G-1000. Dva okomita d\u017eepa na prsima i dva bo\u010dna d\u017eepa. Proizvedeno bez PFAS-a.<\/p>\n","protected":false},"featured_media":1023697,"template":"","meta":[],"product_brand":[460],"product_cat":[217],"product_tag":[479,601,514,602,513,470,480,473],"class_list":{"0":"post-1020484","1":"product","2":"type-product","3":"status-publish","4":"has-post-thumbnail","6":"product_brand-ovik","7":"product_cat-jakne","8":"product_tag-everyday-outdoor","9":"product_tag-muske-jaknem","10":"product_tag-muske-jakne-outdoor","11":"product_tag-muske-shell-jakne","12":"product_tag-muske-jakne-treking","13":"product_tag-muski","14":"product_tag-ovik","15":"product_tag-shell-jakne","17":"first","18":"outofstock","19":"shipping-taxable","20":"purchasable","21":"product-type-variable"},"_links":{"self":[{"href":"https:\/\/fjallraven.dev.mortar.tovarnaidej.com\/sl\/wp-json\/wp\/v2\/product\/1020484","targetHints":{"allow":["GET"]}}],"collection":[{"href":"https:\/\/fjallraven.dev.mortar.tovarnaidej.com\/sl\/wp-json\/wp\/v2\/product"}],"about":[{"href":"https:\/\/fjallraven.dev.mortar.tovarnaidej.com\/sl\/wp-json\/wp\/v2\/types\/product"}],"version-history":[{"count":1,"href":"https:\/\/fjallraven.dev.mortar.tovarnaidej.com\/sl\/wp-json\/wp\/v2\/product\/1020484\/revisions"}],"predecessor-version":[{"id":1020492,"href":"https:\/\/fjallraven.dev.mortar.tovarnaidej.com\/sl\/wp-json\/wp\/v2\/product\/1020484\/revisions\/1020492"}],"wp:featuredmedia":[{"embeddable":true,"href":"https:\/\/fjallraven.dev.mortar.tovarnaidej.com\/sl\/wp-json\/wp\/v2\/media\/1023697"}],"wp:attachment":[{"href":"https:\/\/fjallraven.dev.mortar.tovarnaidej.com\/sl\/wp-json\/wp\/v2\/media?parent=1020484"}],"wp:term":[{"taxonomy":"product_brand","embeddable":true,"href":"https:\/\/fjallraven.dev.mortar.tovarnaidej.com\/sl\/wp-json\/wp\/v2\/product_brand?post=1020484"},{"taxonomy":"product_cat","embeddable":true,"href":"https:\/\/fjallraven.dev.mortar.tovarnaidej.com\/sl\/wp-json\/wp\/v2\/product_cat?post=1020484"},{"taxonomy":"product_tag","embeddable":true,"href":"https:\/\/fjallraven.dev.mortar.tovarnaidej.com\/sl\/wp-json\/wp\/v2\/product_tag?post=1020484"}],"curies":[{"name":"wp","href":"https:\/\/api.w.org\/{rel}","templated":true}]}}