{"id":1020487,"date":"2025-11-21T09:28:11","date_gmt":"2025-11-21T09:28:11","guid":{"rendered":"https:\/\/fjallraven.dev.mortar.tovarnaidej.com\/?post_type=product&#038;p=1020487"},"modified":"2025-11-27T12:10:56","modified_gmt":"2025-11-27T12:10:56","slug":"crowley-pique-shirt-m","status":"publish","type":"product","link":"https:\/\/fjallraven.dev.mortar.tovarnaidej.com\/sl\/izdelek\/crowley-pique-shirt-m\/","title":{"rendered":"Crowley Pique Shirt M"},"content":{"rendered":"<p>Pique ko\u0161ulja kratkih rukava od brzosu\u0161e\u0107eg funkcionalnog materijala koji u\u010dinkovito odvodi vlagu. Savr\u0161ena za znojne planinarske izlete ili putovanja u toplije krajeve. Klasi\u010dan dizajn s niskim ovratnikom i tri gumba sprijeda. Ravan kroj s prorezima sa strane. Tkanina je proizvedena ekolo\u0161ki prihvatljivim postupkom koji prede i boji nit u istom koraku. Za ovaj model to zna\u010di oko 50 posto manje vode i 48 posto manje energije u usporedbi s tradicionalno proizvedenom pike ko\u0161uljom.<\/p>\n","protected":false},"excerpt":{"rendered":"<p>Ko\u0161ulja kratkih rukava od pike tkanine od brzosu\u0161e\u0107eg funkcionalnog materijala. Klasi\u010dan dizajn s niskim ovratnikom i tri gumba sprijeda. Proizvedeno bez PFAS-a.<\/p>\n","protected":false},"featured_media":1023731,"template":"","meta":[],"product_brand":[460],"product_cat":[189],"product_tag":[479,483,539,529,470,480],"class_list":{"0":"post-1020487","1":"product","2":"type-product","3":"status-publish","4":"has-post-thumbnail","6":"product_brand-ovik","7":"product_cat-kosulje-i-osnovni-sloj","8":"product_tag-everyday-outdoor","9":"product_tag-majice-i-majice-dugih-rukava","10":"product_tag-majice-muski-kratke","11":"product_tag-majice-muski","12":"product_tag-muski","13":"product_tag-ovik","15":"first","16":"outofstock","17":"shipping-taxable","18":"purchasable","19":"product-type-variable"},"_links":{"self":[{"href":"https:\/\/fjallraven.dev.mortar.tovarnaidej.com\/sl\/wp-json\/wp\/v2\/product\/1020487","targetHints":{"allow":["GET"]}}],"collection":[{"href":"https:\/\/fjallraven.dev.mortar.tovarnaidej.com\/sl\/wp-json\/wp\/v2\/product"}],"about":[{"href":"https:\/\/fjallraven.dev.mortar.tovarnaidej.com\/sl\/wp-json\/wp\/v2\/types\/product"}],"version-history":[{"count":1,"href":"https:\/\/fjallraven.dev.mortar.tovarnaidej.com\/sl\/wp-json\/wp\/v2\/product\/1020487\/revisions"}],"predecessor-version":[{"id":1020514,"href":"https:\/\/fjallraven.dev.mortar.tovarnaidej.com\/sl\/wp-json\/wp\/v2\/product\/1020487\/revisions\/1020514"}],"wp:featuredmedia":[{"embeddable":true,"href":"https:\/\/fjallraven.dev.mortar.tovarnaidej.com\/sl\/wp-json\/wp\/v2\/media\/1023731"}],"wp:attachment":[{"href":"https:\/\/fjallraven.dev.mortar.tovarnaidej.com\/sl\/wp-json\/wp\/v2\/media?parent=1020487"}],"wp:term":[{"taxonomy":"product_brand","embeddable":true,"href":"https:\/\/fjallraven.dev.mortar.tovarnaidej.com\/sl\/wp-json\/wp\/v2\/product_brand?post=1020487"},{"taxonomy":"product_cat","embeddable":true,"href":"https:\/\/fjallraven.dev.mortar.tovarnaidej.com\/sl\/wp-json\/wp\/v2\/product_cat?post=1020487"},{"taxonomy":"product_tag","embeddable":true,"href":"https:\/\/fjallraven.dev.mortar.tovarnaidej.com\/sl\/wp-json\/wp\/v2\/product_tag?post=1020487"}],"curies":[{"name":"wp","href":"https:\/\/api.w.org\/{rel}","templated":true}]}}