{"id":1020519,"date":"2025-11-21T09:28:19","date_gmt":"2025-11-21T09:28:19","guid":{"rendered":"https:\/\/fjallraven.dev.mortar.tovarnaidej.com\/?post_type=product&#038;p=1020519"},"modified":"2025-11-27T12:10:56","modified_gmt":"2025-11-27T12:10:56","slug":"greenland-jeans-m-reg","status":"publish","type":"product","link":"https:\/\/fjallraven.dev.mortar.tovarnaidej.com\/sl\/izdelek\/greenland-jeans-m-reg\/","title":{"rendered":"Greenland Jeans M Reg"},"content":{"rendered":"<p>Poput traperica, ali s ugra\u0111enom funkcionalno\u0161\u0107u. Greenland Jeans su izdr\u017eljive hla\u010de za svaki dan koje su tako\u0111er dobre za planinarenje ili ribolov. Artikulirana koljena i umetak u preponama pru\u017eaju udobnu slobodu kretanja pri prelasku preko trupaca i kamenja, a d\u017eep na nogavici nudi pohranu za kartu, telefon ili kutiju s ribarskim mamcima. Izdr\u017eljiv, brzosu\u0161e\u0107i G-1000. Regular Fit sa su\u017eenim krojem. Regularna duljina nogavica. 65% reciklirani poliester, 35% organski pamuk. Umetak u preponama za udobnost i slobodu kretanja. Artikulirana koljena. D\u017eep na nogavici s preklopom i gumbom. Dva d\u017eepa za ruke. D\u017eep za kovanice. Dva stra\u017enja d\u017eepa. Otporne na vjetar i vodu. Za\u0161tita od vremenskih uvjeta mo\u017ee se prilagoditi Greenland Waxom.<\/p>\n","protected":false},"excerpt":{"rendered":"<p>Izdr\u017eljive, funkcionalne traperice izra\u0111ene od G-1000 materijala. Udobne za svakodnevni \u017eivot i aktivnosti na otvorenom. Proizvedeno bez PFAS-a.<\/p>\n","protected":false},"featured_media":1023747,"template":"","meta":[],"product_brand":[465],"product_cat":[174],"product_tag":[479,498,469,528,536,470],"class_list":{"0":"post-1020519","1":"product","2":"type-product","3":"status-publish","4":"has-post-thumbnail","6":"product_brand-greenland","7":"product_cat-hlace-i-suknje","8":"product_tag-everyday-outdoor","9":"product_tag-greenland","10":"product_tag-hlace","11":"product_tag-hlace-muski","12":"product_tag-hlace-muski-outdoor","13":"product_tag-muski","15":"first","16":"outofstock","17":"shipping-taxable","18":"purchasable","19":"product-type-variable"},"_links":{"self":[{"href":"https:\/\/fjallraven.dev.mortar.tovarnaidej.com\/sl\/wp-json\/wp\/v2\/product\/1020519","targetHints":{"allow":["GET"]}}],"collection":[{"href":"https:\/\/fjallraven.dev.mortar.tovarnaidej.com\/sl\/wp-json\/wp\/v2\/product"}],"about":[{"href":"https:\/\/fjallraven.dev.mortar.tovarnaidej.com\/sl\/wp-json\/wp\/v2\/types\/product"}],"version-history":[{"count":1,"href":"https:\/\/fjallraven.dev.mortar.tovarnaidej.com\/sl\/wp-json\/wp\/v2\/product\/1020519\/revisions"}],"predecessor-version":[{"id":1020529,"href":"https:\/\/fjallraven.dev.mortar.tovarnaidej.com\/sl\/wp-json\/wp\/v2\/product\/1020519\/revisions\/1020529"}],"wp:featuredmedia":[{"embeddable":true,"href":"https:\/\/fjallraven.dev.mortar.tovarnaidej.com\/sl\/wp-json\/wp\/v2\/media\/1023747"}],"wp:attachment":[{"href":"https:\/\/fjallraven.dev.mortar.tovarnaidej.com\/sl\/wp-json\/wp\/v2\/media?parent=1020519"}],"wp:term":[{"taxonomy":"product_brand","embeddable":true,"href":"https:\/\/fjallraven.dev.mortar.tovarnaidej.com\/sl\/wp-json\/wp\/v2\/product_brand?post=1020519"},{"taxonomy":"product_cat","embeddable":true,"href":"https:\/\/fjallraven.dev.mortar.tovarnaidej.com\/sl\/wp-json\/wp\/v2\/product_cat?post=1020519"},{"taxonomy":"product_tag","embeddable":true,"href":"https:\/\/fjallraven.dev.mortar.tovarnaidej.com\/sl\/wp-json\/wp\/v2\/product_tag?post=1020519"}],"curies":[{"name":"wp","href":"https:\/\/api.w.org\/{rel}","templated":true}]}}