{"id":1020520,"date":"2025-11-21T09:28:19","date_gmt":"2025-11-21T09:28:19","guid":{"rendered":"https:\/\/fjallraven.dev.mortar.tovarnaidej.com\/?post_type=product&#038;p=1020520"},"modified":"2025-11-27T12:10:56","modified_gmt":"2025-11-27T12:10:56","slug":"singi-wool-padded-parka-m","status":"publish","type":"product","link":"https:\/\/fjallraven.dev.mortar.tovarnaidej.com\/sl\/izdelek\/singi-wool-padded-parka-m\/","title":{"rendered":"Singi Wool Padded Parka M"},"content":{"rendered":"<p>Priroda zna najbolje, a prirodna vlakna glavni su izvor topline u Singi Wool Padded Parki, izoliranoj s obnovljivim \u0161vedskim vunenim punjenjem, u suradnji s Lavalan\u00a9. Njena vremensko otporna G-1000 Lite tkanina i dugi kroj \u010dine je savr\u0161enom za vanjske aktivnosti i svakodnevni \u017eivot u jesen i zimu. Mekani vuneni flanel s unutarnje strane dodaje vrhunski osje\u0107aj, a ima i mnogo d\u017eepova za pohranu osnovnih stvari.<\/p>\n","protected":false},"excerpt":{"rendered":"<p>Topla, izdr\u017eljiva zimska parka izra\u0111ena od G-1000 Lite materijala s podstavom od odr\u017eive \u0161vedske vune. Proizvedeno bez PFAS-a.<\/p>\n","protected":false},"featured_media":1023753,"template":"","meta":[],"product_brand":[461],"product_cat":[217],"product_tag":[507,512,603,517,470,488,471],"class_list":{"0":"post-1020520","1":"product","2":"type-product","3":"status-publish","4":"has-post-thumbnail","6":"product_brand-singi","7":"product_cat-jakne","8":"product_tag-jakne-od-vune","9":"product_tag-muske-jakne","10":"product_tag-muske-trekking-jakne","11":"product_tag-muske-jakne-zimske","12":"product_tag-muski","13":"product_tag-singi","14":"product_tag-trekking","16":"first","17":"outofstock","18":"shipping-taxable","19":"purchasable","20":"product-type-variable"},"_links":{"self":[{"href":"https:\/\/fjallraven.dev.mortar.tovarnaidej.com\/sl\/wp-json\/wp\/v2\/product\/1020520","targetHints":{"allow":["GET"]}}],"collection":[{"href":"https:\/\/fjallraven.dev.mortar.tovarnaidej.com\/sl\/wp-json\/wp\/v2\/product"}],"about":[{"href":"https:\/\/fjallraven.dev.mortar.tovarnaidej.com\/sl\/wp-json\/wp\/v2\/types\/product"}],"version-history":[{"count":1,"href":"https:\/\/fjallraven.dev.mortar.tovarnaidej.com\/sl\/wp-json\/wp\/v2\/product\/1020520\/revisions"}],"predecessor-version":[{"id":1020535,"href":"https:\/\/fjallraven.dev.mortar.tovarnaidej.com\/sl\/wp-json\/wp\/v2\/product\/1020520\/revisions\/1020535"}],"wp:featuredmedia":[{"embeddable":true,"href":"https:\/\/fjallraven.dev.mortar.tovarnaidej.com\/sl\/wp-json\/wp\/v2\/media\/1023753"}],"wp:attachment":[{"href":"https:\/\/fjallraven.dev.mortar.tovarnaidej.com\/sl\/wp-json\/wp\/v2\/media?parent=1020520"}],"wp:term":[{"taxonomy":"product_brand","embeddable":true,"href":"https:\/\/fjallraven.dev.mortar.tovarnaidej.com\/sl\/wp-json\/wp\/v2\/product_brand?post=1020520"},{"taxonomy":"product_cat","embeddable":true,"href":"https:\/\/fjallraven.dev.mortar.tovarnaidej.com\/sl\/wp-json\/wp\/v2\/product_cat?post=1020520"},{"taxonomy":"product_tag","embeddable":true,"href":"https:\/\/fjallraven.dev.mortar.tovarnaidej.com\/sl\/wp-json\/wp\/v2\/product_tag?post=1020520"}],"curies":[{"name":"wp","href":"https:\/\/api.w.org\/{rel}","templated":true}]}}