{"id":1020624,"date":"2025-11-21T09:28:42","date_gmt":"2025-11-21T09:28:42","guid":{"rendered":"https:\/\/fjallraven.dev.mortar.tovarnaidej.com\/?post_type=product&#038;p=1020624"},"modified":"2025-11-27T12:10:55","modified_gmt":"2025-11-27T12:10:55","slug":"abisko-tights-w","status":"publish","type":"product","link":"https:\/\/fjallraven.dev.mortar.tovarnaidej.com\/sl\/izdelek\/abisko-tights-w\/","title":{"rendered":"Abisko Tights W"},"content":{"rendered":"<p>Odr\u017eive, udobne i atraktivne \u2013 \u0161to ne voljeti kod na\u0161ih Abisko tajica? Izra\u0111ene od rastezljive tkanine koja odvodi vlagu i recikliranog poliestera, pru\u017eaju siguran i udoban osje\u0107aj koji je dodatno nagla\u0161en visokim strukom. Tako\u0111er smo pozicionirali \u0161avove i dizajnirali d\u017eepove za laskavo pristajanje. Savr\u0161ene za planinarenje i svakodnevni boravak na otvorenom \u2013 duljina 7\/8 lako se kombinira s \u010darapama i planinarskim \u010dizmama.<\/p>\n","protected":false},"excerpt":{"rendered":"<p>Udobne tajice od rastezljive tkanine koja odvodi vlagu. Izvrsne za dnevne planinarenja i svakodnevni boravak na otvorenom. Proizvedeno bez PFAS-a.<\/p>\n","protected":false},"featured_media":1023971,"template":"","meta":[],"product_brand":[458],"product_cat":[174],"product_tag":[472,469,471,489,552,565],"class_list":{"0":"post-1020624","1":"product","2":"type-product","3":"status-publish","4":"has-post-thumbnail","6":"product_brand-abisko","7":"product_cat-hlace-i-suknje","8":"product_tag-abisko","9":"product_tag-hlace","10":"product_tag-trekking","11":"product_tag-zene","12":"product_tag-hlace-zene","13":"product_tag-hlace-zene-treking","15":"first","16":"outofstock","17":"shipping-taxable","18":"purchasable","19":"product-type-variable"},"_links":{"self":[{"href":"https:\/\/fjallraven.dev.mortar.tovarnaidej.com\/sl\/wp-json\/wp\/v2\/product\/1020624","targetHints":{"allow":["GET"]}}],"collection":[{"href":"https:\/\/fjallraven.dev.mortar.tovarnaidej.com\/sl\/wp-json\/wp\/v2\/product"}],"about":[{"href":"https:\/\/fjallraven.dev.mortar.tovarnaidej.com\/sl\/wp-json\/wp\/v2\/types\/product"}],"version-history":[{"count":1,"href":"https:\/\/fjallraven.dev.mortar.tovarnaidej.com\/sl\/wp-json\/wp\/v2\/product\/1020624\/revisions"}],"predecessor-version":[{"id":1020652,"href":"https:\/\/fjallraven.dev.mortar.tovarnaidej.com\/sl\/wp-json\/wp\/v2\/product\/1020624\/revisions\/1020652"}],"wp:featuredmedia":[{"embeddable":true,"href":"https:\/\/fjallraven.dev.mortar.tovarnaidej.com\/sl\/wp-json\/wp\/v2\/media\/1023971"}],"wp:attachment":[{"href":"https:\/\/fjallraven.dev.mortar.tovarnaidej.com\/sl\/wp-json\/wp\/v2\/media?parent=1020624"}],"wp:term":[{"taxonomy":"product_brand","embeddable":true,"href":"https:\/\/fjallraven.dev.mortar.tovarnaidej.com\/sl\/wp-json\/wp\/v2\/product_brand?post=1020624"},{"taxonomy":"product_cat","embeddable":true,"href":"https:\/\/fjallraven.dev.mortar.tovarnaidej.com\/sl\/wp-json\/wp\/v2\/product_cat?post=1020624"},{"taxonomy":"product_tag","embeddable":true,"href":"https:\/\/fjallraven.dev.mortar.tovarnaidej.com\/sl\/wp-json\/wp\/v2\/product_tag?post=1020624"}],"curies":[{"name":"wp","href":"https:\/\/api.w.org\/{rel}","templated":true}]}}