{"id":1020655,"date":"2025-11-21T09:28:50","date_gmt":"2025-11-21T09:28:50","guid":{"rendered":"https:\/\/fjallraven.dev.mortar.tovarnaidej.com\/?post_type=product&#038;p=1020655"},"modified":"2025-11-27T12:10:54","modified_gmt":"2025-11-27T12:10:54","slug":"stina-trousers-w","status":"publish","type":"product","link":"https:\/\/fjallraven.dev.mortar.tovarnaidej.com\/sl\/izdelek\/stina-trousers-w\/","title":{"rendered":"Stina Trousers W"},"content":{"rendered":"<p>Udobne, izdr\u017eljive hla\u010de za vanjske aktivnosti s prethodno oblikovanim, su\u017eenim nogavicama za \u017eene. Glavni materijal je izdr\u017eljiv i pozdan G-1000 Stretch, a sa strane se nalaze \u010detverosmjerno rastezljivi paneli za dodatnu slobodu kretanja. Ne\u0161to vi\u0161i struk s elastikom sa strane osigurava izvrsno pristajanje \u0161irokom rasponu tipova tijela. Klasi\u010dan, jednostavan dizajn, a sada s novim, jo\u0161 inkluzivnijim krojem za pobolj\u0161ano kretanje i udobnost, dostupan u tri duljine: duga, obi\u010dna i kratka.<\/p>\n","protected":false},"excerpt":{"rendered":"<p>Udobne hla\u010de za vanjsku upotrebu s rastezljivim panelima i su\u017eenim nogavicama. Proizvedeno bez PFAS-a.<\/p>\n","protected":false},"featured_media":1023989,"template":"","meta":[],"product_brand":[460],"product_cat":[259],"product_tag":[479,469,480,489,552,566],"class_list":{"0":"post-1020655","1":"product","2":"type-product","3":"status-publish","4":"has-post-thumbnail","6":"product_brand-ovik","7":"product_cat-hlace-i-suknje","8":"product_tag-everyday-outdoor","9":"product_tag-hlace","10":"product_tag-ovik","11":"product_tag-zene","12":"product_tag-hlace-zene","13":"product_tag-hlace-zene-outdoor","15":"first","16":"outofstock","17":"shipping-taxable","18":"purchasable","19":"product-type-variable"},"_links":{"self":[{"href":"https:\/\/fjallraven.dev.mortar.tovarnaidej.com\/sl\/wp-json\/wp\/v2\/product\/1020655","targetHints":{"allow":["GET"]}}],"collection":[{"href":"https:\/\/fjallraven.dev.mortar.tovarnaidej.com\/sl\/wp-json\/wp\/v2\/product"}],"about":[{"href":"https:\/\/fjallraven.dev.mortar.tovarnaidej.com\/sl\/wp-json\/wp\/v2\/types\/product"}],"version-history":[{"count":1,"href":"https:\/\/fjallraven.dev.mortar.tovarnaidej.com\/sl\/wp-json\/wp\/v2\/product\/1020655\/revisions"}],"predecessor-version":[{"id":1020661,"href":"https:\/\/fjallraven.dev.mortar.tovarnaidej.com\/sl\/wp-json\/wp\/v2\/product\/1020655\/revisions\/1020661"}],"wp:featuredmedia":[{"embeddable":true,"href":"https:\/\/fjallraven.dev.mortar.tovarnaidej.com\/sl\/wp-json\/wp\/v2\/media\/1023989"}],"wp:attachment":[{"href":"https:\/\/fjallraven.dev.mortar.tovarnaidej.com\/sl\/wp-json\/wp\/v2\/media?parent=1020655"}],"wp:term":[{"taxonomy":"product_brand","embeddable":true,"href":"https:\/\/fjallraven.dev.mortar.tovarnaidej.com\/sl\/wp-json\/wp\/v2\/product_brand?post=1020655"},{"taxonomy":"product_cat","embeddable":true,"href":"https:\/\/fjallraven.dev.mortar.tovarnaidej.com\/sl\/wp-json\/wp\/v2\/product_cat?post=1020655"},{"taxonomy":"product_tag","embeddable":true,"href":"https:\/\/fjallraven.dev.mortar.tovarnaidej.com\/sl\/wp-json\/wp\/v2\/product_tag?post=1020655"}],"curies":[{"name":"wp","href":"https:\/\/api.w.org\/{rel}","templated":true}]}}