{"id":1020690,"date":"2025-11-21T09:28:57","date_gmt":"2025-11-21T09:28:57","guid":{"rendered":"https:\/\/fjallraven.dev.mortar.tovarnaidej.com\/?post_type=product&#038;p=1020690"},"modified":"2025-11-27T12:10:54","modified_gmt":"2025-11-27T12:10:54","slug":"expedition-pack-down-hoodie-m","status":"publish","type":"product","link":"https:\/\/fjallraven.dev.mortar.tovarnaidej.com\/sl\/izdelek\/expedition-pack-down-hoodie-m\/","title":{"rendered":"Expedition Pack Down Hoodie M"},"content":{"rendered":"<p>Expedition Pack Down Hoodie je lagana, fleksibilna perjana jakna s kapulja\u010dom za zimske aktivnosti. Savr\u0161ena je kao odjevni predmet za poja\u010danje preko ili ispod jakne, a lako se pakira u ruksak &#8211; ili u vlastiti d\u017eep &#8211; kada se ne koristi. Podstavljena je jednim slojem eti\u010dki proizvedenog perja u pro\u0161ivenim kanalima, sa sinteti\u010dkom izolacijom preko ramena za dodatnu otpornost na pritisak i vlagu. Dio je Fj\u00e4llr\u00e4venove Expedition serije s kultnim dizajnom, odr\u017eivo proizvedenim materijalima i visokom pouzdano\u0161\u0107u u hladnim uvjetima.<\/p>\n","protected":false},"excerpt":{"rendered":"<p>Lagana, fleksibilna perjana jakna s kapulja\u010dom za zimske aktivnosti. Proizvedeno bez PFAS-a.<\/p>\n","protected":false},"featured_media":1024055,"template":"","meta":[],"product_brand":[105],"product_cat":[217],"product_tag":[509,512,517,470,477,471],"class_list":{"0":"post-1020690","1":"product","2":"type-product","3":"status-publish","4":"has-post-thumbnail","6":"product_brand-polar","7":"product_cat-jakne","8":"product_tag-jakne-od-perja","9":"product_tag-muske-jakne","10":"product_tag-muske-jakne-zimske","11":"product_tag-muski","12":"product_tag-polar","13":"product_tag-trekking","15":"first","16":"outofstock","17":"shipping-taxable","18":"purchasable","19":"product-type-variable"},"_links":{"self":[{"href":"https:\/\/fjallraven.dev.mortar.tovarnaidej.com\/sl\/wp-json\/wp\/v2\/product\/1020690","targetHints":{"allow":["GET"]}}],"collection":[{"href":"https:\/\/fjallraven.dev.mortar.tovarnaidej.com\/sl\/wp-json\/wp\/v2\/product"}],"about":[{"href":"https:\/\/fjallraven.dev.mortar.tovarnaidej.com\/sl\/wp-json\/wp\/v2\/types\/product"}],"version-history":[{"count":1,"href":"https:\/\/fjallraven.dev.mortar.tovarnaidej.com\/sl\/wp-json\/wp\/v2\/product\/1020690\/revisions"}],"predecessor-version":[{"id":1020717,"href":"https:\/\/fjallraven.dev.mortar.tovarnaidej.com\/sl\/wp-json\/wp\/v2\/product\/1020690\/revisions\/1020717"}],"wp:featuredmedia":[{"embeddable":true,"href":"https:\/\/fjallraven.dev.mortar.tovarnaidej.com\/sl\/wp-json\/wp\/v2\/media\/1024055"}],"wp:attachment":[{"href":"https:\/\/fjallraven.dev.mortar.tovarnaidej.com\/sl\/wp-json\/wp\/v2\/media?parent=1020690"}],"wp:term":[{"taxonomy":"product_brand","embeddable":true,"href":"https:\/\/fjallraven.dev.mortar.tovarnaidej.com\/sl\/wp-json\/wp\/v2\/product_brand?post=1020690"},{"taxonomy":"product_cat","embeddable":true,"href":"https:\/\/fjallraven.dev.mortar.tovarnaidej.com\/sl\/wp-json\/wp\/v2\/product_cat?post=1020690"},{"taxonomy":"product_tag","embeddable":true,"href":"https:\/\/fjallraven.dev.mortar.tovarnaidej.com\/sl\/wp-json\/wp\/v2\/product_tag?post=1020690"}],"curies":[{"name":"wp","href":"https:\/\/api.w.org\/{rel}","templated":true}]}}