{"id":1020753,"date":"2025-11-21T09:29:10","date_gmt":"2025-11-21T09:29:10","guid":{"rendered":"https:\/\/fjallraven.dev.mortar.tovarnaidej.com\/?post_type=product&#038;p=1020753"},"modified":"2025-11-27T12:10:54","modified_gmt":"2025-11-27T12:10:54","slug":"expedition-x-latt-jacket-m","status":"publish","type":"product","link":"https:\/\/fjallraven.dev.mortar.tovarnaidej.com\/sl\/izdelek\/expedition-x-latt-jacket-m\/","title":{"rendered":"Expedition X-L\u00e4tt Jacket M"},"content":{"rendered":"<p>Savr\u0161ena za hladne, aktivne dane kada vam je potrebno malo vi\u0161e topline nego \u0161to mo\u017ee ponuditi shell jakna. Expedition X-L\u00e4tt jakna ima to\u010dno onu koli\u010dinu ultra laganog podstavka koja vam je potrebna da vas ugrije kada vam vlastita tjelesna toplina nije dovoljna. Izra\u0111ena od savitljive tkanine od recikliranog poliamida i savr\u0161ena je kao srednji sloj na hladnim zimskim avanturama ili samostalno na toplim danima.<\/p>\n","protected":false},"excerpt":{"rendered":"<p>Lagana oja\u010dana jakna sa sinteti\u010dkim punjenjem za planinarenje i boravak na otvorenom. Proizvedeno bez PFAS-a.<\/p>\n","protected":false},"featured_media":1024151,"template":"","meta":[],"product_brand":[105],"product_cat":[217],"product_tag":[476,512,513,517,470,477,471],"class_list":{"0":"post-1020753","1":"product","2":"type-product","3":"status-publish","4":"has-post-thumbnail","6":"product_brand-polar","7":"product_cat-jakne","8":"product_tag-jakne-od-sintetike","9":"product_tag-muske-jakne","10":"product_tag-muske-jakne-treking","11":"product_tag-muske-jakne-zimske","12":"product_tag-muski","13":"product_tag-polar","14":"product_tag-trekking","16":"first","17":"outofstock","18":"shipping-taxable","19":"purchasable","20":"product-type-variable"},"_links":{"self":[{"href":"https:\/\/fjallraven.dev.mortar.tovarnaidej.com\/sl\/wp-json\/wp\/v2\/product\/1020753","targetHints":{"allow":["GET"]}}],"collection":[{"href":"https:\/\/fjallraven.dev.mortar.tovarnaidej.com\/sl\/wp-json\/wp\/v2\/product"}],"about":[{"href":"https:\/\/fjallraven.dev.mortar.tovarnaidej.com\/sl\/wp-json\/wp\/v2\/types\/product"}],"version-history":[{"count":1,"href":"https:\/\/fjallraven.dev.mortar.tovarnaidej.com\/sl\/wp-json\/wp\/v2\/product\/1020753\/revisions"}],"predecessor-version":[{"id":1020774,"href":"https:\/\/fjallraven.dev.mortar.tovarnaidej.com\/sl\/wp-json\/wp\/v2\/product\/1020753\/revisions\/1020774"}],"wp:featuredmedia":[{"embeddable":true,"href":"https:\/\/fjallraven.dev.mortar.tovarnaidej.com\/sl\/wp-json\/wp\/v2\/media\/1024151"}],"wp:attachment":[{"href":"https:\/\/fjallraven.dev.mortar.tovarnaidej.com\/sl\/wp-json\/wp\/v2\/media?parent=1020753"}],"wp:term":[{"taxonomy":"product_brand","embeddable":true,"href":"https:\/\/fjallraven.dev.mortar.tovarnaidej.com\/sl\/wp-json\/wp\/v2\/product_brand?post=1020753"},{"taxonomy":"product_cat","embeddable":true,"href":"https:\/\/fjallraven.dev.mortar.tovarnaidej.com\/sl\/wp-json\/wp\/v2\/product_cat?post=1020753"},{"taxonomy":"product_tag","embeddable":true,"href":"https:\/\/fjallraven.dev.mortar.tovarnaidej.com\/sl\/wp-json\/wp\/v2\/product_tag?post=1020753"}],"curies":[{"name":"wp","href":"https:\/\/api.w.org\/{rel}","templated":true}]}}