{"id":1020754,"date":"2025-11-21T09:29:10","date_gmt":"2025-11-21T09:29:10","guid":{"rendered":"https:\/\/fjallraven.dev.mortar.tovarnaidej.com\/?post_type=product&#038;p=1020754"},"modified":"2025-11-27T12:10:54","modified_gmt":"2025-11-27T12:10:54","slug":"keb-agile-trousers-m","status":"publish","type":"product","link":"https:\/\/fjallraven.dev.mortar.tovarnaidej.com\/sl\/izdelek\/keb-agile-trousers-m\/","title":{"rendered":"Keb Agile Trousers M"},"content":{"rendered":"<p>Stvorene da budu va\u0161e omiljene vi\u0161enamjenske trekking hla\u010de u toplijim mjesecima, Keb Agile hla\u010de za mu\u0161karce kombiniraju malu te\u017einu i veliku slobodu kretanja. Izra\u0111ene od izdr\u017eljive, dvostruko tkane rastezljive tkanine koja se brzo su\u0161i i \u0161titi noge od neravnog terena. Dizajn je minimalisti\u010dki s otvorenim d\u017eepovima za ruke i su\u017eenim nogavicama dok su d\u017eepovi na nogavicama i koljenima izra\u0111ena od G-1000 Lite Stretch materijala za dodatnu izdr\u017eljivost. Sada s novim, inkluzivnijim krojem za pobolj\u0161ano kretanje i udobnost. Ako ste ve\u0107 obo\u017eavatelj na\u0161ih hla\u010da, trebali biste naru\u010diti broj ve\u0107i u na\u0161em Improved Fit-u. Ako vam je ovo prvi par hla\u010da, pogledajte na\u0161 Vodi\u010d za veli\u010dine kako biste prona\u0161li svoju odgovaraju\u0107u veli\u010dinu i kroj.<\/p>\n","protected":false},"excerpt":{"rendered":"<p>Lagane, izdr\u017eljive rastezljive hla\u010de za tehni\u010dki trekking. Proizvedene bez PFAS-a.<\/p>\n","protected":false},"featured_media":1024171,"template":"","meta":[],"product_brand":[89],"product_cat":[174],"product_tag":[469,478,528,535,470,471],"class_list":{"0":"post-1020754","1":"product","2":"type-product","3":"status-publish","4":"has-post-thumbnail","6":"product_brand-keb","7":"product_cat-hlace-i-suknje","8":"product_tag-hlace","9":"product_tag-keb","10":"product_tag-hlace-muski","11":"product_tag-muske-trekking-hlace","12":"product_tag-muski","13":"product_tag-trekking","15":"first","16":"outofstock","17":"shipping-taxable","18":"purchasable","19":"product-type-variable"},"_links":{"self":[{"href":"https:\/\/fjallraven.dev.mortar.tovarnaidej.com\/sl\/wp-json\/wp\/v2\/product\/1020754","targetHints":{"allow":["GET"]}}],"collection":[{"href":"https:\/\/fjallraven.dev.mortar.tovarnaidej.com\/sl\/wp-json\/wp\/v2\/product"}],"about":[{"href":"https:\/\/fjallraven.dev.mortar.tovarnaidej.com\/sl\/wp-json\/wp\/v2\/types\/product"}],"version-history":[{"count":1,"href":"https:\/\/fjallraven.dev.mortar.tovarnaidej.com\/sl\/wp-json\/wp\/v2\/product\/1020754\/revisions"}],"predecessor-version":[{"id":1020783,"href":"https:\/\/fjallraven.dev.mortar.tovarnaidej.com\/sl\/wp-json\/wp\/v2\/product\/1020754\/revisions\/1020783"}],"wp:featuredmedia":[{"embeddable":true,"href":"https:\/\/fjallraven.dev.mortar.tovarnaidej.com\/sl\/wp-json\/wp\/v2\/media\/1024171"}],"wp:attachment":[{"href":"https:\/\/fjallraven.dev.mortar.tovarnaidej.com\/sl\/wp-json\/wp\/v2\/media?parent=1020754"}],"wp:term":[{"taxonomy":"product_brand","embeddable":true,"href":"https:\/\/fjallraven.dev.mortar.tovarnaidej.com\/sl\/wp-json\/wp\/v2\/product_brand?post=1020754"},{"taxonomy":"product_cat","embeddable":true,"href":"https:\/\/fjallraven.dev.mortar.tovarnaidej.com\/sl\/wp-json\/wp\/v2\/product_cat?post=1020754"},{"taxonomy":"product_tag","embeddable":true,"href":"https:\/\/fjallraven.dev.mortar.tovarnaidej.com\/sl\/wp-json\/wp\/v2\/product_tag?post=1020754"}],"curies":[{"name":"wp","href":"https:\/\/api.w.org\/{rel}","templated":true}]}}