{"id":1020786,"date":"2025-11-21T09:29:19","date_gmt":"2025-11-21T09:29:19","guid":{"rendered":"https:\/\/fjallraven.dev.mortar.tovarnaidej.com\/?post_type=product&#038;p=1020786"},"modified":"2025-11-27T12:10:53","modified_gmt":"2025-11-27T12:10:53","slug":"vardag-trousers-m","status":"publish","type":"product","link":"https:\/\/fjallraven.dev.mortar.tovarnaidej.com\/sl\/izdelek\/vardag-trousers-m\/","title":{"rendered":"Vardag Trousers M"},"content":{"rendered":"<p>Tehni\u010dki se susre\u0107e s le\u017eerno\u0161\u0107u u ovim udobnim i svestranim hla\u010dama. Tkanina G-1000 Stretch lako se kre\u0107e s vama na vo\u017enji biciklom na posao ili na planinarenju s prijateljima nakon radnog vremena. Tri d\u017eepa s patentnim zatvara\u010dem brinu se za male predmete, a struk ima elasti\u010dnu traku straga za savr\u0161eno pristajanje. Izvrstan, izdr\u017eljiv izbor za svakodnevni \u017eivot na otvorenom. Sada s novim, inkluzivnijim krojem za pobolj\u0161ano kretanje i udobnost. <\/p>\n<p>Ako ste ve\u0107 obo\u017eavatelj na\u0161ih hla\u010da, trebali biste naru\u010diti broj ve\u0107i u na\u0161em pobolj\u0161anom kroju. Ako vam je ovo prvi par hla\u010da, pogledajte na\u0161 Vodi\u010d za veli\u010dine kako biste prona\u0161li svoj najbolji kroj.<\/p>\n","protected":false},"excerpt":{"rendered":"<p>Udobne hla\u010de od G-1000 Stretch materijala, savr\u0161ene za svakodnevne vo\u017enje biciklom i planinarenje. Proizvedene bez PFAS-a.<\/p>\n","protected":false},"featured_media":1024235,"template":"","meta":[],"product_brand":[467],"product_cat":[174],"product_tag":[479,469,528,536,470,503],"class_list":{"0":"post-1020786","1":"product","2":"type-product","3":"status-publish","4":"has-post-thumbnail","6":"product_brand-vardag","7":"product_cat-hlace-i-suknje","8":"product_tag-everyday-outdoor","9":"product_tag-hlace","10":"product_tag-hlace-muski","11":"product_tag-hlace-muski-outdoor","12":"product_tag-muski","13":"product_tag-vardag","15":"first","16":"outofstock","17":"shipping-taxable","18":"purchasable","19":"product-type-variable"},"_links":{"self":[{"href":"https:\/\/fjallraven.dev.mortar.tovarnaidej.com\/sl\/wp-json\/wp\/v2\/product\/1020786","targetHints":{"allow":["GET"]}}],"collection":[{"href":"https:\/\/fjallraven.dev.mortar.tovarnaidej.com\/sl\/wp-json\/wp\/v2\/product"}],"about":[{"href":"https:\/\/fjallraven.dev.mortar.tovarnaidej.com\/sl\/wp-json\/wp\/v2\/types\/product"}],"version-history":[{"count":1,"href":"https:\/\/fjallraven.dev.mortar.tovarnaidej.com\/sl\/wp-json\/wp\/v2\/product\/1020786\/revisions"}],"predecessor-version":[{"id":1020807,"href":"https:\/\/fjallraven.dev.mortar.tovarnaidej.com\/sl\/wp-json\/wp\/v2\/product\/1020786\/revisions\/1020807"}],"wp:featuredmedia":[{"embeddable":true,"href":"https:\/\/fjallraven.dev.mortar.tovarnaidej.com\/sl\/wp-json\/wp\/v2\/media\/1024235"}],"wp:attachment":[{"href":"https:\/\/fjallraven.dev.mortar.tovarnaidej.com\/sl\/wp-json\/wp\/v2\/media?parent=1020786"}],"wp:term":[{"taxonomy":"product_brand","embeddable":true,"href":"https:\/\/fjallraven.dev.mortar.tovarnaidej.com\/sl\/wp-json\/wp\/v2\/product_brand?post=1020786"},{"taxonomy":"product_cat","embeddable":true,"href":"https:\/\/fjallraven.dev.mortar.tovarnaidej.com\/sl\/wp-json\/wp\/v2\/product_cat?post=1020786"},{"taxonomy":"product_tag","embeddable":true,"href":"https:\/\/fjallraven.dev.mortar.tovarnaidej.com\/sl\/wp-json\/wp\/v2\/product_tag?post=1020786"}],"curies":[{"name":"wp","href":"https:\/\/api.w.org\/{rel}","templated":true}]}}