{"id":1020818,"date":"2025-11-21T09:29:26","date_gmt":"2025-11-21T09:29:26","guid":{"rendered":"https:\/\/fjallraven.dev.mortar.tovarnaidej.com\/?post_type=product&#038;p=1020818"},"modified":"2025-11-27T12:10:53","modified_gmt":"2025-11-27T12:10:53","slug":"varmland-wool-jacket-m","status":"publish","type":"product","link":"https:\/\/fjallraven.dev.mortar.tovarnaidej.com\/sl\/izdelek\/varmland-wool-jacket-m\/","title":{"rendered":"V\u00e4rmland Wool Jacket M"},"content":{"rendered":"<p>V\u00e4rmland vunena jakna je topla, za\u0161titna i tiha lova\u010dka jakna izra\u0111ena od fantasti\u010dne tkanine od reciklirane vune u kombinaciji s G-1000 Silent. Savr\u0161ena je za pasivni lov s aktivnim razdobljima, zahvaljuju\u0107i svojstvima vune da regulira temperaturu. Kapulja\u010da se mo\u017ee odvojiti kada se ne koristi. Nekoliko prostranih d\u017eepova, uklju\u010duju\u0107i d\u017eepove za grijanje ruku podstavljene vunom u visini prsa. Izdr\u017eljiva, odr\u017eiva lova\u010dka odje\u0107a za najvi\u0161u razinu udobnosti u hladnim jesenskim danima.<\/p>\n","protected":false},"excerpt":{"rendered":"<p>Izdr\u017eljiva, vremensko otporna lova\u010dka jakna od reciklirane vune i G-1000 Silent materijala. Proizvedeno bez PFAS-a.<\/p>\n","protected":false},"featured_media":1024257,"template":"","meta":[],"product_brand":[468],"product_cat":[217],"product_tag":[474,512,515,517,470,473,510],"class_list":{"0":"post-1020818","1":"product","2":"type-product","3":"status-publish","4":"has-post-thumbnail","6":"product_brand-varmland","7":"product_cat-jakne","8":"product_tag-hunting","9":"product_tag-muske-jakne","10":"product_tag-muske-jakne-lov","11":"product_tag-muske-jakne-zimske","12":"product_tag-muski","13":"product_tag-shell-jakne","14":"product_tag-varmland","16":"first","17":"outofstock","18":"shipping-taxable","19":"purchasable","20":"product-type-variable"},"_links":{"self":[{"href":"https:\/\/fjallraven.dev.mortar.tovarnaidej.com\/sl\/wp-json\/wp\/v2\/product\/1020818","targetHints":{"allow":["GET"]}}],"collection":[{"href":"https:\/\/fjallraven.dev.mortar.tovarnaidej.com\/sl\/wp-json\/wp\/v2\/product"}],"about":[{"href":"https:\/\/fjallraven.dev.mortar.tovarnaidej.com\/sl\/wp-json\/wp\/v2\/types\/product"}],"version-history":[{"count":1,"href":"https:\/\/fjallraven.dev.mortar.tovarnaidej.com\/sl\/wp-json\/wp\/v2\/product\/1020818\/revisions"}],"predecessor-version":[{"id":1020832,"href":"https:\/\/fjallraven.dev.mortar.tovarnaidej.com\/sl\/wp-json\/wp\/v2\/product\/1020818\/revisions\/1020832"}],"wp:featuredmedia":[{"embeddable":true,"href":"https:\/\/fjallraven.dev.mortar.tovarnaidej.com\/sl\/wp-json\/wp\/v2\/media\/1024257"}],"wp:attachment":[{"href":"https:\/\/fjallraven.dev.mortar.tovarnaidej.com\/sl\/wp-json\/wp\/v2\/media?parent=1020818"}],"wp:term":[{"taxonomy":"product_brand","embeddable":true,"href":"https:\/\/fjallraven.dev.mortar.tovarnaidej.com\/sl\/wp-json\/wp\/v2\/product_brand?post=1020818"},{"taxonomy":"product_cat","embeddable":true,"href":"https:\/\/fjallraven.dev.mortar.tovarnaidej.com\/sl\/wp-json\/wp\/v2\/product_cat?post=1020818"},{"taxonomy":"product_tag","embeddable":true,"href":"https:\/\/fjallraven.dev.mortar.tovarnaidej.com\/sl\/wp-json\/wp\/v2\/product_tag?post=1020818"}],"curies":[{"name":"wp","href":"https:\/\/api.w.org\/{rel}","templated":true}]}}