{"id":1020819,"date":"2025-11-21T09:29:26","date_gmt":"2025-11-21T09:29:26","guid":{"rendered":"https:\/\/fjallraven.dev.mortar.tovarnaidej.com\/?post_type=product&#038;p=1020819"},"modified":"2025-11-27T12:10:53","modified_gmt":"2025-11-27T12:10:53","slug":"raven-jacket-m","status":"publish","type":"product","link":"https:\/\/fjallraven.dev.mortar.tovarnaidej.com\/sl\/izdelek\/raven-jacket-m\/","title":{"rendered":"R\u00e4ven Jacket M"},"content":{"rendered":"<p>Izdr\u017eljiva jakna za aktivnosti na otvorenom izra\u0111ena od G-1000 materijala s recikliranim poliesterom i organskim pamukom \u2013 R\u00e4ven jakna prvi je put lansirana 1970-ih \u2013 i od tada je popularan klasik. To je svestrana jakna koja je jednako prikladna za svakodnevnu upotrebu kao i za op\u0107i boravak na otvorenom, s podesivom kapulja\u010dom od HC Lite materijala koja se mo\u017ee smotati i sklopiti u ovratnik za prakti\u010dno spremanje. Ima dvosmjerni patentni zatvara\u010d s preklopom na gumbe, jedan unutarnji d\u017eep na patentni zatvara\u010d i dva velika d\u017eepa na gumbe s mjehuri\u0107ima i dodatnim otvorima sa strane. Pode\u0161avanje vezicom u struku i rubu. R\u00e4ven jakna bit \u0107e vrlo funkcionalna ikona dugi niz godina.<\/p>\n","protected":false},"excerpt":{"rendered":"<p>Izdr\u017eljiva jakna za vanjske aktivnosti, izra\u0111ena od G-1000 materijala s recikliranim poliesterom i organskim pamukom. Proizvedeno bez PFAS-a.<\/p>\n","protected":false},"featured_media":1024274,"template":"","meta":[],"product_brand":[465],"product_cat":[217],"product_tag":[479,498,516,512,514,470,473],"class_list":{"0":"post-1020819","1":"product","2":"type-product","3":"status-publish","4":"has-post-thumbnail","6":"product_brand-greenland","7":"product_cat-jakne","8":"product_tag-everyday-outdoor","9":"product_tag-greenland","10":"product_tag-muske-jakne-shell","11":"product_tag-muske-jakne","12":"product_tag-muske-jakne-outdoor","13":"product_tag-muski","14":"product_tag-shell-jakne","16":"first","17":"outofstock","18":"shipping-taxable","19":"purchasable","20":"product-type-variable"},"_links":{"self":[{"href":"https:\/\/fjallraven.dev.mortar.tovarnaidej.com\/sl\/wp-json\/wp\/v2\/product\/1020819","targetHints":{"allow":["GET"]}}],"collection":[{"href":"https:\/\/fjallraven.dev.mortar.tovarnaidej.com\/sl\/wp-json\/wp\/v2\/product"}],"about":[{"href":"https:\/\/fjallraven.dev.mortar.tovarnaidej.com\/sl\/wp-json\/wp\/v2\/types\/product"}],"version-history":[{"count":1,"href":"https:\/\/fjallraven.dev.mortar.tovarnaidej.com\/sl\/wp-json\/wp\/v2\/product\/1020819\/revisions"}],"predecessor-version":[{"id":1020834,"href":"https:\/\/fjallraven.dev.mortar.tovarnaidej.com\/sl\/wp-json\/wp\/v2\/product\/1020819\/revisions\/1020834"}],"wp:featuredmedia":[{"embeddable":true,"href":"https:\/\/fjallraven.dev.mortar.tovarnaidej.com\/sl\/wp-json\/wp\/v2\/media\/1024274"}],"wp:attachment":[{"href":"https:\/\/fjallraven.dev.mortar.tovarnaidej.com\/sl\/wp-json\/wp\/v2\/media?parent=1020819"}],"wp:term":[{"taxonomy":"product_brand","embeddable":true,"href":"https:\/\/fjallraven.dev.mortar.tovarnaidej.com\/sl\/wp-json\/wp\/v2\/product_brand?post=1020819"},{"taxonomy":"product_cat","embeddable":true,"href":"https:\/\/fjallraven.dev.mortar.tovarnaidej.com\/sl\/wp-json\/wp\/v2\/product_cat?post=1020819"},{"taxonomy":"product_tag","embeddable":true,"href":"https:\/\/fjallraven.dev.mortar.tovarnaidej.com\/sl\/wp-json\/wp\/v2\/product_tag?post=1020819"}],"curies":[{"name":"wp","href":"https:\/\/api.w.org\/{rel}","templated":true}]}}