{"id":1020820,"date":"2025-11-21T09:29:26","date_gmt":"2025-11-21T09:29:26","guid":{"rendered":"https:\/\/fjallraven.dev.mortar.tovarnaidej.com\/?post_type=product&#038;p=1020820"},"modified":"2025-11-27T12:10:53","modified_gmt":"2025-11-27T12:10:53","slug":"hc-hydratic-trail-jacket-m","status":"publish","type":"product","link":"https:\/\/fjallraven.dev.mortar.tovarnaidej.com\/sl\/izdelek\/hc-hydratic-trail-jacket-m\/","title":{"rendered":"HC Hydratic Trail Jacket M"},"content":{"rendered":"<p>Vodootporna, prozra\u010dna Hydratic shell jakna s 2,5 sloja i mehani\u010dkim rastezanjem \u2013 HC Hydratic Trail Jacket M je jednostavna i prakti\u010dna kabanica za svakodnevnu upotrebu koja tako\u0111er dobro funkcionira na stazi. Izra\u0111ena od recikliranog poliestera s PU membranom, ima podesivu kapulja\u010du, otvore za ventilaciju sa strane i dvosmjerni prednji patentni zatvara\u010d s dvostrukim zakop\u010davanjem. Udoban kroj savr\u0161en za slojevito obla\u010denje, d\u017eepove za ruke s patentnim zatvara\u010dem, pode\u0161avanje ruba vezicom, reflektiraju\u0107e detalje na man\u017eetama i tiskani uzorak iznutra.<\/p>\n","protected":false},"excerpt":{"rendered":"<p>Vodootporna, prozra\u010dna 2,5-slojna Hydratic shell jakna s mehani\u010dkim rastezanjem i udobnim krojem. Proizvedeno bez PFAS-a.<\/p>\n","protected":false},"featured_media":1024278,"template":"","meta":[],"product_brand":[466],"product_cat":[217],"product_tag":[479,499,516,512,514,470,473],"class_list":{"0":"post-1020820","1":"product","2":"type-product","3":"status-publish","4":"has-post-thumbnail","6":"product_brand-high-coast","7":"product_cat-jakne","8":"product_tag-everyday-outdoor","9":"product_tag-high-coast","10":"product_tag-muske-jakne-shell","11":"product_tag-muske-jakne","12":"product_tag-muske-jakne-outdoor","13":"product_tag-muski","14":"product_tag-shell-jakne","16":"first","17":"outofstock","18":"shipping-taxable","19":"purchasable","20":"product-type-variable"},"_links":{"self":[{"href":"https:\/\/fjallraven.dev.mortar.tovarnaidej.com\/sl\/wp-json\/wp\/v2\/product\/1020820","targetHints":{"allow":["GET"]}}],"collection":[{"href":"https:\/\/fjallraven.dev.mortar.tovarnaidej.com\/sl\/wp-json\/wp\/v2\/product"}],"about":[{"href":"https:\/\/fjallraven.dev.mortar.tovarnaidej.com\/sl\/wp-json\/wp\/v2\/types\/product"}],"version-history":[{"count":1,"href":"https:\/\/fjallraven.dev.mortar.tovarnaidej.com\/sl\/wp-json\/wp\/v2\/product\/1020820\/revisions"}],"predecessor-version":[{"id":1020839,"href":"https:\/\/fjallraven.dev.mortar.tovarnaidej.com\/sl\/wp-json\/wp\/v2\/product\/1020820\/revisions\/1020839"}],"wp:featuredmedia":[{"embeddable":true,"href":"https:\/\/fjallraven.dev.mortar.tovarnaidej.com\/sl\/wp-json\/wp\/v2\/media\/1024278"}],"wp:attachment":[{"href":"https:\/\/fjallraven.dev.mortar.tovarnaidej.com\/sl\/wp-json\/wp\/v2\/media?parent=1020820"}],"wp:term":[{"taxonomy":"product_brand","embeddable":true,"href":"https:\/\/fjallraven.dev.mortar.tovarnaidej.com\/sl\/wp-json\/wp\/v2\/product_brand?post=1020820"},{"taxonomy":"product_cat","embeddable":true,"href":"https:\/\/fjallraven.dev.mortar.tovarnaidej.com\/sl\/wp-json\/wp\/v2\/product_cat?post=1020820"},{"taxonomy":"product_tag","embeddable":true,"href":"https:\/\/fjallraven.dev.mortar.tovarnaidej.com\/sl\/wp-json\/wp\/v2\/product_tag?post=1020820"}],"curies":[{"name":"wp","href":"https:\/\/api.w.org\/{rel}","templated":true}]}}