{"id":1020821,"date":"2025-11-21T09:29:26","date_gmt":"2025-11-21T09:29:26","guid":{"rendered":"https:\/\/fjallraven.dev.mortar.tovarnaidej.com\/?post_type=product&#038;p=1020821"},"modified":"2025-11-27T12:10:53","modified_gmt":"2025-11-27T12:10:53","slug":"1960-logo-t-shirt-ls-w","status":"publish","type":"product","link":"https:\/\/fjallraven.dev.mortar.tovarnaidej.com\/sl\/izdelek\/1960-logo-t-shirt-ls-w\/","title":{"rendered":"1960 Logo T-shirt LS W"},"content":{"rendered":"<p>Bezvremenska majica kratkih rukava izra\u0111ena od mekog, organskog pamuka. Klasi\u010dni logo 1960 na prsima. Dugi rukavi za za\u0161titu od sunca. Savr\u0161ena za grad ili aktivnosti na otvorenom. Ne\u0161to labaviji, opu\u0161teni kroj.<\/p>\n","protected":false},"excerpt":{"rendered":"<p>Bezvremenska majica izra\u0111ena od mekog, organskog pamuka. Klasi\u010dni logo iz 1960. na prsima. Proizvedeno bez PFAS-a.<\/p>\n","protected":false},"featured_media":1024310,"template":"","meta":[],"product_brand":[460],"product_cat":[189],"product_tag":[479,570,483,480,489,553],"class_list":{"0":"post-1020821","1":"product","2":"type-product","3":"status-publish","4":"has-post-thumbnail","6":"product_brand-ovik","7":"product_cat-kosulje-i-osnovni-sloj","8":"product_tag-everyday-outdoor","9":"product_tag-majice-zene-duge","10":"product_tag-majice-i-majice-dugih-rukava","11":"product_tag-ovik","12":"product_tag-zene","13":"product_tag-majice-zene","15":"first","16":"outofstock","17":"shipping-taxable","18":"purchasable","19":"product-type-variable"},"_links":{"self":[{"href":"https:\/\/fjallraven.dev.mortar.tovarnaidej.com\/sl\/wp-json\/wp\/v2\/product\/1020821","targetHints":{"allow":["GET"]}}],"collection":[{"href":"https:\/\/fjallraven.dev.mortar.tovarnaidej.com\/sl\/wp-json\/wp\/v2\/product"}],"about":[{"href":"https:\/\/fjallraven.dev.mortar.tovarnaidej.com\/sl\/wp-json\/wp\/v2\/types\/product"}],"version-history":[{"count":1,"href":"https:\/\/fjallraven.dev.mortar.tovarnaidej.com\/sl\/wp-json\/wp\/v2\/product\/1020821\/revisions"}],"predecessor-version":[{"id":1020848,"href":"https:\/\/fjallraven.dev.mortar.tovarnaidej.com\/sl\/wp-json\/wp\/v2\/product\/1020821\/revisions\/1020848"}],"wp:featuredmedia":[{"embeddable":true,"href":"https:\/\/fjallraven.dev.mortar.tovarnaidej.com\/sl\/wp-json\/wp\/v2\/media\/1024310"}],"wp:attachment":[{"href":"https:\/\/fjallraven.dev.mortar.tovarnaidej.com\/sl\/wp-json\/wp\/v2\/media?parent=1020821"}],"wp:term":[{"taxonomy":"product_brand","embeddable":true,"href":"https:\/\/fjallraven.dev.mortar.tovarnaidej.com\/sl\/wp-json\/wp\/v2\/product_brand?post=1020821"},{"taxonomy":"product_cat","embeddable":true,"href":"https:\/\/fjallraven.dev.mortar.tovarnaidej.com\/sl\/wp-json\/wp\/v2\/product_cat?post=1020821"},{"taxonomy":"product_tag","embeddable":true,"href":"https:\/\/fjallraven.dev.mortar.tovarnaidej.com\/sl\/wp-json\/wp\/v2\/product_tag?post=1020821"}],"curies":[{"name":"wp","href":"https:\/\/api.w.org\/{rel}","templated":true}]}}