{"id":1020855,"date":"2025-11-21T09:29:35","date_gmt":"2025-11-21T09:29:35","guid":{"rendered":"https:\/\/fjallraven.dev.mortar.tovarnaidej.com\/?post_type=product&#038;p=1020855"},"modified":"2025-11-27T12:10:53","modified_gmt":"2025-11-27T12:10:53","slug":"greenland-no-1-down-jacket-m","status":"publish","type":"product","link":"https:\/\/fjallraven.dev.mortar.tovarnaidej.com\/sl\/izdelek\/greenland-no-1-down-jacket-m\/","title":{"rendered":"Greenland No. 1 Down Jacket M"},"content":{"rendered":"<p>Fj\u00e4llr\u00e4venova najklasi\u010dnija jakna \u2013 ovdje u jesensko\/zimskoj verziji s visokokvalitetnim, eti\u010dki proizvedenim perjem koje grije kada temperatura padne. Dizajn se temelji na originalnoj Greenland jakni iz 1968., ali ova verzija ima ko\u017ene detalje na kapulja\u010di i rukavima, plus podstavu od recikliranog poliestera koja dodatno ja\u010da profil odr\u017eivosti ve\u0107 odr\u017eivo proizvedene jakne. S vanjskim dijelom od izdr\u017eljivog G-1000, spremna je za mnogo godina provedenih u prirodi.<\/p>\n","protected":false},"excerpt":{"rendered":"<p>Klasi\u010dni Fj\u00e4llr\u00e4ven model s perjem za svakodnevne izlete u hladnijim mjesecima. Proizvedeno bez PFAS-a.<\/p>\n","protected":false},"featured_media":1024340,"template":"","meta":[],"product_brand":[465],"product_cat":[217],"product_tag":[479,498,509,512,514,519,517,470],"class_list":{"0":"post-1020855","1":"product","2":"type-product","3":"status-publish","4":"has-post-thumbnail","6":"product_brand-greenland","7":"product_cat-jakne","8":"product_tag-everyday-outdoor","9":"product_tag-greenland","10":"product_tag-jakne-od-perja","11":"product_tag-muske-jakne","12":"product_tag-muske-jakne-outdoor","13":"product_tag-muske-jakne-perjene","14":"product_tag-muske-jakne-zimske","15":"product_tag-muski","17":"first","18":"outofstock","19":"shipping-taxable","20":"purchasable","21":"product-type-variable"},"_links":{"self":[{"href":"https:\/\/fjallraven.dev.mortar.tovarnaidej.com\/sl\/wp-json\/wp\/v2\/product\/1020855","targetHints":{"allow":["GET"]}}],"collection":[{"href":"https:\/\/fjallraven.dev.mortar.tovarnaidej.com\/sl\/wp-json\/wp\/v2\/product"}],"about":[{"href":"https:\/\/fjallraven.dev.mortar.tovarnaidej.com\/sl\/wp-json\/wp\/v2\/types\/product"}],"version-history":[{"count":1,"href":"https:\/\/fjallraven.dev.mortar.tovarnaidej.com\/sl\/wp-json\/wp\/v2\/product\/1020855\/revisions"}],"predecessor-version":[{"id":1020884,"href":"https:\/\/fjallraven.dev.mortar.tovarnaidej.com\/sl\/wp-json\/wp\/v2\/product\/1020855\/revisions\/1020884"}],"wp:featuredmedia":[{"embeddable":true,"href":"https:\/\/fjallraven.dev.mortar.tovarnaidej.com\/sl\/wp-json\/wp\/v2\/media\/1024340"}],"wp:attachment":[{"href":"https:\/\/fjallraven.dev.mortar.tovarnaidej.com\/sl\/wp-json\/wp\/v2\/media?parent=1020855"}],"wp:term":[{"taxonomy":"product_brand","embeddable":true,"href":"https:\/\/fjallraven.dev.mortar.tovarnaidej.com\/sl\/wp-json\/wp\/v2\/product_brand?post=1020855"},{"taxonomy":"product_cat","embeddable":true,"href":"https:\/\/fjallraven.dev.mortar.tovarnaidej.com\/sl\/wp-json\/wp\/v2\/product_cat?post=1020855"},{"taxonomy":"product_tag","embeddable":true,"href":"https:\/\/fjallraven.dev.mortar.tovarnaidej.com\/sl\/wp-json\/wp\/v2\/product_tag?post=1020855"}],"curies":[{"name":"wp","href":"https:\/\/api.w.org\/{rel}","templated":true}]}}