{"id":1020886,"date":"2025-11-21T09:29:43","date_gmt":"2025-11-21T09:29:43","guid":{"rendered":"https:\/\/fjallraven.dev.mortar.tovarnaidej.com\/?post_type=product&#038;p=1020886"},"modified":"2025-11-27T12:10:53","modified_gmt":"2025-11-27T12:10:53","slug":"vardag-dungaree-trousers-w","status":"publish","type":"product","link":"https:\/\/fjallraven.dev.mortar.tovarnaidej.com\/sl\/izdelek\/vardag-dungaree-trousers-w\/","title":{"rendered":"Vardag Dungaree Trousers W"},"content":{"rendered":"<p>Klasi\u010dne traperice za aktivan \u017eivot proveden u blizini prirode. Izra\u0111ene od izdr\u017eljive, udobne G-1000 tkanine s mehani\u010dkim rastezanjem koja vam omogu\u0107uje slobodno kretanje bez upotrebe elastana. Veliki d\u017eep na prednjoj strani podbradnika, plus d\u017eepovi za ruke i stra\u017enji d\u017eepovi. Dvostruki slojevi tkanine preko koljena za dodatnu izdr\u017eljivost. Krajevi nogavica neobra\u0111ene duljine koji se lako mogu prilagoditi Va\u0161oj visini.<\/p>\n","protected":false},"excerpt":{"rendered":"<p>Udobne, izdr\u017eljive traperice izra\u0111ene od G-1000 Stretch materijala. Proizvedene bez PFAS-a.<\/p>\n","protected":false},"featured_media":1024352,"template":"","meta":[],"product_brand":[467],"product_cat":[259],"product_tag":[479,469,503,489,552,566],"class_list":{"0":"post-1020886","1":"product","2":"type-product","3":"status-publish","4":"has-post-thumbnail","6":"product_brand-vardag","7":"product_cat-hlace-i-suknje","8":"product_tag-everyday-outdoor","9":"product_tag-hlace","10":"product_tag-vardag","11":"product_tag-zene","12":"product_tag-hlace-zene","13":"product_tag-hlace-zene-outdoor","15":"first","16":"outofstock","17":"shipping-taxable","18":"purchasable","19":"product-type-variable"},"_links":{"self":[{"href":"https:\/\/fjallraven.dev.mortar.tovarnaidej.com\/sl\/wp-json\/wp\/v2\/product\/1020886","targetHints":{"allow":["GET"]}}],"collection":[{"href":"https:\/\/fjallraven.dev.mortar.tovarnaidej.com\/sl\/wp-json\/wp\/v2\/product"}],"about":[{"href":"https:\/\/fjallraven.dev.mortar.tovarnaidej.com\/sl\/wp-json\/wp\/v2\/types\/product"}],"version-history":[{"count":1,"href":"https:\/\/fjallraven.dev.mortar.tovarnaidej.com\/sl\/wp-json\/wp\/v2\/product\/1020886\/revisions"}],"predecessor-version":[{"id":1020899,"href":"https:\/\/fjallraven.dev.mortar.tovarnaidej.com\/sl\/wp-json\/wp\/v2\/product\/1020886\/revisions\/1020899"}],"wp:featuredmedia":[{"embeddable":true,"href":"https:\/\/fjallraven.dev.mortar.tovarnaidej.com\/sl\/wp-json\/wp\/v2\/media\/1024352"}],"wp:attachment":[{"href":"https:\/\/fjallraven.dev.mortar.tovarnaidej.com\/sl\/wp-json\/wp\/v2\/media?parent=1020886"}],"wp:term":[{"taxonomy":"product_brand","embeddable":true,"href":"https:\/\/fjallraven.dev.mortar.tovarnaidej.com\/sl\/wp-json\/wp\/v2\/product_brand?post=1020886"},{"taxonomy":"product_cat","embeddable":true,"href":"https:\/\/fjallraven.dev.mortar.tovarnaidej.com\/sl\/wp-json\/wp\/v2\/product_cat?post=1020886"},{"taxonomy":"product_tag","embeddable":true,"href":"https:\/\/fjallraven.dev.mortar.tovarnaidej.com\/sl\/wp-json\/wp\/v2\/product_tag?post=1020886"}],"curies":[{"name":"wp","href":"https:\/\/api.w.org\/{rel}","templated":true}]}}