{"id":1020887,"date":"2025-11-21T09:29:43","date_gmt":"2025-11-21T09:29:43","guid":{"rendered":"https:\/\/fjallraven.dev.mortar.tovarnaidej.com\/?post_type=product&#038;p=1020887"},"modified":"2025-11-27T12:10:53","modified_gmt":"2025-11-27T12:10:53","slug":"ovik-roller-neck-sweater-m","status":"publish","type":"product","link":"https:\/\/fjallraven.dev.mortar.tovarnaidej.com\/sl\/izdelek\/ovik-roller-neck-sweater-m\/","title":{"rendered":"\u00d6vik Roller Neck Sweater M"},"content":{"rendered":"<p>Udoban, topli d\u017eemper od rasko\u0161nog pletenja poput kardigana koji dobro izolira, rastezljiv je i lagan za kretanje. Izra\u0111en od mekane, eti\u010dki proizvedene vune s visokim, toplim rol ovratnikom koji \u0107e vas grijati kada zapu\u0161e jesenski vjetrovi. Izvrstan tijekom cijele godine za ribolov, lov ili poslove na otvorenom oko kolibe.<\/p>\n","protected":false},"excerpt":{"rendered":"<p>Udoban d\u017eemper s rol ovratnikom od mekane, tople vune. Proizvedeno bez PFAS-a.<\/p>\n","protected":false},"featured_media":1024366,"template":"","meta":[],"product_brand":[460],"product_cat":[263],"product_tag":[592,482,479,470,533,480,508],"class_list":{"0":"post-1020887","1":"product","2":"type-product","3":"status-publish","4":"has-post-thumbnail","6":"product_brand-ovik","7":"product_cat-srednji-slojevi","8":"product_tag-dzemperi-i-pletivo-muski","9":"product_tag-dzemperi-i-vuna","10":"product_tag-everyday-outdoor","11":"product_tag-muski","12":"product_tag-mid-layer-muski-pletivo","13":"product_tag-ovik","14":"product_tag-prsluci","16":"first","17":"outofstock","18":"shipping-taxable","19":"purchasable","20":"product-type-variable"},"_links":{"self":[{"href":"https:\/\/fjallraven.dev.mortar.tovarnaidej.com\/sl\/wp-json\/wp\/v2\/product\/1020887","targetHints":{"allow":["GET"]}}],"collection":[{"href":"https:\/\/fjallraven.dev.mortar.tovarnaidej.com\/sl\/wp-json\/wp\/v2\/product"}],"about":[{"href":"https:\/\/fjallraven.dev.mortar.tovarnaidej.com\/sl\/wp-json\/wp\/v2\/types\/product"}],"version-history":[{"count":1,"href":"https:\/\/fjallraven.dev.mortar.tovarnaidej.com\/sl\/wp-json\/wp\/v2\/product\/1020887\/revisions"}],"predecessor-version":[{"id":1020904,"href":"https:\/\/fjallraven.dev.mortar.tovarnaidej.com\/sl\/wp-json\/wp\/v2\/product\/1020887\/revisions\/1020904"}],"wp:featuredmedia":[{"embeddable":true,"href":"https:\/\/fjallraven.dev.mortar.tovarnaidej.com\/sl\/wp-json\/wp\/v2\/media\/1024366"}],"wp:attachment":[{"href":"https:\/\/fjallraven.dev.mortar.tovarnaidej.com\/sl\/wp-json\/wp\/v2\/media?parent=1020887"}],"wp:term":[{"taxonomy":"product_brand","embeddable":true,"href":"https:\/\/fjallraven.dev.mortar.tovarnaidej.com\/sl\/wp-json\/wp\/v2\/product_brand?post=1020887"},{"taxonomy":"product_cat","embeddable":true,"href":"https:\/\/fjallraven.dev.mortar.tovarnaidej.com\/sl\/wp-json\/wp\/v2\/product_cat?post=1020887"},{"taxonomy":"product_tag","embeddable":true,"href":"https:\/\/fjallraven.dev.mortar.tovarnaidej.com\/sl\/wp-json\/wp\/v2\/product_tag?post=1020887"}],"curies":[{"name":"wp","href":"https:\/\/api.w.org\/{rel}","templated":true}]}}