{"id":1020888,"date":"2025-11-21T09:29:44","date_gmt":"2025-11-21T09:29:44","guid":{"rendered":"https:\/\/fjallraven.dev.mortar.tovarnaidej.com\/?post_type=product&#038;p=1020888"},"modified":"2025-11-27T12:10:52","modified_gmt":"2025-11-27T12:10:52","slug":"vardag-pile-fleece-vest-m","status":"publish","type":"product","link":"https:\/\/fjallraven.dev.mortar.tovarnaidej.com\/sl\/izdelek\/vardag-pile-fleece-vest-m\/","title":{"rendered":"Vardag Pile Fleece Vest M"},"content":{"rendered":"<p>Udoban, topao prsluk od prekrasnog, debelog flisa. Izra\u0111en od recikliranog poliestera sa strukturiranom vanjskom stranom i podlogom od \u017eerseja. D\u017eepovi za ruke s patentnim zatvara\u010dem i d\u017eep na prsima s gumbima od G-1000 materijala u kontrastnoj boji. Prostran kroj koji omogu\u0107uje izolacijske slojeve ispod. Izvrstan na majici ili d\u017eemperu za odr\u017eavanje topline u trbuhu.<\/p>\n","protected":false},"excerpt":{"rendered":"<p>Udoban, topao prsluk od prekrasnog, debelog flisa. Proizvedeno bez PFAS-a.<\/p>\n","protected":false},"featured_media":1024370,"template":"","meta":[],"product_brand":[467],"product_cat":[263],"product_tag":[592,479,481,470,532,508,503],"class_list":{"0":"post-1020888","1":"product","2":"type-product","3":"status-publish","4":"has-post-thumbnail","6":"product_brand-vardag","7":"product_cat-srednji-slojevi","8":"product_tag-dzemperi-i-pletivo-muski","9":"product_tag-everyday-outdoor","10":"product_tag-flis","11":"product_tag-muski","12":"product_tag-mid-layer-muski-dzemperi","13":"product_tag-prsluci","14":"product_tag-vardag","16":"first","17":"outofstock","18":"shipping-taxable","19":"purchasable","20":"product-type-variable"},"_links":{"self":[{"href":"https:\/\/fjallraven.dev.mortar.tovarnaidej.com\/sl\/wp-json\/wp\/v2\/product\/1020888","targetHints":{"allow":["GET"]}}],"collection":[{"href":"https:\/\/fjallraven.dev.mortar.tovarnaidej.com\/sl\/wp-json\/wp\/v2\/product"}],"about":[{"href":"https:\/\/fjallraven.dev.mortar.tovarnaidej.com\/sl\/wp-json\/wp\/v2\/types\/product"}],"version-history":[{"count":1,"href":"https:\/\/fjallraven.dev.mortar.tovarnaidej.com\/sl\/wp-json\/wp\/v2\/product\/1020888\/revisions"}],"predecessor-version":[{"id":1020908,"href":"https:\/\/fjallraven.dev.mortar.tovarnaidej.com\/sl\/wp-json\/wp\/v2\/product\/1020888\/revisions\/1020908"}],"wp:featuredmedia":[{"embeddable":true,"href":"https:\/\/fjallraven.dev.mortar.tovarnaidej.com\/sl\/wp-json\/wp\/v2\/media\/1024370"}],"wp:attachment":[{"href":"https:\/\/fjallraven.dev.mortar.tovarnaidej.com\/sl\/wp-json\/wp\/v2\/media?parent=1020888"}],"wp:term":[{"taxonomy":"product_brand","embeddable":true,"href":"https:\/\/fjallraven.dev.mortar.tovarnaidej.com\/sl\/wp-json\/wp\/v2\/product_brand?post=1020888"},{"taxonomy":"product_cat","embeddable":true,"href":"https:\/\/fjallraven.dev.mortar.tovarnaidej.com\/sl\/wp-json\/wp\/v2\/product_cat?post=1020888"},{"taxonomy":"product_tag","embeddable":true,"href":"https:\/\/fjallraven.dev.mortar.tovarnaidej.com\/sl\/wp-json\/wp\/v2\/product_tag?post=1020888"}],"curies":[{"name":"wp","href":"https:\/\/api.w.org\/{rel}","templated":true}]}}