{"id":1020889,"date":"2025-11-21T09:29:44","date_gmt":"2025-11-21T09:29:44","guid":{"rendered":"https:\/\/fjallraven.dev.mortar.tovarnaidej.com\/?post_type=product&#038;p=1020889"},"modified":"2025-11-27T12:10:52","modified_gmt":"2025-11-27T12:10:52","slug":"vardag-sweater-w","status":"publish","type":"product","link":"https:\/\/fjallraven.dev.mortar.tovarnaidej.com\/sl\/izdelek\/vardag-sweater-w\/","title":{"rendered":"Vardag Sweater W"},"content":{"rendered":"<p>Vardag na \u0161vedskom zna\u010di radni dan, a ovaj d\u017eemper ima sve \u0161to tra\u017eite u omiljenom odjevnom predmetu za svaki dan. Bezvremenski dizajn s okruglim izrezom, rebrastim man\u017eetama i rubom te klasi\u010dnim Fj\u00e4llr\u00e4ven logotipom na prsima. Izra\u0111en od udobnog organskog pamu\u010dnog \u017eerseja s pletenom unutarnjom stranom, savr\u0161en je za no\u0161enje u gradu i vikend izlascima.<\/p>\n","protected":false},"excerpt":{"rendered":"<p>Klasi\u010dni pulover dugih rukava od organskog pamuka za svakodnevni \u017eivot i aktivnosti na otvorenom. Proizvedeno bez PFAS-a.<\/p>\n","protected":false},"featured_media":1024372,"template":"","meta":[],"product_brand":[467],"product_cat":[263],"product_tag":[595,482,479,503,489,562,564],"class_list":{"0":"post-1020889","1":"product","2":"type-product","3":"status-publish","4":"has-post-thumbnail","6":"product_brand-vardag","7":"product_cat-srednji-slojevi","8":"product_tag-dzemperi-i-pletivo","9":"product_tag-dzemperi-i-vuna","10":"product_tag-everyday-outdoor","11":"product_tag-vardag","12":"product_tag-zene","13":"product_tag-mid-layer-zene-dzemperi","14":"product_tag-mid-layer-zene-prsluci","16":"first","17":"outofstock","18":"shipping-taxable","19":"purchasable","20":"product-type-variable"},"_links":{"self":[{"href":"https:\/\/fjallraven.dev.mortar.tovarnaidej.com\/sl\/wp-json\/wp\/v2\/product\/1020889","targetHints":{"allow":["GET"]}}],"collection":[{"href":"https:\/\/fjallraven.dev.mortar.tovarnaidej.com\/sl\/wp-json\/wp\/v2\/product"}],"about":[{"href":"https:\/\/fjallraven.dev.mortar.tovarnaidej.com\/sl\/wp-json\/wp\/v2\/types\/product"}],"version-history":[{"count":1,"href":"https:\/\/fjallraven.dev.mortar.tovarnaidej.com\/sl\/wp-json\/wp\/v2\/product\/1020889\/revisions"}],"predecessor-version":[{"id":1020913,"href":"https:\/\/fjallraven.dev.mortar.tovarnaidej.com\/sl\/wp-json\/wp\/v2\/product\/1020889\/revisions\/1020913"}],"wp:featuredmedia":[{"embeddable":true,"href":"https:\/\/fjallraven.dev.mortar.tovarnaidej.com\/sl\/wp-json\/wp\/v2\/media\/1024372"}],"wp:attachment":[{"href":"https:\/\/fjallraven.dev.mortar.tovarnaidej.com\/sl\/wp-json\/wp\/v2\/media?parent=1020889"}],"wp:term":[{"taxonomy":"product_brand","embeddable":true,"href":"https:\/\/fjallraven.dev.mortar.tovarnaidej.com\/sl\/wp-json\/wp\/v2\/product_brand?post=1020889"},{"taxonomy":"product_cat","embeddable":true,"href":"https:\/\/fjallraven.dev.mortar.tovarnaidej.com\/sl\/wp-json\/wp\/v2\/product_cat?post=1020889"},{"taxonomy":"product_tag","embeddable":true,"href":"https:\/\/fjallraven.dev.mortar.tovarnaidej.com\/sl\/wp-json\/wp\/v2\/product_tag?post=1020889"}],"curies":[{"name":"wp","href":"https:\/\/api.w.org\/{rel}","templated":true}]}}